{"id":26783,"date":"2018-06-19T12:04:09","date_gmt":"2018-06-19T11:04:09","guid":{"rendered":"https:\/\/www.diotrol.com\/my-account\/"},"modified":"2024-06-03T09:56:30","modified_gmt":"2024-06-03T08:56:30","slug":"my-account","status":"publish","type":"page","link":"https:\/\/www.diotrol.com\/de\/my-account\/","title":{"rendered":"Mein Konto"},"content":{"rendered":"\t\t<div data-elementor-type=\"wp-page\" data-elementor-id=\"26783\" class=\"elementor elementor-26783 elementor-99\" data-elementor-post-type=\"page\">\n\t\t\t\t<div class=\"elementor-element elementor-element-44f9512 e-flex e-con-boxed e-con e-parent\" data-id=\"44f9512\" data-element_type=\"container\" data-e-type=\"container\" data-settings=\"{&quot;background_background&quot;:&quot;classic&quot;}\">\n\t\t\t\t\t<div class=\"e-con-inner\">\n\t\t<div class=\"elementor-element elementor-element-7aadddf e-con-full e-flex e-con e-child\" data-id=\"7aadddf\" data-element_type=\"container\" data-e-type=\"container\" data-settings=\"{&quot;background_background&quot;:&quot;classic&quot;}\">\n\t\t\t\t<div class=\"elementor-element elementor-element-4d06984c elementor-widget elementor-widget-shortcode\" data-id=\"4d06984c\" data-element_type=\"widget\" data-e-type=\"widget\" data-widget_type=\"shortcode.default\">\n\t\t\t\t<div class=\"elementor-widget-container\">\n\t\t\t\t\t\t\t<div class=\"elementor-shortcode\">\n\t\t\t\t<div class=\"woocommerce\"><\/div>\t\t<\/div>\n\t\t\t\t\t\t<\/div>\n\t\t\t\t<\/div>\n\t\t\t\t<div class=\"elementor-element elementor-element-435ea92 elementor-widget elementor-widget-heading\" data-id=\"435ea92\" data-element_type=\"widget\" data-e-type=\"widget\" data-widget_type=\"heading.default\">\n\t\t\t\t<div class=\"elementor-widget-container\">\n\t\t\t\t\t<h5 class=\"elementor-heading-title elementor-size-default\">Darum lohnt sich ein Kundenkonto f\u00fcr Sie:\n<\/h5>\t\t\t\t<\/div>\n\t\t\t\t<\/div>\n\t\t\t\t<div class=\"elementor-element elementor-element-fa2e277 elementor-icon-list--layout-traditional elementor-list-item-link-full_width elementor-widget elementor-widget-icon-list\" data-id=\"fa2e277\" data-element_type=\"widget\" data-e-type=\"widget\" data-widget_type=\"icon-list.default\">\n\t\t\t\t<div class=\"elementor-widget-container\">\n\t\t\t\t\t\t\t<ul class=\"elementor-icon-list-items\">\n\t\t\t\t\t\t\t<li class=\"elementor-icon-list-item\">\n\t\t\t\t\t\t\t\t\t\t\t<span class=\"elementor-icon-list-icon\">\n\t\t\t\t\t\t\t<svg aria-hidden=\"true\" class=\"e-font-icon-svg e-fas-check\" viewBox=\"0 0 512 512\" xmlns=\"http:\/\/www.w3.org\/2000\/svg\"><path d=\"M173.898 439.404l-166.4-166.4c-9.997-9.997-9.997-26.206 0-36.204l36.203-36.204c9.997-9.998 26.207-9.998 36.204 0L192 312.69 432.095 72.596c9.997-9.997 26.207-9.997 36.204 0l36.203 36.204c9.997 9.997 9.997 26.206 0 36.204l-294.4 294.401c-9.998 9.997-26.207 9.997-36.204-.001z\"><\/path><\/svg>\t\t\t\t\t\t<\/span>\n\t\t\t\t\t\t\t\t\t\t<span class=\"elementor-icon-list-text\">Speichern Sie Ihre Daten &amp; Sparen Sie Zeit<\/span>\n\t\t\t\t\t\t\t\t\t<\/li>\n\t\t\t\t\t\t\t\t<li class=\"elementor-icon-list-item\">\n\t\t\t\t\t\t\t\t\t\t\t<span class=\"elementor-icon-list-icon\">\n\t\t\t\t\t\t\t<svg aria-hidden=\"true\" class=\"e-font-icon-svg e-fas-check\" viewBox=\"0 0 512 512\" xmlns=\"http:\/\/www.w3.org\/2000\/svg\"><path d=\"M173.898 439.404l-166.4-166.4c-9.997-9.997-9.997-26.206 0-36.204l36.203-36.204c9.997-9.998 26.207-9.998 36.204 0L192 312.69 432.095 72.596c9.997-9.997 26.207-9.997 36.204 0l36.203 36.204c9.997 9.997 9.997 26.206 0 36.204l-294.4 294.401c-9.998 9.997-26.207 9.997-36.204-.001z\"><\/path><\/svg>\t\t\t\t\t\t<\/span>\n\t\t\t\t\t\t\t\t\t\t<span class=\"elementor-icon-list-text\">Individuelle Angebote in Ihrem Kundenkonto<\/span>\n\t\t\t\t\t\t\t\t\t<\/li>\n\t\t\t\t\t\t\t\t<li class=\"elementor-icon-list-item\">\n\t\t\t\t\t\t\t\t\t\t\t<span class=\"elementor-icon-list-icon\">\n\t\t\t\t\t\t\t<svg aria-hidden=\"true\" class=\"e-font-icon-svg e-fas-check\" viewBox=\"0 0 512 512\" xmlns=\"http:\/\/www.w3.org\/2000\/svg\"><path d=\"M173.898 439.404l-166.4-166.4c-9.997-9.997-9.997-26.206 0-36.204l36.203-36.204c9.997-9.998 26.207-9.998 36.204 0L192 312.69 432.095 72.596c9.997-9.997 26.207-9.997 36.204 0l36.203 36.204c9.997 9.997 9.997 26.206 0 36.204l-294.4 294.401c-9.998 9.997-26.207 9.997-36.204-.001z\"><\/path><\/svg>\t\t\t\t\t\t<\/span>\n\t\t\t\t\t\t\t\t\t\t<span class=\"elementor-icon-list-text\">Schnellbestellformular f\u00fcr B2B Kunden<\/span>\n\t\t\t\t\t\t\t\t\t<\/li>\n\t\t\t\t\t\t\t\t<li class=\"elementor-icon-list-item\">\n\t\t\t\t\t\t\t\t\t\t\t<span class=\"elementor-icon-list-icon\">\n\t\t\t\t\t\t\t<svg aria-hidden=\"true\" class=\"e-font-icon-svg e-fas-check\" viewBox=\"0 0 512 512\" xmlns=\"http:\/\/www.w3.org\/2000\/svg\"><path d=\"M173.898 439.404l-166.4-166.4c-9.997-9.997-9.997-26.206 0-36.204l36.203-36.204c9.997-9.998 26.207-9.998 36.204 0L192 312.69 432.095 72.596c9.997-9.997 26.207-9.997 36.204 0l36.203 36.204c9.997 9.997 9.997 26.206 0 36.204l-294.4 294.401c-9.998 9.997-26.207 9.997-36.204-.001z\"><\/path><\/svg>\t\t\t\t\t\t<\/span>\n\t\t\t\t\t\t\t\t\t\t<span class=\"elementor-icon-list-text\">Bestell\u00fcbersicht<\/span>\n\t\t\t\t\t\t\t\t\t<\/li>\n\t\t\t\t\t\t\t\t<li class=\"elementor-icon-list-item\">\n\t\t\t\t\t\t\t\t\t\t\t<span class=\"elementor-icon-list-icon\">\n\t\t\t\t\t\t\t<svg aria-hidden=\"true\" class=\"e-font-icon-svg e-fas-check\" viewBox=\"0 0 512 512\" xmlns=\"http:\/\/www.w3.org\/2000\/svg\"><path d=\"M173.898 439.404l-166.4-166.4c-9.997-9.997-9.997-26.206 0-36.204l36.203-36.204c9.997-9.998 26.207-9.998 36.204 0L192 312.69 432.095 72.596c9.997-9.997 26.207-9.997 36.204 0l36.203 36.204c9.997 9.997 9.997 26.206 0 36.204l-294.4 294.401c-9.998 9.997-26.207 9.997-36.204-.001z\"><\/path><\/svg>\t\t\t\t\t\t<\/span>\n\t\t\t\t\t\t\t\t\t\t<span class=\"elementor-icon-list-text\">Individuelle Rabatte f\u00fcr Gro\u00dfmengen<\/span>\n\t\t\t\t\t\t\t\t\t<\/li>\n\t\t\t\t\t\t<\/ul>\n\t\t\t\t\t\t<\/div>\n\t\t\t\t<\/div>\n\t\t\t\t<\/div>\n\t\t<div class=\"elementor-element elementor-element-123eaa5 e-con-full e-flex e-con e-child\" data-id=\"123eaa5\" data-element_type=\"container\" data-e-type=\"container\" data-settings=\"{&quot;background_background&quot;:&quot;classic&quot;}\">\n\t\t\t\t<div class=\"elementor-element elementor-element-6f19ecf elementor-widget elementor-widget-shortcode\" data-id=\"6f19ecf\" data-element_type=\"widget\" data-e-type=\"widget\" data-widget_type=\"shortcode.default\">\n\t\t\t\t<div class=\"elementor-widget-container\">\n\t\t\t\t\t\t\t<div class=\"elementor-shortcode\">\t\t\t<h2 class=\"b2bking_b2bregistration_only_register_header\">\r\n\t\t\tRegistrieren<\/h2>\r\n\t\t\t<div class=\"woocommerce\">\r\n\t\t\t\t<form method=\"post\" class=\"woocommerce-form woocommerce-form-register register\" enctype=\"multipart\/form-data\" >\r\n\r\n\t\t\t\t\t\r\n\t\t\t\t\t\r\n\t\t\t\t\t\t<p class=\"woocommerce-form-row woocommerce-form-row--wide form-row form-row-wide\">\r\n\t\t\t\t\t\t\t<label for=\"reg_username\">Nutzername&nbsp;<span class=\"required\">*<\/span><\/label>\r\n\t\t\t\t\t\t\t<input type=\"text\" class=\"woocommerce-Input woocommerce-Input--text input-text\" name=\"username\" id=\"reg_username\" autocomplete=\"username\" value=\"\" \/>\r\n\t\t\t\t\t\t<\/p>\r\n\r\n\t\t\t\t\t\r\n\t\t\t\t\t<p class=\"woocommerce-form-row woocommerce-form-row--wide form-row form-row-wide\">\r\n\t\t\t\t\t\t<label for=\"reg_email\">E-Mail-Addresse&nbsp;<span class=\"required\">*<\/span><\/label>\r\n\t\t\t\t\t\t<input type=\"email\" class=\"woocommerce-Input woocommerce-Input--text input-text\" name=\"email\" id=\"reg_email\" autocomplete=\"email\" value=\"\" \/>\r\n\t\t\t\t\t<\/p>\r\n\r\n\t\t\t\t\t\r\n\t\t\t\t\t\t<p>A link to set a new password will be sent to your email address.<\/p>\r\n\r\n\t\t\t\t\t\r\n\t\t\t\t\t\t\t\t\t\t\t<p class=\"woocommerce-form-row woocommerce-form-row--wide form-row form-row-wide b2bking_registration_roles_dropdown_section \">\r\n\t\t\t\t\t\t\t\t\t\t\t\t\t\t<label for=\"b2bking_registration_roles_dropdown\">\r\n\t\t\t\t\t\t\t\tBenutzertyp&nbsp;<span class=\"required\">*<\/span>\r\n\t\t\t\t\t\t\t<\/label>\r\n\t\t\t\t\t\t\t<select id=\"b2bking_registration_roles_dropdown\" name=\"b2bking_registration_roles_dropdown\" required>\r\n\t\t\t\t\t\t\t\t<option value=\"\" >Bitte Benutzerkonto w\u00e4hlen<\/option><option value=\"role_35200\" >Privatkunde<\/option><option value=\"role_35201\" >Handwerk<\/option><option value=\"role_35260\" >Industrie<\/option><option value=\"role_35262\" >Handel<\/option>\t\t\t\t\t\t\t<\/select>\r\n\t\t\t\t\t\t<\/p>\r\n\t\t\t\t\t\t<div class=\" b2bking_custom_registration_container b2bking_custom_registration_container_field_35202 b2bking_custom_registration_role_35200 b2bking_custom_registration_role_35201 b2bking_custom_registration_role_35260 b2bking_custom_registration_role_35262 \"><p class=\"woocommerce-form-row woocommerce-form-row--wide form-row form-row-wide \"><label for=\"b2bking_field_35202\">Vorname&nbsp;<span class=\"required\">*<\/span><\/label><input type=\"text\" id=\"b2bking_field_35202\" class=\"b2bking_custom_registration_field b2bking_custom_field_req_required\" name=\"b2bking_custom_field_35202\" value=\"\" placeholder=\"Vorname\" required><\/p><\/div><div class=\" b2bking_custom_registration_container b2bking_custom_registration_container_field_35204 b2bking_custom_registration_role_35201 b2bking_custom_registration_role_35260 b2bking_custom_registration_role_35262 \"><p class=\"woocommerce-form-row woocommerce-form-row--wide form-row form-row-wide \"><label for=\"b2bking_field_35204\">Unternehmen&nbsp;<span class=\"required\">*<\/span><\/label><input type=\"text\" id=\"b2bking_field_35204\" class=\"b2bking_custom_registration_field b2bking_custom_field_req_required\" name=\"b2bking_custom_field_35204\" value=\"\" placeholder=\"Unternehmen\" required><\/p><\/div><div class=\" b2bking_custom_registration_container b2bking_custom_registration_container_field_35205 b2bking_custom_registration_allroles\"><p class=\"woocommerce-form-row woocommerce-form-row--wide form-row form-row-wide \"><label for=\"b2bking_field_35205\">Adresse&nbsp;<span class=\"required\">*<\/span><\/label><input type=\"text\" id=\"b2bking_field_35205\" class=\"b2bking_custom_registration_field b2bking_custom_field_req_required\" name=\"b2bking_custom_field_35205\" value=\"\" placeholder=\"Adresse\" required><\/p><\/div><div class=\" b2bking_custom_registration_container b2bking_custom_registration_container_field_35206 b2bking_custom_registration_allroles\"><p class=\"woocommerce-form-row woocommerce-form-row--wide form-row form-row-wide \"><label for=\"b2bking_field_35206\">Adresszeile 2&nbsp;<\/label><input type=\"text\" id=\"b2bking_field_35206\" class=\"b2bking_custom_registration_field b2bking_custom_field_req_\" name=\"b2bking_custom_field_35206\" value=\"\" placeholder=\"Adresse Zusatz\" ><\/p><\/div><div class=\" b2bking_custom_registration_container b2bking_custom_registration_container_field_35210 b2bking_custom_registration_allroles\"><p class=\"woocommerce-form-row woocommerce-form-row--wide form-row form-row-wide b2bking_country_or_state\"><label for=\"b2bking_custom_field_35210\">Land&nbsp;<span class=\"required\">*<\/span><\/label><p class=\"form-row b2bking_country_field_selector b2bking_custom_registration_field b2bking_custom_field_req_required b2bking_country_field_req_required\" id=\"b2bking_custom_field_35210_field\" data-priority=\"\"><span class=\"woocommerce-input-wrapper\"><select name=\"b2bking_custom_field_35210\" id=\"b2bking_custom_field_35210\" class=\"country_to_state country_select \"  data-placeholder=\"Land\/Region ausw\u00e4hlen\u00a0\u2026\" ><option value=\"\">Land\/Region ausw\u00e4hlen\u00a0\u2026<\/option><option value=\"DE\" >Deutschland<\/option><option value=\"CH\" >Schweiz<\/option><\/select><noscript><button type=\"submit\" name=\"woocommerce_checkout_update_totals\" value=\"Aktualisiere Land \/ Region\">Aktualisiere Land \/ Region<\/button><\/noscript><\/span><\/p><p class=\"form-row b2bking_custom_registration_field b2bking_custom_field_req_required\" id=\"billing_state_field\" data-priority=\"\"><span class=\"woocommerce-input-wrapper\"><input type=\"text\" class=\"input-text \" value=\"\"  placeholder=\"Bundesstaat \/ Landkreis\" name=\"billing_state\" id=\"billing_state\"  data-input-classes=\"\"\/><\/span><\/p><input type=\"hidden\" id=\"b2bking_country_registration_field_number\" name=\"b2bking_country_registration_field_number\" value=\"35210\"><\/p><\/div><div class=\" b2bking_custom_registration_container b2bking_custom_registration_container_field_35207 b2bking_custom_registration_allroles\"><p class=\"woocommerce-form-row woocommerce-form-row--wide form-row form-row-wide \"><label for=\"b2bking_field_35207\">Stadt \/ Ort&nbsp;<span class=\"required\">*<\/span><\/label><input type=\"text\" id=\"b2bking_field_35207\" class=\"b2bking_custom_registration_field b2bking_custom_field_req_required\" name=\"b2bking_custom_field_35207\" value=\"\" placeholder=\"Stadt \/ Ort\" required><\/p><\/div><div class=\" b2bking_custom_registration_container b2bking_custom_registration_container_field_35203 b2bking_custom_registration_allroles\"><p class=\"woocommerce-form-row woocommerce-form-row--wide form-row form-row-wide \"><label for=\"b2bking_field_35203\">Nachname&nbsp;<span class=\"required\">*<\/span><\/label><input type=\"text\" id=\"b2bking_field_35203\" class=\"b2bking_custom_registration_field b2bking_custom_field_req_required\" name=\"b2bking_custom_field_35203\" value=\"\" placeholder=\"Nachname\" required><\/p><\/div><div class=\" b2bking_custom_registration_container b2bking_custom_registration_container_field_35208 b2bking_custom_registration_allroles\"><p class=\"woocommerce-form-row woocommerce-form-row--wide form-row form-row-wide \"><label for=\"b2bking_field_35208\">Postleitzahl&nbsp;<span class=\"required\">*<\/span><\/label><input type=\"text\" id=\"b2bking_field_35208\" class=\"b2bking_custom_registration_field b2bking_custom_field_req_required\" name=\"b2bking_custom_field_35208\" value=\"\" placeholder=\"Postleitzahl\" required><\/p><\/div><div class=\" b2bking_custom_registration_container b2bking_custom_registration_container_field_35209 b2bking_custom_registration_allroles\"><p class=\"woocommerce-form-row woocommerce-form-row--wide form-row form-row-wide \"><label for=\"b2bking_field_35209\">Telefonnummer&nbsp;<span class=\"required\">*<\/span><\/label><input id=\"b2bking_field_35209\" type=\"tel\" class=\"b2bking_custom_registration_field b2bking_custom_field_req_required\" name=\"b2bking_custom_field_35209\" value=\"\" placeholder=\"Telefonnummer\" required><\/p><\/div><div class=\"b2bking_vat_number_registration_field_container b2bking_custom_registration_container b2bking_custom_registration_container_field_35211 b2bking_custom_registration_role_35201 b2bking_custom_registration_role_35260 b2bking_custom_registration_role_35262 \"><p class=\"woocommerce-form-row woocommerce-form-row--wide form-row form-row-wide \"><label for=\"b2bking_vat_number_registration_field\">Mehrwertsteuer-ID&nbsp;<\/label><input type=\"text\" id=\"b2bking_vat_number_registration_field\" class=\"b2bking_custom_registration_field b2bking_custom_field_req_\" name=\"b2bking_custom_field_35211\" value=\"\" placeholder=\"Mehrwertsteuer-ID\" ><input type=\"hidden\" id=\"b2bking_vat_number_registration_field_countries\" value=\"AF,EG,AX,AL,DZ,AS,VI,AD,AO,AI,AQ,AG,GQ,AR,AM,AW,AZ,ET,AU,BS,BH,BD,BB,PW,BE,BZ,BJ,BM,BT,BO,BQ,BA,BW,BV,BR,VG,IO,BN,BG,BF,BI,CL,CN,CK,CR,CW,DK,DE,DM,DO,DJ,EC,SV,CI,ER,EE,SZ,FK,FO,FJ,FI,FR,GF,PF,TF,GA,GM,GE,GH,GI,GD,GR,GL,GP,GU,GT,GG,GN,GW,GY,HT,HM,HN,HK,IN,ID,IQ,IR,IE,IS,IM,IL,IT,JM,JP,YE,JE,JO,KY,KH,CM,CA,CV,KZ,QA,KE,KG,KI,CC,CO,KM,CG,CD,HR,CU,KW,LA,LS,LV,LB,LR,LY,LI,LT,LU,MO,MG,MW,MY,MV,ML,MT,MA,MH,MQ,MR,MU,YT,MX,FM,MD,MC,MN,ME,MS,MZ,MM,NA,NR,NP,NC,NZ,NI,NL,NE,NG,NU,KP,MP,MK,NF,NO,OM,AT,TL,PK,PS,PA,PG,PY,PE,PH,PN,PL,PT,PR,RE,RW,RO,RU,ST,BL,SX,PM,SB,ZM,WS,SM,SA,SE,CH,SN,RS,SC,SL,ZW,SG,SK,SI,SO,ES,LK,SH,KN,LC,MF,VC,ZA,SD,GS,KR,SS,SR,SJ,SY,TJ,TW,TZ,TH,TG,TK,TO,TT,TD,CZ,TN,TR,TM,TC,TV,UG,UA,HU,UM,UY,UZ,VU,VA,VE,AE,US,GB,VN,WF,CX,BY,EH,CF,CY\"><input type=\"hidden\" id=\"b2bking_vat_number_registration_field_number\" name=\"b2bking_vat_number_registration_field_number\" value=\"35211\"><\/p><\/div><div class=\" b2bking_custom_registration_container b2bking_custom_registration_container_field_38380 b2bking_custom_registration_allroles\"><p class=\"woocommerce-form-row woocommerce-form-row--wide form-row form-row-wide \"><label for=\"b2bking_field_38380\">Newsletter&nbsp;<\/label><p class=\"form-row\"><label class=\"woocommerce-form__label woocommerce-form__label-for-checkbox\"><input type=\"checkbox\" class=\"woocommerce-form__input woocommerce-form__input-checkbox b2bking_custom_registration_field b2bking_checkbox_registration_field b2bking_custom_field_req_\" value=\"1\" name=\"b2bking_custom_field_38380_option_1\"  ><span>Ich m\u00f6chte Produktneuheiten aktuelle Angebote und sonstige Neuigkeiten per E-Mail erhalten. Jederzeit abbestellbar.<\/span><\/label><\/p><\/p><\/div><div class=\" b2bking_custom_registration_container b2bking_custom_registration_container_field_38381 b2bking_custom_registration_allroles\"><p class=\"woocommerce-form-row woocommerce-form-row--wide form-row form-row-wide \"><label for=\"b2bking_field_38381\">Datenschutz&nbsp;<span class=\"required\">*<\/span><\/label><p class=\"form-row\"><label class=\"woocommerce-form__label woocommerce-form__label-for-checkbox\"><input type=\"checkbox\" class=\"woocommerce-form__input woocommerce-form__input-checkbox b2bking_custom_registration_field b2bking_checkbox_registration_field b2bking_custom_field_req_required\" value=\"1\" name=\"b2bking_custom_field_38381_option_1\"  required><span>Ich bin mit der Verarbeitung meiner Daten entsprechend der <a href=\"\/datenschutz\">Datenschutzverordnung<\/a> einverstanden.<\/span><\/label><\/p><\/p><\/div><wc-order-attribution-inputs><\/wc-order-attribution-inputs>\r\n\t\t\t\t\t<p class=\"woocommerce-form-row form-row\">\r\n\t\t\t\t\t\t<input type=\"hidden\" id=\"woocommerce-register-nonce\" name=\"woocommerce-register-nonce\" value=\"a541bafa58\" \/><input type=\"hidden\" name=\"_wp_http_referer\" value=\"\/de\/wp-json\/wp\/v2\/pages\/26783\" \/>\t\t\t\t\t\t<button type=\"submit\" class=\"woocommerce-Button woocommerce-button button woocommerce-form-register__submit\" name=\"register\" value=\"Registrieren\">Registrieren<\/button>\r\n\t\t\t\t\t<\/p>\r\n\r\n\t\t\t\t\t\r\n\t\t\t\t<\/form>\r\n\t\t\t<\/div>\r\n\t\t\t<\/div>\n\t\t\t\t\t\t<\/div>\n\t\t\t\t<\/div>\n\t\t\t\t<\/div>\n\t\t\t\t\t<\/div>\n\t\t\t\t<\/div>\n\t\t\t\t<\/div>\n\t\t","protected":false},"excerpt":{"rendered":"<p>Darum lohnt sich ein Kundenkonto f\u00fcr Sie: Speichern Sie Ihre Daten &amp; Sparen Sie Zeit Individuelle Angebote in Ihrem Kundenkonto Schnellbestellformular f\u00fcr B2B Kunden Bestell\u00fcbersicht Individuelle Rabatte f\u00fcr Gro\u00dfmengen<\/p>\n","protected":false},"author":1,"featured_media":0,"parent":0,"menu_order":0,"comment_status":"closed","ping_status":"closed","template":"","meta":{"site-sidebar-layout":"default","site-content-layout":"","ast-site-content-layout":"default","site-content-style":"default","site-sidebar-style":"default","ast-global-header-display":"","ast-banner-title-visibility":"","ast-main-header-display":"","ast-hfb-above-header-display":"","ast-hfb-below-header-display":"","ast-hfb-mobile-header-display":"","site-post-title":"disabled","ast-breadcrumbs-content":"","ast-featured-img":"","footer-sml-layout":"","theme-transparent-header-meta":"","adv-header-id-meta":"","stick-header-meta":"","header-above-stick-meta":"","header-main-stick-meta":"","header-below-stick-meta":"","astra-migrate-meta-layouts":"default","ast-page-background-enabled":"default","ast-page-background-meta":{"desktop":{"background-color":"","background-image":"","background-repeat":"repeat","background-position":"center center","background-size":"auto","background-attachment":"scroll","background-type":"","background-media":"","overlay-type":"","overlay-color":"","overlay-opacity":"","overlay-gradient":""},"tablet":{"background-color":"","background-image":"","background-repeat":"repeat","background-position":"center center","background-size":"auto","background-attachment":"scroll","background-type":"","background-media":"","overlay-type":"","overlay-color":"","overlay-opacity":"","overlay-gradient":""},"mobile":{"background-color":"","background-image":"","background-repeat":"repeat","background-position":"center center","background-size":"auto","background-attachment":"scroll","background-type":"","background-media":"","overlay-type":"","overlay-color":"","overlay-opacity":"","overlay-gradient":""}},"ast-content-background-meta":{"desktop":{"background-color":"var(--ast-global-color-5)","background-image":"","background-repeat":"repeat","background-position":"center center","background-size":"auto","background-attachment":"scroll","background-type":"","background-media":"","overlay-type":"","overlay-color":"","overlay-opacity":"","overlay-gradient":""},"tablet":{"background-color":"var(--ast-global-color-5)","background-image":"","background-repeat":"repeat","background-position":"center center","background-size":"auto","background-attachment":"scroll","background-type":"","background-media":"","overlay-type":"","overlay-color":"","overlay-opacity":"","overlay-gradient":""},"mobile":{"background-color":"var(--ast-global-color-5)","background-image":"","background-repeat":"repeat","background-position":"center center","background-size":"auto","background-attachment":"scroll","background-type":"","background-media":"","overlay-type":"","overlay-color":"","overlay-opacity":"","overlay-gradient":""}},"footnotes":""},"class_list":["post-26783","page","type-page","status-publish","hentry"],"_links":{"self":[{"href":"https:\/\/www.diotrol.com\/de\/wp-json\/wp\/v2\/pages\/26783","targetHints":{"allow":["GET"]}}],"collection":[{"href":"https:\/\/www.diotrol.com\/de\/wp-json\/wp\/v2\/pages"}],"about":[{"href":"https:\/\/www.diotrol.com\/de\/wp-json\/wp\/v2\/types\/page"}],"author":[{"embeddable":true,"href":"https:\/\/www.diotrol.com\/de\/wp-json\/wp\/v2\/users\/1"}],"replies":[{"embeddable":true,"href":"https:\/\/www.diotrol.com\/de\/wp-json\/wp\/v2\/comments?post=26783"}],"version-history":[{"count":0,"href":"https:\/\/www.diotrol.com\/de\/wp-json\/wp\/v2\/pages\/26783\/revisions"}],"wp:attachment":[{"href":"https:\/\/www.diotrol.com\/de\/wp-json\/wp\/v2\/media?parent=26783"}],"curies":[{"name":"wp","href":"https:\/\/api.w.org\/{rel}","templated":true}]}}