{"id":28450,"date":"2023-10-19T09:37:08","date_gmt":"2023-10-19T08:37:08","guid":{"rendered":"https:\/\/www.diotrol.com\/versandbedingungen\/"},"modified":"2025-06-10T12:32:45","modified_gmt":"2025-06-10T10:32:45","slug":"versandbedingungen","status":"publish","type":"page","link":"https:\/\/www.diotrol.com\/de\/versandbedingungen\/","title":{"rendered":"Versandbedingungen"},"content":{"rendered":"\t\t<div data-elementor-type=\"wp-page\" data-elementor-id=\"28450\" class=\"elementor elementor-28450 elementor-27413\" data-elementor-post-type=\"page\">\n\t\t\t\t<div class=\"elementor-element elementor-element-83b967c e-flex e-con-boxed e-con e-parent\" data-id=\"83b967c\" data-element_type=\"container\" data-e-type=\"container\" data-settings=\"{&quot;background_background&quot;:&quot;classic&quot;}\">\n\t\t\t\t\t<div class=\"e-con-inner\">\n\t\t\t\t<div class=\"elementor-element elementor-element-cbb2e57 elementor-widget elementor-widget-heading\" data-id=\"cbb2e57\" data-element_type=\"widget\" data-e-type=\"widget\" data-widget_type=\"heading.default\">\n\t\t\t\t<div class=\"elementor-widget-container\">\n\t\t\t\t\t<h1 class=\"elementor-heading-title elementor-size-default\">Versandbedingungen<\/h1>\t\t\t\t<\/div>\n\t\t\t\t<\/div>\n\t\t\t\t\t<\/div>\n\t\t\t\t<\/div>\n\t\t<div class=\"elementor-element elementor-element-68ae8af5 e-flex e-con-boxed e-con e-parent\" data-id=\"68ae8af5\" data-element_type=\"container\" data-e-type=\"container\" data-settings=\"{&quot;background_background&quot;:&quot;classic&quot;}\">\n\t\t\t\t\t<div class=\"e-con-inner\">\n\t\t\t\t<div class=\"elementor-element elementor-element-3f55907e elementor-widget elementor-widget-text-editor\" data-id=\"3f55907e\" data-element_type=\"widget\" data-e-type=\"widget\" data-widget_type=\"text-editor.default\">\n\t\t\t\t<div class=\"elementor-widget-container\">\n\t\t\t\t\t\t\t\t\t<h2>Lieferung<\/h2>\n<p>Der Versand Ihrer Diotrol-Bestellung erfolgt \u00fcber DHL, UPS oder bei gr\u00f6\u00dferen Bestellungen der Spedition. Zum Zwecke der Zustellung geben wir mit Ihrer Zustimmung Namen, Lieferadresse, Telefonnummer und Email-Adresse weiter. &nbsp;<\/p>\n<p><b>Produkte der Kategorie Holzleim<\/b><span style=\"font-weight: 700; text-align: var(--text-align); background-color: var( --e-global-color-astglobalcolor5 ); color: var(--ast-global-color-2); font-size: 1rem;\">&nbsp;<\/span><span style=\"font-weight: 700; text-align: var(--text-align); background-color: var( --e-global-color-astglobalcolor5 ); color: var(--ast-global-color-2); font-size: 1rem;\">sind direkt \u00fcber den Onlineshop bestellbar.<\/span><b style=\"font-style: inherit; text-align: var(--text-align); background-color: var( --e-global-color-astglobalcolor5 ); color: var(--ast-global-color-2);\">&nbsp;F\u00fcr sonstige Lieferungen in die Schweiz oder weltweit kontaktieren Sie uns bitte \u00fcber das Kontaktformular oder per Telefon: +41 62 285 30 70.&nbsp;<\/b><\/p>\n<p><span style=\"color: var(--ast-global-color-2); font-size: 2rem; font-style: inherit; font-weight: 700; text-align: var(--text-align); background-color: var( --e-global-color-astglobalcolor5 );\">Versandkosten<\/span><br><\/p>\n<p>Ab einem Warenkorbwert von 250,-\u20ac liefern wir innerhalb Deutschlands versandkostenfrei, darunter erheben wir eine Versandkostenpauschale in H\u00f6he von 9,95,-\u20ac.<\/p>\n<p>Die Versandkosten werden im Bestellprozess angezeigt.<\/p>\n<p>F\u00fcr den R\u00fcckversand beachten Sie bitte die Seite <span style=\"text-align: var(--text-align); background-color: var( --e-global-color-astglobalcolor5 ); color: var(--ast-global-color-2); font-size: 1rem;\">Widerrufsrecht<\/span>.<\/p>\n<h2>Lieferzeiten<\/h2>\n<p><strong>Versandzeit:<br><\/strong>Die Lieferzeit betr\u00e4gt 1-3 Werktage. Bitte beachte, dass der <strong>Versand nur an WERKTAGEN<\/strong>&nbsp;(Mo-Fr) stattfindet. <\/p>\n<p><strong>Versandzeitpunkt:<br><\/strong>Bei Bank\u00fcberweisung erfolgt der Versand am Tag des Geldeingangs auf unserem Konto. Hinweis: Erfahrungsgem\u00e4\u00df kann dies, abh\u00e4ngig von der \u00dcberweisungsbank, bis zu 5 Werktage dauern. Bitte beachte, dass der Versand&nbsp;<strong>nur an WERKTAGEN<\/strong>&nbsp;(Mo-Fr) stattfindet.<\/p>\t\t\t\t\t\t\t\t<\/div>\n\t\t\t\t<\/div>\n\t\t\t\t\t<\/div>\n\t\t\t\t<\/div>\n\t\t\t\t<\/div>\n\t\t","protected":false},"excerpt":{"rendered":"<p>Versandbedingungen Lieferung Der Versand Ihrer Diotrol-Bestellung erfolgt \u00fcber DHL, UPS oder bei gr\u00f6\u00dferen Bestellungen der Spedition. Zum Zwecke der Zustellung geben wir mit Ihrer Zustimmung Namen, Lieferadresse, Telefonnummer und Email-Adresse weiter. &nbsp; Produkte der Kategorie Holzleim&nbsp;sind direkt \u00fcber den Onlineshop bestellbar.&nbsp;F\u00fcr sonstige Lieferungen in die Schweiz oder weltweit kontaktieren Sie uns bitte \u00fcber das Kontaktformular [&hellip;]<\/p>\n","protected":false},"author":1,"featured_media":0,"parent":0,"menu_order":0,"comment_status":"closed","ping_status":"closed","template":"","meta":{"site-sidebar-layout":"no-sidebar","site-content-layout":"page-builder","ast-site-content-layout":"full-width-container","site-content-style":"default","site-sidebar-style":"default","ast-global-header-display":"","ast-banner-title-visibility":"","ast-main-header-display":"","ast-hfb-above-header-display":"","ast-hfb-below-header-display":"","ast-hfb-mobile-header-display":"","site-post-title":"disabled","ast-breadcrumbs-content":"","ast-featured-img":"disabled","footer-sml-layout":"","theme-transparent-header-meta":"","adv-header-id-meta":"","stick-header-meta":"","header-above-stick-meta":"","header-main-stick-meta":"","header-below-stick-meta":"","astra-migrate-meta-layouts":"default","ast-page-background-enabled":"default","ast-page-background-meta":{"desktop":{"background-color":"","background-image":"","background-repeat":"repeat","background-position":"center center","background-size":"auto","background-attachment":"scroll","background-type":"","background-media":"","overlay-type":"","overlay-color":"","overlay-opacity":"","overlay-gradient":""},"tablet":{"background-color":"","background-image":"","background-repeat":"repeat","background-position":"center center","background-size":"auto","background-attachment":"scroll","background-type":"","background-media":"","overlay-type":"","overlay-color":"","overlay-opacity":"","overlay-gradient":""},"mobile":{"background-color":"","background-image":"","background-repeat":"repeat","background-position":"center center","background-size":"auto","background-attachment":"scroll","background-type":"","background-media":"","overlay-type":"","overlay-color":"","overlay-opacity":"","overlay-gradient":""}},"ast-content-background-meta":{"desktop":{"background-color":"var(--ast-global-color-5)","background-image":"","background-repeat":"repeat","background-position":"center center","background-size":"auto","background-attachment":"scroll","background-type":"","background-media":"","overlay-type":"","overlay-color":"","overlay-opacity":"","overlay-gradient":""},"tablet":{"background-color":"var(--ast-global-color-5)","background-image":"","background-repeat":"repeat","background-position":"center center","background-size":"auto","background-attachment":"scroll","background-type":"","background-media":"","overlay-type":"","overlay-color":"","overlay-opacity":"","overlay-gradient":""},"mobile":{"background-color":"var(--ast-global-color-5)","background-image":"","background-repeat":"repeat","background-position":"center center","background-size":"auto","background-attachment":"scroll","background-type":"","background-media":"","overlay-type":"","overlay-color":"","overlay-opacity":"","overlay-gradient":""}},"footnotes":""},"class_list":["post-28450","page","type-page","status-publish","hentry"],"_links":{"self":[{"href":"https:\/\/www.diotrol.com\/de\/wp-json\/wp\/v2\/pages\/28450","targetHints":{"allow":["GET"]}}],"collection":[{"href":"https:\/\/www.diotrol.com\/de\/wp-json\/wp\/v2\/pages"}],"about":[{"href":"https:\/\/www.diotrol.com\/de\/wp-json\/wp\/v2\/types\/page"}],"author":[{"embeddable":true,"href":"https:\/\/www.diotrol.com\/de\/wp-json\/wp\/v2\/users\/1"}],"replies":[{"embeddable":true,"href":"https:\/\/www.diotrol.com\/de\/wp-json\/wp\/v2\/comments?post=28450"}],"version-history":[{"count":0,"href":"https:\/\/www.diotrol.com\/de\/wp-json\/wp\/v2\/pages\/28450\/revisions"}],"wp:attachment":[{"href":"https:\/\/www.diotrol.com\/de\/wp-json\/wp\/v2\/media?parent=28450"}],"curies":[{"name":"wp","href":"https:\/\/api.w.org\/{rel}","templated":true}]}}