{"id":16559,"date":"2023-06-26T12:07:57","date_gmt":"2023-06-26T11:07:57","guid":{"rendered":"https:\/\/www.diotrol.com\/produkt\/diotrol-golden-oil-wpc-oil-2\/"},"modified":"2024-07-15T08:01:53","modified_gmt":"2024-07-15T07:01:53","slug":"diotrol-golden-oil-wpc-oil","status":"publish","type":"product","link":"https:\/\/www.diotrol.com\/de\/produkt\/diotrol-golden-oil-wpc-oil\/","title":{"rendered":"Diotrol Golden Oil WPC-Oil"},"content":{"rendered":"<div class=\"elementor-element elementor-element-b534264 elementor-widget elementor-widget-text-editor\" data-id=\"b534264\" data-element_type=\"widget\" data-widget_type=\"text-editor.default\">\n<div class=\"elementor-widget-container\">Diotrol Golden Oil WPC-Oil ist ein Holz\u00f6l und Pflegemittel f\u00fcr WPC, Resysta, Bambus, aber auch heimische und tropische Holzarten. Dieses Spezial\u00f6l wird eingesetzt, um abgenutzte oder verblasste WPC und Holzoberfl\u00e4chen in neuem Glanz erscheinen zu lassen. Wie oft es eingesetzt werden muss, ist abh\u00e4ngig davon, wie stark der Untergrund bewittert und genutzt wird. Daher empfiehlt sich eine periodische Anwendung des \u00d6ls, um die Oberfl\u00e4chenqualit\u00e4t zu erhalten.<br \/>\nDiotrol Golden Oil WPC-Oil ist \u00e4usserst ergiebig und leicht zu verarbeiten. F\u00fcr die Herstellung von Diotrol Golden Oil WPC-Oil werden ausschliesslich Natur\u00f6le nachwachsender Rohstoffe und naturreine Wachse verwendet.<br \/>\n Es ist frei von jeglichen Bioziden, enth\u00e4lt 0% VOC und ist kobaltfrei sikkativiert.<\/div>\n<div><\/div>\n<\/div>\n<div class=\"elementor-element elementor-element-fbe3972 elementor-widget elementor-widget-heading\" data-id=\"fbe3972\" data-element_type=\"widget\" data-widget_type=\"heading.default\">\n<div class=\"elementor-widget-container\">\n<h2 class=\"elementor-heading-title elementor-size-default\">Technische Daten<\/h2>\n<\/div>\n<\/div>\n<div class=\"elementor-element elementor-element-4b77360 elementor-widget elementor-widget-text-editor\" data-id=\"4b77360\" data-element_type=\"widget\" data-widget_type=\"text-editor.default\">\n<div class=\"elementor-widget-container\">\n<p><strong>Anwendungsbereich:<\/strong> Zur Auffrischung von Oberfl\u00e4chen aus WPC, Resysta, Bambus. Auch auf heimischen und tropischen Holzarten einsetzbar. Bestens geeignet f\u00fcr Terrassen, Gartenm\u00f6bel, Sichtschutzw\u00e4nde, Z\u00e4une usw. <\/p>\n<p><strong>Gebinde:<\/strong> 500ml | 1L | 5L<\/p>\n<p><strong>Aussehen:<\/strong> Honig-hell<\/p>\n<p><strong>Verbrauch:<\/strong> Ca. 0.5-1L\/100m\u00b2.  Je nach Zustand der Fl\u00e4che.<\/p>\n<p>Um eine klebrige Oberfl\u00e4che oder Runzelbildung zu vermeiden, darf nur wenig \u00d6l aufgetragen werden.<\/p>\n<p><span style=\"font-size: 1.7em;font-weight: bold\">Wissenswertes | Tipps und Tricks<\/span><\/p>\n<\/div>\n<\/div>\n<div class=\"elementor-element elementor-element-2553408 elementor-widget elementor-widget-text-editor\" data-id=\"2553408\" data-element_type=\"widget\" data-widget_type=\"text-editor.default\">\n<div class=\"elementor-widget-container\">\n<p><b>Kurzanleitung<\/b><br \/>\nVorgehen: 1. Verschmutzte Oberfl\u00e4chen mit Diotrol Golden Oil Allclean reinigen.<\/p>\n<p>1.1. Falls nach der Reinigung noch vergraute Stellen auftreten, k\u00f6nnen diese mit Diotrol Golden Oil Degrayer behandelt werden.<\/p>\n<p>2. Nach der vollst\u00e4ndigen Trocknung der Oberfl\u00e4che, Diotrol Golden Oil WPC-Oil mit einem Tuch, Schwamm, oder einer B\u00fcrste gleichm\u00e4ssig verteilen.<\/p>\n<p>3. Mit einem trockenen Tuch oder maschinell mit einem weissen Pad trockenreiben. Nicht verarbeiten bei Aussentemperaturen unter 10\u00b0C oder \u00fcber 30\u00b0C oder bei extremer Luftfeuchtigkeit von mehr als 70%. Vermeiden sie direkte Sonneneinstrahlung.<br \/>\n  Wir empfehlen, Diotrol Golden Oil WPC-Oil bei angesagten, l\u00e4ngeren Sch\u00f6nwetterperioden (5-7 Tage) anzuwenden.<\/p>\n<p><b>Besondere Hinweise<\/b><br \/>\nSelbstentz\u00fcndungsgefahr. Getr\u00e4nkte Lappen gut ausgebreitet an der Luft trocknen lassen oder luftdicht abgeschlossen aufbewahren. Von Z\u00fcndquellen fernhalten und sachgerecht entsorgen. <\/p>\n<\/div>\n<h2>M\u00f6gliche Gefahren<\/h2>\n<p><strong>Einstufung des Stoffs oder Gemischs<\/strong><br \/>\nVerordnung (EG) Nr. 1272\/2008<br \/>\nDieses Gemisch ist nicht als gef\u00e4hrlich eingestuft im Sinne der Verordnung (EG) Nr. 1272\/2008.<br \/>\n<strong>Kennzeichnungselemente<\/strong><br \/>\nVerordnung (EG) Nr. 1272\/2008<br \/>\n<strong>Besondere Kennzeichnung bestimmter Gemische<\/strong><br \/>\nEUH210 Sicherheitsdatenblatt auf Anfrage erh\u00e4ltlich.<br \/>\nEs liegen keine Informationen vor.<\/p>\n<div class=\"elementor-widget-container\">\n<p><a href=\"https:\/\/indd.adobe.com\/view\/21746897-3cae-49e8-af37-538883775f35\" target=\"_blank\" rel=\"nofollow noopener\">Weitere Informationen und Referenzbilder finden Sie in unserer Brosch\u00fcre.<\/a><\/p>\n<\/div>\n<\/div>\n","protected":false},"excerpt":{"rendered":"<p>Diotrol Golden Oil WPC-Oil ist ein Holz\u00f6l und Pflegemittel f\u00fcr WPC, Resysta, Bambus, aber auch heimische und tropische Holzarten.<\/p>\n","protected":false},"featured_media":12508,"template":"","meta":{"site-sidebar-layout":"default","site-content-layout":"default","ast-site-content-layout":"default","site-content-style":"default","site-sidebar-style":"default","ast-global-header-display":"","ast-banner-title-visibility":"","ast-main-header-display":"","ast-hfb-above-header-display":"","ast-hfb-below-header-display":"","ast-hfb-mobile-header-display":"","site-post-title":"","ast-breadcrumbs-content":"","ast-featured-img":"","footer-sml-layout":"","theme-transparent-header-meta":"default","adv-header-id-meta":"","stick-header-meta":"default","header-above-stick-meta":"","header-main-stick-meta":"","header-below-stick-meta":"","astra-migrate-meta-layouts":"default","ast-page-background-enabled":"default","ast-page-background-meta":{"desktop":{"background-color":"","background-image":"","background-repeat":"repeat","background-position":"center center","background-size":"auto","background-attachment":"scroll","background-type":"","background-media":"","overlay-type":"","overlay-color":"","overlay-opacity":"","overlay-gradient":""},"tablet":{"background-color":"","background-image":"","background-repeat":"repeat","background-position":"center center","background-size":"auto","background-attachment":"scroll","background-type":"","background-media":"","overlay-type":"","overlay-color":"","overlay-opacity":"","overlay-gradient":""},"mobile":{"background-color":"","background-image":"","background-repeat":"repeat","background-position":"center center","background-size":"auto","background-attachment":"scroll","background-type":"","background-media":"","overlay-type":"","overlay-color":"","overlay-opacity":"","overlay-gradient":""}},"ast-content-background-meta":{"desktop":{"background-color":"var(--ast-global-color-5)","background-image":"","background-repeat":"repeat","background-position":"center center","background-size":"auto","background-attachment":"scroll","background-type":"","background-media":"","overlay-type":"","overlay-color":"","overlay-opacity":"","overlay-gradient":""},"tablet":{"background-color":"var(--ast-global-color-5)","background-image":"","background-repeat":"repeat","background-position":"center center","background-size":"auto","background-attachment":"scroll","background-type":"","background-media":"","overlay-type":"","overlay-color":"","overlay-opacity":"","overlay-gradient":""},"mobile":{"background-color":"var(--ast-global-color-5)","background-image":"","background-repeat":"repeat","background-position":"center center","background-size":"auto","background-attachment":"scroll","background-type":"","background-media":"","overlay-type":"","overlay-color":"","overlay-opacity":"","overlay-gradient":""}}},"product_brand":[],"product_cat":[994,993,1019,997,1236,1247,1246],"product_tag":[],"class_list":{"0":"post-16559","1":"product","2":"type-product","3":"status-publish","4":"has-post-thumbnail","6":"product_cat-exterior-de","7":"product_cat-golden-oil-de","8":"product_cat-innenbereich-de","9":"product_cat-pflege-oel-de","10":"product_cat-pflege-de-3","11":"product_cat-pflege-terrasse-de","12":"product_cat-terrasse-de","13":"pa_basis-oel-de","14":"pa_beschichtung-lasierend-de","15":"pa_beschichtung-deckend-de","16":"pa_beschichtung-farblos-de","17":"pa_farbton-kollektion-antik-wood-de","18":"pa_farbton-kollektion-diotrol-plus-de","19":"pa_farbton-kollektion-alba-white-de","20":"pa_farbton-kollektion-nordic-collection-longlife-de","21":"pa_farbton-kollektion-silverwood-opaque-de","22":"pa_produktart-holzoele-de","23":"desktop-align-center","24":"tablet-align-center","25":"mobile-align-center","26":"ast-product-gallery-layout-horizontal-slider","27":"ast-magnify-disabled","28":"ast-product-single-variable","29":"ast-product-tabs-layout-horizontal","31":"first","32":"instock","33":"taxable","34":"shipping-taxable","35":"purchasable","36":"product-type-variable","37":"has-default-attributes"},"_links":{"self":[{"href":"https:\/\/www.diotrol.com\/de\/wp-json\/wp\/v2\/product\/16559","targetHints":{"allow":["GET"]}}],"collection":[{"href":"https:\/\/www.diotrol.com\/de\/wp-json\/wp\/v2\/product"}],"about":[{"href":"https:\/\/www.diotrol.com\/de\/wp-json\/wp\/v2\/types\/product"}],"wp:featuredmedia":[{"embeddable":true,"href":"https:\/\/www.diotrol.com\/de\/wp-json\/wp\/v2\/media\/12508"}],"wp:attachment":[{"href":"https:\/\/www.diotrol.com\/de\/wp-json\/wp\/v2\/media?parent=16559"}],"wp:term":[{"taxonomy":"product_brand","embeddable":true,"href":"https:\/\/www.diotrol.com\/de\/wp-json\/wp\/v2\/product_brand?post=16559"},{"taxonomy":"product_cat","embeddable":true,"href":"https:\/\/www.diotrol.com\/de\/wp-json\/wp\/v2\/product_cat?post=16559"},{"taxonomy":"product_tag","embeddable":true,"href":"https:\/\/www.diotrol.com\/de\/wp-json\/wp\/v2\/product_tag?post=16559"}],"curies":[{"name":"wp","href":"https:\/\/api.w.org\/{rel}","templated":true}]}}