{"id":16562,"date":"2023-03-31T09:19:19","date_gmt":"2023-03-31T08:19:19","guid":{"rendered":"https:\/\/www.diotrol.com\/produkt\/diotrol-golden-oil-activator-2\/"},"modified":"2024-07-15T08:01:53","modified_gmt":"2024-07-15T07:01:53","slug":"diotrol-golden-oil-activator","status":"publish","type":"product","link":"https:\/\/www.diotrol.com\/de\/produkt\/diotrol-golden-oil-activator\/","title":{"rendered":"Diotrol Golden Oil Activator"},"content":{"rendered":"<div class=\"elementor-element elementor-element-a8452c3 elementor-widget elementor-widget-text-editor\" data-id=\"a8452c3\" data-element_type=\"widget\" data-widget_type=\"text-editor.default\">\n<div class=\"elementor-widget-container\">\n<p>Diotrol Golden Oil Activator ist eine fl\u00fcssige Komponente zur beschleunigten Aush\u00e4rtung von Diotrol Golden Oil Onecoat und Alba White. Neben der schnelleren Trocknung ergibt sich eine h\u00f6here Widerstandsf\u00e4higkeit der Oberfl\u00e4che gegen\u00fcber Abrieb und Haushaltsfl\u00fcssigkeiten. Speziell empfohlen auf horizontal liegenden und hochbeanspruchten Holzoberfl\u00e4chen. Diotrol Golden Oil Activator enth\u00e4lt 0% VOC<\/p>\n<\/div>\n<\/div>\n<div class=\"elementor-element elementor-element-b664c3f elementor-widget elementor-widget-heading\" data-id=\"b664c3f\" data-element_type=\"widget\" data-widget_type=\"heading.default\">\n<div class=\"elementor-widget-container\">\n<h2 class=\"elementor-heading-title elementor-size-default\">Technische Daten<\/h2>\n<\/div>\n<\/div>\n<div class=\"elementor-element elementor-element-d57ddd9 elementor-widget elementor-widget-text-editor\" data-id=\"d57ddd9\" data-element_type=\"widget\" data-widget_type=\"text-editor.default\">\n<div class=\"elementor-widget-container\">\n<p><b>Gebinde <\/b>300ml<\/p>\n<p>&nbsp;<\/p>\n<\/div>\n<\/div>\n<div class=\"elementor-element elementor-element-59c5f47 elementor-widget elementor-widget-heading\" data-id=\"59c5f47\" data-element_type=\"widget\" data-widget_type=\"heading.default\">\n<div class=\"elementor-widget-container\">\n<h2 class=\"elementor-heading-title elementor-size-default\">Wissenswertes | Tipps und Tricks<\/h2>\n<\/div>\n<\/div>\n<div class=\"elementor-element elementor-element-57bf1db elementor-widget elementor-widget-text-editor\" data-id=\"57bf1db\" data-element_type=\"widget\" data-widget_type=\"text-editor.default\">\n<div class=\"elementor-widget-container\">\n<p><b>Kurzanleitung<\/b><\/p>\n<p>1L Diotrol Golden Oil Onecoat oder 1,4kg Diotrol Golden Oil Alba White + 300ml Diotrol Golden Oil Activator. Die beiden Komponenten sollten 1\u20132 Minuten lang intensiv vermischt und innerhalb von 4\u20136 Stunden verarbeitet werden. Activator reagiert mit Luftfeuchtigkeit. Trocken lagern. Activator hat eine begrenzte Haltbarkeit, verschlossen ca. 9 Monate.<\/p>\n<p><a href=\"https:\/\/indd.adobe.com\/view\/21746897-3cae-49e8-af37-538883775f35\" target=\"_blank\" rel=\"nofollow noopener\">Weitere Informationen und Referenzbilder finden Sie in unserer Brosch\u00fcre.<\/a><\/p>\n<\/div>\n<\/div>\n","protected":false},"excerpt":{"rendered":"<p>Diotrol Golden Oil Activator ist eine fl\u00fcssige Komponente zur beschleunigten Aush\u00e4rtung von Diotrol Golden Oil Onecoat und Alba White.<\/p>\n","protected":false},"featured_media":13112,"template":"","meta":{"site-sidebar-layout":"default","site-content-layout":"default","ast-site-content-layout":"default","site-content-style":"default","site-sidebar-style":"default","ast-global-header-display":"","ast-banner-title-visibility":"","ast-main-header-display":"","ast-hfb-above-header-display":"","ast-hfb-below-header-display":"","ast-hfb-mobile-header-display":"","site-post-title":"","ast-breadcrumbs-content":"","ast-featured-img":"","footer-sml-layout":"","theme-transparent-header-meta":"default","adv-header-id-meta":"","stick-header-meta":"default","header-above-stick-meta":"","header-main-stick-meta":"","header-below-stick-meta":"","astra-migrate-meta-layouts":"default","ast-page-background-enabled":"default","ast-page-background-meta":{"desktop":{"background-color":"","background-image":"","background-repeat":"repeat","background-position":"center center","background-size":"auto","background-attachment":"scroll","background-type":"","background-media":"","overlay-type":"","overlay-color":"","overlay-opacity":"","overlay-gradient":""},"tablet":{"background-color":"","background-image":"","background-repeat":"repeat","background-position":"center center","background-size":"auto","background-attachment":"scroll","background-type":"","background-media":"","overlay-type":"","overlay-color":"","overlay-opacity":"","overlay-gradient":""},"mobile":{"background-color":"","background-image":"","background-repeat":"repeat","background-position":"center center","background-size":"auto","background-attachment":"scroll","background-type":"","background-media":"","overlay-type":"","overlay-color":"","overlay-opacity":"","overlay-gradient":""}},"ast-content-background-meta":{"desktop":{"background-color":"var(--ast-global-color-5)","background-image":"","background-repeat":"repeat","background-position":"center center","background-size":"auto","background-attachment":"scroll","background-type":"","background-media":"","overlay-type":"","overlay-color":"","overlay-opacity":"","overlay-gradient":""},"tablet":{"background-color":"var(--ast-global-color-5)","background-image":"","background-repeat":"repeat","background-position":"center center","background-size":"auto","background-attachment":"scroll","background-type":"","background-media":"","overlay-type":"","overlay-color":"","overlay-opacity":"","overlay-gradient":""},"mobile":{"background-color":"var(--ast-global-color-5)","background-image":"","background-repeat":"repeat","background-position":"center center","background-size":"auto","background-attachment":"scroll","background-type":"","background-media":"","overlay-type":"","overlay-color":"","overlay-opacity":"","overlay-gradient":""}}},"product_brand":[],"product_cat":[1030,998,1038,1049,993,1019,1021,1022,1027,1235],"product_tag":[],"class_list":{"0":"post-16562","1":"product","2":"type-product","3":"status-publish","4":"has-post-thumbnail","6":"product_cat-aussenbereich-de","7":"product_cat-beschichtung-de-3","8":"product_cat-beschichtung-de-4","9":"product_cat-beschichtung-de-5","10":"product_cat-golden-oil-de","11":"product_cat-innenbereich-de","12":"product_cat-zubehoer-de","13":"product_cat-zubehoer-de-2","14":"product_cat-zubehoer-de-7","15":"product_cat-golden-oil-extra-de","16":"pa_basis-oel-de","17":"pa_produktart-holzoele-de","18":"desktop-align-center","19":"tablet-align-center","20":"mobile-align-center","21":"ast-product-gallery-layout-horizontal-slider","22":"ast-magnify-disabled","23":"ast-product-single-variable","24":"ast-product-tabs-layout-horizontal","26":"first","27":"instock","28":"taxable","29":"shipping-taxable","30":"purchasable","31":"product-type-variable"},"_links":{"self":[{"href":"https:\/\/www.diotrol.com\/de\/wp-json\/wp\/v2\/product\/16562","targetHints":{"allow":["GET"]}}],"collection":[{"href":"https:\/\/www.diotrol.com\/de\/wp-json\/wp\/v2\/product"}],"about":[{"href":"https:\/\/www.diotrol.com\/de\/wp-json\/wp\/v2\/types\/product"}],"wp:featuredmedia":[{"embeddable":true,"href":"https:\/\/www.diotrol.com\/de\/wp-json\/wp\/v2\/media\/13112"}],"wp:attachment":[{"href":"https:\/\/www.diotrol.com\/de\/wp-json\/wp\/v2\/media?parent=16562"}],"wp:term":[{"taxonomy":"product_brand","embeddable":true,"href":"https:\/\/www.diotrol.com\/de\/wp-json\/wp\/v2\/product_brand?post=16562"},{"taxonomy":"product_cat","embeddable":true,"href":"https:\/\/www.diotrol.com\/de\/wp-json\/wp\/v2\/product_cat?post=16562"},{"taxonomy":"product_tag","embeddable":true,"href":"https:\/\/www.diotrol.com\/de\/wp-json\/wp\/v2\/product_tag?post=16562"}],"curies":[{"name":"wp","href":"https:\/\/api.w.org\/{rel}","templated":true}]}}