{"id":16566,"date":"2023-03-31T09:15:30","date_gmt":"2023-03-31T08:15:30","guid":{"rendered":"https:\/\/www.diotrol.com\/produkt\/diotrol-golden-oil-diluter-2\/"},"modified":"2024-07-15T08:01:53","modified_gmt":"2024-07-15T07:01:53","slug":"diotrol-golden-oil-diluter","status":"publish","type":"product","link":"https:\/\/www.diotrol.com\/de\/produkt\/diotrol-golden-oil-diluter\/","title":{"rendered":"Diotrol Golden Oil Diluter"},"content":{"rendered":"<p><span style=\"font-size: 16px\">Diotrol Golden Oil Diluter enth\u00e4lt 0% VOC, ist geruchlos und wird zum Verd\u00fcnnen von Diotrol Golden Oil Onecoat verwendet. Die beiden Produkte sind je nach Bedarf in jedem Verh\u00e4ltnis mischbar.<\/span><\/p>\n<div class=\"elementor-element elementor-element-a275083 elementor-widget elementor-widget-heading\" data-id=\"a275083\" data-element_type=\"widget\" data-widget_type=\"heading.default\">\n<div class=\"elementor-widget-container\">\n<h2 class=\"elementor-heading-title elementor-size-default\">Technische Daten<\/h2>\n<\/div>\n<\/div>\n<div class=\"elementor-element elementor-element-27dcf37 elementor-widget elementor-widget-text-editor\" data-id=\"27dcf37\" data-element_type=\"widget\" data-widget_type=\"text-editor.default\">\n<div class=\"elementor-widget-container\">\n<p><b>Gebinde:<\/b> 1L, 5L<\/p>\n<\/div>\n<\/div>\n<div class=\"elementor-element elementor-element-d5a292a elementor-widget elementor-widget-heading\" data-id=\"d5a292a\" data-element_type=\"widget\" data-widget_type=\"heading.default\">\n<div class=\"elementor-widget-container\">\n<h2 class=\"elementor-heading-title elementor-size-default\">Wissenswertes | Tipps und Tricks<\/h2>\n<\/div>\n<\/div>\n<div class=\"elementor-element elementor-element-a250e4a elementor-widget elementor-widget-text-editor\" data-id=\"a250e4a\" data-element_type=\"widget\" data-widget_type=\"text-editor.default\">\n<div class=\"elementor-widget-container\">\n<p><b>Besondere Hinweise<\/b><\/p>\n<p>K\u00fchl und trocken lagern. Vor zu starker Erw\u00e4rmung und Z\u00fcndquellen fernhalten.<\/p>\n<h2>M\u00f6gliche Gefahren<\/h2>\n<p><strong>Einstufung des Stoffs oder Gemischs<\/strong><br \/>\nVerordnung (EG) Nr. 1272\/2008<br \/>\nGefahrenkategorien:<br \/>\nAspirationsgefahr: Asp. 1<br \/>\n<strong>Gefahrenhinweise:<\/strong><br \/>\nKann bei Verschlucken und Eindringen in die Atemwege t\u00f6dlich sein .<br \/>\n<strong>Kennzeichnungselemente<\/strong><br \/>\nVerordnung (EG) Nr. 1272\/2008<br \/>\nSignalwort: Gefahr<br \/>\n<img decoding=\"async\" class=\"alignnone size-full wp-image-35347\" src=\"https:\/\/www.diotrol.com\/wp-content\/uploads\/gefahrensymbol.png\" alt=\"\" width=\"111\" height=\"102\"><br \/>\nKann bei Verschlucken und Eindringen in die Atemwege t\u00f6dlich sein .<br \/>\nGefahrenhinweise<br \/>\nIst \u00e4rztlicher Rat erforderlich, Verpackung oder Kennzeichnungsetikett bereithalten .<br \/>\nDarf nicht in die H\u00e4nde von Kindern gelangen.<br \/>\nVor Gebrauch Kennzeichnungsetikett lesen.<br \/>\nEinatmen von Staub\/Rauch\/Gas\/Nebel\/Dampf\/Aerosol vermeiden.<br \/>\nNur im Freien oder in gut bel\u00fcfteten R\u00e4umen verwenden.<br \/>\nBEI EINATMEN: Die Person an die frische Luft bringen und f\u00fcr ungehinderte Atmung sorgen.<br \/>\nGIFTINFORMATIONSZENTRUM\/Arzt anrufen.<br \/>\nAn einem gut bel\u00fcfteten Ort aufbewahren. Beh\u00e4lter dicht verschlossen halten.<br \/>\nUnter Verschluss aufbewahren.<\/p>\n<p><a href=\"https:\/\/indd.adobe.com\/view\/21746897-3cae-49e8-af37-538883775f35\" target=\"_blank\" rel=\"nofollow noopener\">Weitere Informationen und Referenzbilder finden Sie in unserer Brosch\u00fcre.<\/a><\/p>\n<\/div>\n<\/div>\n","protected":false},"excerpt":{"rendered":"<p>Diotrol Golden Oil Diluter enth\u00e4lt 0% VOC, ist geruchlos und wird zum Verd\u00fcnnen von Diotrol Golden Oil Onecoat verwendet. Die beiden Produkte sind je nach Bedarf in jedem Verh\u00e4ltnis mischbar.<\/p>\n","protected":false},"featured_media":13113,"template":"","meta":{"site-sidebar-layout":"default","site-content-layout":"default","ast-site-content-layout":"default","site-content-style":"default","site-sidebar-style":"default","ast-global-header-display":"","ast-banner-title-visibility":"","ast-main-header-display":"","ast-hfb-above-header-display":"","ast-hfb-below-header-display":"","ast-hfb-mobile-header-display":"","site-post-title":"","ast-breadcrumbs-content":"","ast-featured-img":"","footer-sml-layout":"","theme-transparent-header-meta":"default","adv-header-id-meta":"","stick-header-meta":"default","header-above-stick-meta":"","header-main-stick-meta":"","header-below-stick-meta":"","astra-migrate-meta-layouts":"default","ast-page-background-enabled":"default","ast-page-background-meta":{"desktop":{"background-color":"","background-image":"","background-repeat":"repeat","background-position":"center center","background-size":"auto","background-attachment":"scroll","background-type":"","background-media":"","overlay-type":"","overlay-color":"","overlay-opacity":"","overlay-gradient":""},"tablet":{"background-color":"","background-image":"","background-repeat":"repeat","background-position":"center center","background-size":"auto","background-attachment":"scroll","background-type":"","background-media":"","overlay-type":"","overlay-color":"","overlay-opacity":"","overlay-gradient":""},"mobile":{"background-color":"","background-image":"","background-repeat":"repeat","background-position":"center center","background-size":"auto","background-attachment":"scroll","background-type":"","background-media":"","overlay-type":"","overlay-color":"","overlay-opacity":"","overlay-gradient":""}},"ast-content-background-meta":{"desktop":{"background-color":"var(--ast-global-color-5)","background-image":"","background-repeat":"repeat","background-position":"center center","background-size":"auto","background-attachment":"scroll","background-type":"","background-media":"","overlay-type":"","overlay-color":"","overlay-opacity":"","overlay-gradient":""},"tablet":{"background-color":"var(--ast-global-color-5)","background-image":"","background-repeat":"repeat","background-position":"center center","background-size":"auto","background-attachment":"scroll","background-type":"","background-media":"","overlay-type":"","overlay-color":"","overlay-opacity":"","overlay-gradient":""},"mobile":{"background-color":"var(--ast-global-color-5)","background-image":"","background-repeat":"repeat","background-position":"center center","background-size":"auto","background-attachment":"scroll","background-type":"","background-media":"","overlay-type":"","overlay-color":"","overlay-opacity":"","overlay-gradient":""}}},"product_brand":[],"product_cat":[995,998,993,1235],"product_tag":[],"class_list":{"0":"post-16566","1":"product","2":"type-product","3":"status-publish","4":"has-post-thumbnail","6":"product_cat-beschichtung-de","7":"product_cat-beschichtung-de-3","8":"product_cat-golden-oil-de","9":"product_cat-golden-oil-extra-de","10":"pa_basis-oel-de","11":"pa_produktart-reinigung-de","12":"desktop-align-center","13":"tablet-align-center","14":"mobile-align-center","15":"ast-product-gallery-layout-horizontal-slider","16":"ast-product-gallery-with-no-image","17":"ast-magnify-disabled","18":"ast-product-single-variable","19":"ast-product-tabs-layout-horizontal","21":"first","22":"instock","23":"taxable","24":"shipping-taxable","25":"purchasable","26":"product-type-variable"},"_links":{"self":[{"href":"https:\/\/www.diotrol.com\/de\/wp-json\/wp\/v2\/product\/16566","targetHints":{"allow":["GET"]}}],"collection":[{"href":"https:\/\/www.diotrol.com\/de\/wp-json\/wp\/v2\/product"}],"about":[{"href":"https:\/\/www.diotrol.com\/de\/wp-json\/wp\/v2\/types\/product"}],"wp:featuredmedia":[{"embeddable":true,"href":"https:\/\/www.diotrol.com\/de\/wp-json\/wp\/v2\/media\/13113"}],"wp:attachment":[{"href":"https:\/\/www.diotrol.com\/de\/wp-json\/wp\/v2\/media?parent=16566"}],"wp:term":[{"taxonomy":"product_brand","embeddable":true,"href":"https:\/\/www.diotrol.com\/de\/wp-json\/wp\/v2\/product_brand?post=16566"},{"taxonomy":"product_cat","embeddable":true,"href":"https:\/\/www.diotrol.com\/de\/wp-json\/wp\/v2\/product_cat?post=16566"},{"taxonomy":"product_tag","embeddable":true,"href":"https:\/\/www.diotrol.com\/de\/wp-json\/wp\/v2\/product_tag?post=16566"}],"curies":[{"name":"wp","href":"https:\/\/api.w.org\/{rel}","templated":true}]}}