{"id":16577,"date":"2023-03-31T08:52:58","date_gmt":"2023-03-31T07:52:58","guid":{"rendered":"https:\/\/www.diotrol.com\/produkt\/diotrol-golden-oil-alba-white\/"},"modified":"2024-07-15T09:04:43","modified_gmt":"2024-07-15T08:04:43","slug":"diotrol-golden-oil-alba-white","status":"publish","type":"product","link":"https:\/\/www.diotrol.com\/de\/produkt\/diotrol-golden-oil-alba-white\/","title":{"rendered":"Diotrol Golden Oil Alba White"},"content":{"rendered":"<div class=\"elementor-element elementor-element-ba87911 elementor-widget elementor-widget-text-editor\" data-id=\"ba87911\" data-element_type=\"widget\" data-widget_type=\"text-editor.default\">\n<div class=\"elementor-widget-container\">Diotrol Golden Oil Alba White ist ein universell einsetzbares, weisses Hartwachs\u00f6l. F\u00fcr die Herstellung werden ausschliesslich reine Natur\u00f6le aus nachwachsenden Rohstoffen in Kombination mit verschiedenen Wachsen verwendet. Diotrol Golden Oil ist kobaltfrei sikkativiert, enth\u00e4lt 0% VOC und keine Schadstoffe. Es kann unbedenklich eingesetzt werden, um Holz vor Wasser und Haushaltschemikalien zu sch\u00fctzen. Diotrol Golden Oil ist geeignet f\u00fcr alle Holzarten und Anwendungsbereiche im Innenbereich wie zum Beispiel Parkett, M\u00f6bel, Vert\u00e4felungen und Wandbekleidungen. Bereits ein einmaliger Auftrag ergibt eine seidenweiche und strapazierf\u00e4hige Oberfl\u00e4che.<\/div>\n<\/div>\n<div class=\"elementor-element elementor-element-70f1eac elementor-widget elementor-widget-heading\" data-id=\"70f1eac\" data-element_type=\"widget\" data-widget_type=\"heading.default\">\n<div class=\"elementor-widget-container\">\n<h2 class=\"elementor-heading-title elementor-size-default\">Technische Daten<\/h2>\n<\/div>\n<\/div>\n<div class=\"elementor-element elementor-element-1a37e1a elementor-widget elementor-widget-text-editor\" data-id=\"1a37e1a\" data-element_type=\"widget\" data-widget_type=\"text-editor.default\">\n<div class=\"elementor-widget-container\">\n<p><b>Gebinde<\/b>: 70g, 350g, 700g, 1.4kg, 7kg<\/p>\n<\/div>\n<\/div>\n<div class=\"elementor-element elementor-element-f4a7233 elementor-widget elementor-widget-heading\" data-id=\"f4a7233\" data-element_type=\"widget\" data-widget_type=\"heading.default\">\n<div class=\"elementor-widget-container\">\n<h2 class=\"elementor-heading-title elementor-size-default\">Wissenswertes | Tipps und Tricks<\/h2>\n<\/div>\n<\/div>\n<div class=\"elementor-element elementor-element-3cbf49a elementor-widget elementor-widget-text-editor\" data-id=\"3cbf49a\" data-element_type=\"widget\" data-widget_type=\"text-editor.default\">\n<div class=\"elementor-widget-container\">\n<p><b>Kurzanleitung<\/b><br \/>\n01 Golden Oil gleichm\u00e4\u00dfig auf der Oberfl\u00e4che verteilen. 02 10\u201330 min einwirken lassen, je nach Holzart.<br \/>\n(03) \u00dcbersch\u00fcssiges \u00d6l entfernen. 04 Das Produkt ins Holz einarbeiten. 05 Die Oberfl\u00e4che muss hand-<br \/>\ntrocken erscheinen. 06 Der Boden ist nach 24\u201336 Stunden begehbar. 07 Nassreinigung fr\u00fchestens nach<br \/>\n5\u20137 Tagen.<\/p>\n<p><b>Besondere Hinweise<\/b><br \/>\nSelbstentz\u00fcndungsgefahr. Getr\u00e4nkte Lappen gut ausgebreitet an der Luft trocknen lassen oder luftdicht abgeschlossen aufbewahren. Von Z\u00fcndquellen fernhalten und sachgerecht entsorgen. <\/p>\n<h2>M\u00f6gliche Gefahren<\/h2>\n<p><strong>Einstufung des Stoffs oder Gemischs<\/strong><br \/>\nVerordnung (EG) Nr. 1272\/2008<br \/>\nDas Gemisch ist nicht als gef\u00e4hrlich eingestuft im Sinne der Verordnung (EG) Nr. 1272\/2008.<br \/>\n<strong>Kennzeichnungselemente<\/strong><br \/>\nEs liegen keine Informationen vor.<\/p>\n<p><a href=\"https:\/\/indd.adobe.com\/view\/21746897-3cae-49e8-af37-538883775f35\" target=\"_blank\" rel=\"nofollow noopener\">Weitere Informationen und Referenzbilder finden Sie in unserer Brosch\u00fcre.<\/a><\/p>\n<\/div>\n<\/div>\n","protected":false},"excerpt":{"rendered":"<p>Diotrol Golden Oil Alba White ist ein universell einsetzbares, weisses Hartwachs\u00f6l. F\u00fcr die Herstellung werden ausschliesslich reine Natur\u00f6le aus nachwachsenden Rohstoffen in Kombination mit verschiedenen Wachsen verwendet.<\/p>\n","protected":false},"featured_media":13122,"template":"","meta":{"site-sidebar-layout":"default","site-content-layout":"default","ast-site-content-layout":"default","site-content-style":"default","site-sidebar-style":"default","ast-global-header-display":"","ast-banner-title-visibility":"","ast-main-header-display":"","ast-hfb-above-header-display":"","ast-hfb-below-header-display":"","ast-hfb-mobile-header-display":"","site-post-title":"","ast-breadcrumbs-content":"","ast-featured-img":"","footer-sml-layout":"","theme-transparent-header-meta":"default","adv-header-id-meta":"","stick-header-meta":"default","header-above-stick-meta":"","header-main-stick-meta":"","header-below-stick-meta":"","astra-migrate-meta-layouts":"default","ast-page-background-enabled":"default","ast-page-background-meta":{"desktop":{"background-color":"","background-image":"","background-repeat":"repeat","background-position":"center center","background-size":"auto","background-attachment":"scroll","background-type":"","background-media":"","overlay-type":"","overlay-color":"","overlay-opacity":"","overlay-gradient":""},"tablet":{"background-color":"","background-image":"","background-repeat":"repeat","background-position":"center center","background-size":"auto","background-attachment":"scroll","background-type":"","background-media":"","overlay-type":"","overlay-color":"","overlay-opacity":"","overlay-gradient":""},"mobile":{"background-color":"","background-image":"","background-repeat":"repeat","background-position":"center center","background-size":"auto","background-attachment":"scroll","background-type":"","background-media":"","overlay-type":"","overlay-color":"","overlay-opacity":"","overlay-gradient":""}},"ast-content-background-meta":{"desktop":{"background-color":"var(--ast-global-color-5)","background-image":"","background-repeat":"repeat","background-position":"center center","background-size":"auto","background-attachment":"scroll","background-type":"","background-media":"","overlay-type":"","overlay-color":"","overlay-opacity":"","overlay-gradient":""},"tablet":{"background-color":"var(--ast-global-color-5)","background-image":"","background-repeat":"repeat","background-position":"center center","background-size":"auto","background-attachment":"scroll","background-type":"","background-media":"","overlay-type":"","overlay-color":"","overlay-opacity":"","overlay-gradient":""},"mobile":{"background-color":"var(--ast-global-color-5)","background-image":"","background-repeat":"repeat","background-position":"center center","background-size":"auto","background-attachment":"scroll","background-type":"","background-media":"","overlay-type":"","overlay-color":"","overlay-opacity":"","overlay-gradient":""}}},"product_brand":[],"product_cat":[998,1038,993,1001,997],"product_tag":[],"class_list":{"0":"post-16577","1":"product","2":"type-product","3":"status-publish","4":"has-post-thumbnail","6":"product_cat-beschichtung-de-3","7":"product_cat-beschichtung-de-4","8":"product_cat-golden-oil-de","9":"product_cat-interior-de","10":"product_cat-pflege-oel-de","11":"pa_basis-oel-de","12":"pa_beschichtung-deckend-de","13":"pa_beschichtung-farblos-de","14":"pa_farbton-kollektion-antik-wood-de","15":"pa_farbton-kollektion-diotrol-plus-de","16":"pa_farbton-kollektion-farblos-de","17":"pa_farbton-kollektion-nordic-collection-longlife-de","18":"pa_produktart-holzoele-de","19":"desktop-align-center","20":"tablet-align-center","21":"mobile-align-center","22":"ast-product-gallery-layout-horizontal-slider","23":"ast-product-gallery-with-no-image","24":"ast-magnify-disabled","25":"ast-product-single-variable","26":"ast-product-tabs-layout-horizontal","28":"first","29":"instock","30":"taxable","31":"shipping-taxable","32":"purchasable","33":"product-type-variable"},"_links":{"self":[{"href":"https:\/\/www.diotrol.com\/de\/wp-json\/wp\/v2\/product\/16577","targetHints":{"allow":["GET"]}}],"collection":[{"href":"https:\/\/www.diotrol.com\/de\/wp-json\/wp\/v2\/product"}],"about":[{"href":"https:\/\/www.diotrol.com\/de\/wp-json\/wp\/v2\/types\/product"}],"wp:featuredmedia":[{"embeddable":true,"href":"https:\/\/www.diotrol.com\/de\/wp-json\/wp\/v2\/media\/13122"}],"wp:attachment":[{"href":"https:\/\/www.diotrol.com\/de\/wp-json\/wp\/v2\/media?parent=16577"}],"wp:term":[{"taxonomy":"product_brand","embeddable":true,"href":"https:\/\/www.diotrol.com\/de\/wp-json\/wp\/v2\/product_brand?post=16577"},{"taxonomy":"product_cat","embeddable":true,"href":"https:\/\/www.diotrol.com\/de\/wp-json\/wp\/v2\/product_cat?post=16577"},{"taxonomy":"product_tag","embeddable":true,"href":"https:\/\/www.diotrol.com\/de\/wp-json\/wp\/v2\/product_tag?post=16577"}],"curies":[{"name":"wp","href":"https:\/\/api.w.org\/{rel}","templated":true}]}}