{"id":29062,"date":"2024-02-19T14:43:12","date_gmt":"2024-02-19T12:43:12","guid":{"rendered":"https:\/\/www.diotrol.com\/produkt\/holzleim-d3\/"},"modified":"2026-04-14T10:16:37","modified_gmt":"2026-04-14T08:16:37","slug":"holzleim-d3","status":"publish","type":"product","link":"https:\/\/www.diotrol.com\/de\/produkt\/holzleim-d3\/","title":{"rendered":"Holzleim D3"},"content":{"rendered":"<h2 class=\"elementor-heading-title elementor-size-default\">Diotrol Holzleim D3<\/h2>\n<p>Diotrol Holzleim D3 ist ein gebrauchsfertiger und universell einsetzbarer 1K-Holzkaltleim. Durch seine hervorragende Best\u00e4ndigkeit und hohe Bindekraft ist er f\u00fcr alle Anwendungen im Innen- und Aussenbereich geeignet. Besonders auch f\u00fcr Fenster, Haust\u00fcren, M\u00f6bel, und Elementebau, sowie f\u00fcr Feuchtr\u00e4ume (z.B. K\u00fcche, Bad) und Parkett. F\u00fcr die Anwendung mit Leimmaschinen empfehlen wir unsere <a href=\"\/produkt\/holzleim-d3-m10\/\">Spezialeinstellung \u201eM10\u201c.<\/a> Diotrol Holzleim D3 ist generell verf\u00e4rbungsfrei und enth\u00e4lt weder Formaldehyd noch L\u00f6semittel.<\/p>\n<p>Diotrol Holzleim D3 ist gepr\u00fcft durch das ift Rosenheim und erf\u00fcllt die Beanspruchungsklasse D3 (DIN EN 204\/205), die DIN EN 14257 (WATT `91) &gt;8,0 N\/mm\u00b2 bei 80\u00b0C, sowie die Richtlinie zur Verklebung von Fenstereckverbindungen im Holzfensterbau. Diotrol Holzleim D3 erzielt zudem hervorragende Werte bez\u00fcglich Fugendichtheit und Klebefestigkeit auch nach Bewitterung und erf\u00fcllt daher auch die speziellen Anforderungen bei lamellierten Profilen f\u00fcr Holzfenster.<\/p>\n<div class=\"elementor-element elementor-element-985e603 elementor-widget elementor-widget-heading\" data-id=\"985e603\" data-element_type=\"widget\" data-widget_type=\"heading.default\">\n<div class=\"elementor-widget-container\">\n<h2 class=\"elementor-heading-title elementor-size-default\">Technische Daten<\/h2>\n<\/div>\n<\/div>\n<p><strong>Anwendungsbereich:<\/strong> Innen- und Aussenbereich. Alle Holzarten (Hart-, Weichholz und Exoten), Span- und Schichtstoffplatten, sowie Furnier- und Kantenh\u00f6lzer (ausser PVC). Zum Beispiel Parkett- und Laminatverlegung (Nut\/Federverleimung), Fenster, T\u00fcren, Treppen, Parkett und M\u00f6bel (auch Feuchtraum). Fl\u00e4chenkaschierung von Holzwerkstoffen mit (Finish-)Folien, Fl\u00e4chenverleimung von HPL, CPL.<\/p>\n<p><strong>Farbt\u00f6ne:<\/strong> Weiss, nach Trocknung transparent<\/p>\n<p><strong>Gebinde:<\/strong> 500ml, 750ml, 6kg, 12kg, 29kg Plastikgebinde<\/p>\n<p><strong>Lagerstabilit\u00e4t:<\/strong> In gut verschlossenen Originalgebinden (Kunststoff) mindestens 12 Monate lagerf\u00e4hig. K\u00fchl (15 \u2013 25\u00b0C) und trocken lagern. Frostbest\u00e4ndig bis -20\u00b0C, <strong>vor Dauerfrost sch\u00fctzen.<\/strong> Nicht mit Eisen in Ber\u00fchrung kommen lassen.<\/p>\n<p><strong>Untergrundbeschaffenheit<\/strong> Das Holz muss sauber, fett-, harz- und wachsfrei sein. Die ideale Verarbeitungstemperatur liegt zwischen 15 \u2013 20\u00b0C. Idealerweise sollte die Holzfeuchtigkeit nicht mehr als 8 \u2013 12% betragen. Im Aussenbereich: 13% +\/-2% (bei einer rel. Luftfeuchtigkeit von 60 \u2013 70%).<\/p>\n<p><strong>Verarbeitung:<\/strong> Die Offenzeit betr\u00e4gt ca. 5 \u2013 8 Minuten, je nach Raumtemperatur.  Bei Maschineneinstellung (M10) verl\u00e4ngert sich die Offenzeit auf 15 Minuten.<br \/>\nDiotrol Holzleim D3 vor Gebrauch auf Raumtemperatur bringen. Falls der Leim unterk\u00fchlt ist oder Frost erfahren hat, langsam im normal temperierten Raum auftauen lassen und vor Gebrauch gut umr\u00fchren.<br \/>\nDiotrol Holzleim D3 kann im Kalt-, Heiss- oder Hochfrequenzverfahren angewendet werden. Geeignet f\u00fcr den Hand- oder Maschinenauftrag.<\/p>\n<p><strong>Werkzeuge:<\/strong> Verarbeitung durch Pinsel, Spachtel, Roller oder Leim-Auftragsmaschine.<br \/>\nWir empfehlen f\u00fcr leimf\u00fchrende Teile die Verwendung von V4A-Stahl, bzw. indifferentem Kunststoff (z.B. PP, Polyamid oder Teflon).  Kontakte mit Metallen (z.B. Eisen, Messing, Zink, Kupfer, Aluminium) ist zu vermeiden.<br \/>\nMaschinen und Ger\u00e4te nach Gebrauch mit kaltem oder warmem Wasser unter Verwendung eines handels\u00fcblichen Reinigungskonzentrats reinigen.<\/p>\n<p><strong>Verbrauch:<\/strong> 120 \u2013 150 g\/m\u00b2 pro Auftrag. Kann je nach Beschaffenheit und Saugf\u00e4higkeit des Untergrundes und der Auftragsart variieren.<\/p>\n","protected":false},"excerpt":{"rendered":"<p>Diotrol Holzleim D3 Diotrol Holzleim D3 ist ein gebrauchsfertiger und universell einsetzbarer 1K-Holzkaltleim. Durch seine hervorragende Best\u00e4ndigkeit und hohe Bindekraft ist er f\u00fcr alle Anwendungen im Innen- und Aussenbereich geeignet. Besonders auch f\u00fcr Fenster, Haust\u00fcren, M\u00f6bel, und Elementebau, sowie f\u00fcr Feuchtr\u00e4ume (z.B. K\u00fcche, Bad) und Parkett. F\u00fcr die Anwendung mit Leimmaschinen empfehlen wir unsere Spezialeinstellung [&hellip;]<\/p>\n","protected":false},"featured_media":30196,"template":"","meta":{"site-sidebar-layout":"default","site-content-layout":"","ast-site-content-layout":"default","site-content-style":"default","site-sidebar-style":"default","ast-global-header-display":"","ast-banner-title-visibility":"","ast-main-header-display":"","ast-hfb-above-header-display":"","ast-hfb-below-header-display":"","ast-hfb-mobile-header-display":"","site-post-title":"","ast-breadcrumbs-content":"","ast-featured-img":"","footer-sml-layout":"","theme-transparent-header-meta":"default","adv-header-id-meta":"","stick-header-meta":"default","header-above-stick-meta":"","header-main-stick-meta":"","header-below-stick-meta":"","astra-migrate-meta-layouts":"default","ast-page-background-enabled":"default","ast-page-background-meta":{"desktop":{"background-color":"","background-image":"","background-repeat":"repeat","background-position":"center center","background-size":"auto","background-attachment":"scroll","background-type":"","background-media":"","overlay-type":"","overlay-color":"","overlay-opacity":"","overlay-gradient":""},"tablet":{"background-color":"","background-image":"","background-repeat":"repeat","background-position":"center center","background-size":"auto","background-attachment":"scroll","background-type":"","background-media":"","overlay-type":"","overlay-color":"","overlay-opacity":"","overlay-gradient":""},"mobile":{"background-color":"","background-image":"","background-repeat":"repeat","background-position":"center center","background-size":"auto","background-attachment":"scroll","background-type":"","background-media":"","overlay-type":"","overlay-color":"","overlay-opacity":"","overlay-gradient":""}},"ast-content-background-meta":{"desktop":{"background-color":"var(--ast-global-color-5)","background-image":"","background-repeat":"repeat","background-position":"center center","background-size":"auto","background-attachment":"scroll","background-type":"","background-media":"","overlay-type":"","overlay-color":"","overlay-opacity":"","overlay-gradient":""},"tablet":{"background-color":"var(--ast-global-color-5)","background-image":"","background-repeat":"repeat","background-position":"center center","background-size":"auto","background-attachment":"scroll","background-type":"","background-media":"","overlay-type":"","overlay-color":"","overlay-opacity":"","overlay-gradient":""},"mobile":{"background-color":"var(--ast-global-color-5)","background-image":"","background-repeat":"repeat","background-position":"center center","background-size":"auto","background-attachment":"scroll","background-type":"","background-media":"","overlay-type":"","overlay-color":"","overlay-opacity":"","overlay-gradient":""}}},"product_brand":[],"product_cat":[1030,1288,1019,1025,1021,1026,1022,1027,1023,1024,1229,1231,1239,1244,1246],"product_tag":[],"class_list":{"0":"post-29062","1":"product","2":"type-product","3":"status-publish","4":"has-post-thumbnail","6":"product_cat-aussenbereich-de","7":"product_cat-holzleim-de","8":"product_cat-innenbereich-de","9":"product_cat-zubehoer-de-5","10":"product_cat-zubehoer-de","11":"product_cat-zubehoer-de-6","12":"product_cat-zubehoer-de-2","13":"product_cat-zubehoer-de-7","14":"product_cat-zubehoer-de-3","15":"product_cat-zubehoer-de-4","16":"product_cat-blockhaus-de","17":"product_cat-fenster-tueren-de","18":"product_cat-parkett-moebel-de","19":"product_cat-renovierung-de","20":"product_cat-terrasse-de","21":"pa_basis-wasser-de","22":"pa_produktart-holzleim-de","23":"desktop-align-center","24":"tablet-align-center","25":"mobile-align-center","26":"ast-product-gallery-layout-horizontal-slider","27":"ast-product-gallery-with-no-image","28":"ast-magnify-disabled","29":"ast-product-single-variable","30":"ast-product-tabs-layout-horizontal","32":"first","33":"instock","34":"taxable","35":"shipping-taxable","36":"purchasable","37":"product-type-variable"},"_links":{"self":[{"href":"https:\/\/www.diotrol.com\/de\/wp-json\/wp\/v2\/product\/29062","targetHints":{"allow":["GET"]}}],"collection":[{"href":"https:\/\/www.diotrol.com\/de\/wp-json\/wp\/v2\/product"}],"about":[{"href":"https:\/\/www.diotrol.com\/de\/wp-json\/wp\/v2\/types\/product"}],"wp:featuredmedia":[{"embeddable":true,"href":"https:\/\/www.diotrol.com\/de\/wp-json\/wp\/v2\/media\/30196"}],"wp:attachment":[{"href":"https:\/\/www.diotrol.com\/de\/wp-json\/wp\/v2\/media?parent=29062"}],"wp:term":[{"taxonomy":"product_brand","embeddable":true,"href":"https:\/\/www.diotrol.com\/de\/wp-json\/wp\/v2\/product_brand?post=29062"},{"taxonomy":"product_cat","embeddable":true,"href":"https:\/\/www.diotrol.com\/de\/wp-json\/wp\/v2\/product_cat?post=29062"},{"taxonomy":"product_tag","embeddable":true,"href":"https:\/\/www.diotrol.com\/de\/wp-json\/wp\/v2\/product_tag?post=29062"}],"curies":[{"name":"wp","href":"https:\/\/api.w.org\/{rel}","templated":true}]}}