{"id":29894,"date":"2024-02-28T18:32:20","date_gmt":"2024-02-28T17:32:20","guid":{"rendered":"https:\/\/www.diotrol.com\/?post_type=product&#038;p=29894"},"modified":"2024-03-20T10:46:27","modified_gmt":"2024-03-20T09:46:27","slug":"dp-diotrol-plus-kopie","status":"publish","type":"product","link":"https:\/\/www.diotrol.com\/de\/produkt\/dp-diotrol-plus-kopie\/","title":{"rendered":"DP \u2013 DIOTROL PLUS"},"content":{"rendered":"<div id=\"comp-kiypkye1\" class=\"BaOVQ8 tz5f0K comp-kiypkye1 wixui-rich-text\" data-testid=\"richTextElement\">\n<p>DIE DIOTROL PLUS KOLLEKTION \u2013 DAS PLUS F\u00dcR IHR HOLZ!<\/p>\n<p>Die 17 lasierenden Farbt\u00f6ne decken von heller Fichte bis dunklem Ebenholz alle nat\u00fcrlichen Holzt\u00f6ne ab.<\/p>\n<p class=\"font_7 wixui-rich-text__text\"><span class=\"wixui-rich-text__text\"><span class=\"wixGuard wixui-rich-text__text\"><a href=\"https:\/\/www.diotrol.com\/wp-content\/uploads\/2023\/07\/Colorcard2023_web.pdf\">Colorcard<\/a>\u200b<\/span><\/span><\/p>\n<\/div>\n<div id=\"comp-kiypkye1\" class=\"BaOVQ8 tz5f0K comp-kiypkye1 wixui-rich-text\" data-testid=\"richTextElement\">\n<p class=\"font_7 wixui-rich-text__text\"><span class=\"wixui-rich-text__text\">Zu beachten:<\/span><span class=\"wixui-rich-text__text\"> Die dargestellten Farbt\u00f6ne sind nicht farbverbindlich.<\/span><\/p>\n<\/div>\n","protected":false},"excerpt":{"rendered":"<p>DIE DIOTROL PLUS KOLLEKTION \u2013 DAS PLUS F\u00dcR IHR HOLZ! Die 17 lasierenden Farbt\u00f6ne decken von heller Fichte bis dunklem Ebenholz alle nat\u00fcrlichen Holzt\u00f6ne ab. Colorcard\u200b Zu beachten: Die dargestellten Farbt\u00f6ne sind nicht farbverbindlich.<\/p>\n","protected":false},"featured_media":26968,"template":"","meta":{"site-sidebar-layout":"default","site-content-layout":"default","ast-site-content-layout":"default","site-content-style":"default","site-sidebar-style":"default","ast-global-header-display":"","ast-banner-title-visibility":"","ast-main-header-display":"","ast-hfb-above-header-display":"","ast-hfb-below-header-display":"","ast-hfb-mobile-header-display":"","site-post-title":"","ast-breadcrumbs-content":"","ast-featured-img":"","footer-sml-layout":"","theme-transparent-header-meta":"default","adv-header-id-meta":"","stick-header-meta":"default","header-above-stick-meta":"","header-main-stick-meta":"","header-below-stick-meta":"","astra-migrate-meta-layouts":"set","ast-page-background-enabled":"default","ast-page-background-meta":{"desktop":{"background-color":"","background-image":"","background-repeat":"repeat","background-position":"center center","background-size":"auto","background-attachment":"scroll","background-type":"","background-media":"","overlay-type":"","overlay-color":"","overlay-opacity":"","overlay-gradient":""},"tablet":{"background-color":"","background-image":"","background-repeat":"repeat","background-position":"center center","background-size":"auto","background-attachment":"scroll","background-type":"","background-media":"","overlay-type":"","overlay-color":"","overlay-opacity":"","overlay-gradient":""},"mobile":{"background-color":"","background-image":"","background-repeat":"repeat","background-position":"center center","background-size":"auto","background-attachment":"scroll","background-type":"","background-media":"","overlay-type":"","overlay-color":"","overlay-opacity":"","overlay-gradient":""}},"ast-content-background-meta":{"desktop":{"background-color":"var(--ast-global-color-5)","background-image":"","background-repeat":"repeat","background-position":"center center","background-size":"auto","background-attachment":"scroll","background-type":"","background-media":"","overlay-type":"","overlay-color":"","overlay-opacity":"","overlay-gradient":""},"tablet":{"background-color":"var(--ast-global-color-5)","background-image":"","background-repeat":"repeat","background-position":"center center","background-size":"auto","background-attachment":"scroll","background-type":"","background-media":"","overlay-type":"","overlay-color":"","overlay-opacity":"","overlay-gradient":""},"mobile":{"background-color":"var(--ast-global-color-5)","background-image":"","background-repeat":"repeat","background-position":"center center","background-size":"auto","background-attachment":"scroll","background-type":"","background-media":"","overlay-type":"","overlay-color":"","overlay-opacity":"","overlay-gradient":""}}},"product_brand":[],"product_cat":[1175],"product_tag":[],"class_list":{"0":"post-29894","1":"product","2":"type-product","3":"status-publish","4":"has-post-thumbnail","6":"product_cat-farbkarten-de","7":"desktop-align-center","8":"tablet-align-center","9":"mobile-align-center","10":"ast-product-gallery-layout-horizontal-slider","11":"ast-magnify-disabled","12":"ast-product-tabs-layout-horizontal","14":"first","15":"instock","16":"taxable","17":"shipping-taxable","18":"product-type-simple"},"_links":{"self":[{"href":"https:\/\/www.diotrol.com\/de\/wp-json\/wp\/v2\/product\/29894","targetHints":{"allow":["GET"]}}],"collection":[{"href":"https:\/\/www.diotrol.com\/de\/wp-json\/wp\/v2\/product"}],"about":[{"href":"https:\/\/www.diotrol.com\/de\/wp-json\/wp\/v2\/types\/product"}],"wp:featuredmedia":[{"embeddable":true,"href":"https:\/\/www.diotrol.com\/de\/wp-json\/wp\/v2\/media\/26968"}],"wp:attachment":[{"href":"https:\/\/www.diotrol.com\/de\/wp-json\/wp\/v2\/media?parent=29894"}],"wp:term":[{"taxonomy":"product_brand","embeddable":true,"href":"https:\/\/www.diotrol.com\/de\/wp-json\/wp\/v2\/product_brand?post=29894"},{"taxonomy":"product_cat","embeddable":true,"href":"https:\/\/www.diotrol.com\/de\/wp-json\/wp\/v2\/product_cat?post=29894"},{"taxonomy":"product_tag","embeddable":true,"href":"https:\/\/www.diotrol.com\/de\/wp-json\/wp\/v2\/product_tag?post=29894"}],"curies":[{"name":"wp","href":"https:\/\/api.w.org\/{rel}","templated":true}]}}