{"id":33272,"date":"2023-03-31T08:42:44","date_gmt":"2023-03-31T07:42:44","guid":{"rendered":"https:\/\/www.diotrol.com\/produkt\/diotrol-pu-aquasiegel\/"},"modified":"2024-06-06T08:30:40","modified_gmt":"2024-06-06T07:30:40","slug":"diotrol-pu-aquasiegel","status":"publish","type":"product","link":"https:\/\/www.diotrol.com\/de\/produkt\/diotrol-pu-aquasiegel\/","title":{"rendered":"Diotrol PU Aquasiegel"},"content":{"rendered":"<div class=\"elementor-element elementor-element-7b7279c elementor-widget elementor-widget-text-editor\" data-id=\"7b7279c\" data-element_type=\"widget\" data-widget_type=\"text-editor.default\">\n<div class=\"elementor-widget-container\">\n<p>Diotrol PU Aquasiegel ist ein wasserverd\u00fcnnbarer und geruchsarmer Hochleistungs-Siegellack mit 100% Polyurethanharz. Es ergeben sich sehr z\u00e4he, elastische, verschleissfeste und vergilbungsfreie Versiegelungen auf Parkett und anderen hoch beanspruchten Holzoberfl\u00e4chen im Innenbereich. Die Best\u00e4ndigkeit gegen Wasser, Alkohol und Haushaltschemikalien ist ausgezeichnet.<\/p>\n<\/div>\n<\/div>\n<div class=\"elementor-element elementor-element-2de2b33 elementor-widget elementor-widget-heading\" data-id=\"2de2b33\" data-element_type=\"widget\" data-widget_type=\"heading.default\">\n<div class=\"elementor-widget-container\">\n<h2 class=\"elementor-heading-title elementor-size-default\">Technische Daten<\/h2>\n<\/div>\n<\/div>\n<div class=\"elementor-element elementor-element-77697c2 elementor-widget elementor-widget-text-editor\" data-id=\"77697c2\" data-element_type=\"widget\" data-widget_type=\"text-editor.default\">\n<div class=\"elementor-widget-container\">\n<p><b>Einsatzgebiet<\/b> Versiegelung f\u00fcr Parkettb\u00f6den<\/p>\n<p><b>Gebinde<\/b> 1L | 5L | 20L<\/p>\n<p><b>Farbt\u00f6ne<\/b> Farblos<\/p>\n<p><b>Verbrauch<\/b> 80-100g\/m\u00b2 pro Anstrich<\/p>\n<p><b>Verarbeitung <\/b>Pinsel<\/p>\n<\/div>\n<\/div>\n<div class=\"elementor-element elementor-element-d2db351 elementor-widget elementor-widget-heading\" data-id=\"d2db351\" data-element_type=\"widget\" data-widget_type=\"heading.default\">\n<div class=\"elementor-widget-container\">\n<h2 class=\"elementor-heading-title elementor-size-default\">Wissenswertes | Tipps und Tricks<\/h2>\n<\/div>\n<\/div>\n<div class=\"elementor-element elementor-element-8b83f25 elementor-widget elementor-widget-text-editor\" data-id=\"8b83f25\" data-element_type=\"widget\" data-widget_type=\"text-editor.default\">\n<div class=\"elementor-widget-container\">\n<p>Diotrol PU Aquasiegel eignet sich hervorragend f\u00fcr die Anwendung auf Parkettb\u00f6den, Holztreppen und s\u00e4mtlichen Holzwaren im Innenbereich, die einer starken Beanspruchung ausgesetzt sind.<\/p>\n<\/div>\n<\/div>\n<p>&nbsp;<\/p>\n<h2><strong>M\u00f6gliche Gefahren<\/strong><\/h2>\n<p><strong>Einstufung des Stoffs oder Gemischs<\/strong><br \/>\nVerordnung (EG) Nr. 1272\/2008<br \/>\nDas Gemisch ist nicht als gef\u00e4hrlich eingestuft im Sinne der Verordnung (EG) Nr. 1272\/2008.<\/p>\n","protected":false},"excerpt":{"rendered":"<p>Diotrol PU Aquasiegel ist ein wasserverd\u00fcnnbarer und geruchsarmer Hochleistungs-Siegellack mit 100% Polyurethanharz.<\/p>\n","protected":false},"featured_media":13125,"template":"","meta":{"site-sidebar-layout":"default","site-content-layout":"default","ast-site-content-layout":"default","site-content-style":"default","site-sidebar-style":"default","ast-global-header-display":"","ast-banner-title-visibility":"","ast-main-header-display":"","ast-hfb-above-header-display":"","ast-hfb-below-header-display":"","ast-hfb-mobile-header-display":"","site-post-title":"","ast-breadcrumbs-content":"","ast-featured-img":"","footer-sml-layout":"","theme-transparent-header-meta":"default","adv-header-id-meta":"","stick-header-meta":"default","header-above-stick-meta":"","header-main-stick-meta":"","header-below-stick-meta":"","astra-migrate-meta-layouts":"set","ast-page-background-enabled":"default","ast-page-background-meta":{"desktop":{"background-color":"","background-image":"","background-repeat":"repeat","background-position":"center center","background-size":"auto","background-attachment":"scroll","background-type":"","background-media":"","overlay-type":"","overlay-color":"","overlay-opacity":"","overlay-gradient":""},"tablet":{"background-color":"","background-image":"","background-repeat":"repeat","background-position":"center center","background-size":"auto","background-attachment":"scroll","background-type":"","background-media":"","overlay-type":"","overlay-color":"","overlay-opacity":"","overlay-gradient":""},"mobile":{"background-color":"","background-image":"","background-repeat":"repeat","background-position":"center center","background-size":"auto","background-attachment":"scroll","background-type":"","background-media":"","overlay-type":"","overlay-color":"","overlay-opacity":"","overlay-gradient":""}},"ast-content-background-meta":{"desktop":{"background-color":"var(--ast-global-color-5)","background-image":"","background-repeat":"repeat","background-position":"center center","background-size":"auto","background-attachment":"scroll","background-type":"","background-media":"","overlay-type":"","overlay-color":"","overlay-opacity":"","overlay-gradient":""},"tablet":{"background-color":"var(--ast-global-color-5)","background-image":"","background-repeat":"repeat","background-position":"center center","background-size":"auto","background-attachment":"scroll","background-type":"","background-media":"","overlay-type":"","overlay-color":"","overlay-opacity":"","overlay-gradient":""},"mobile":{"background-color":"var(--ast-global-color-5)","background-image":"","background-repeat":"repeat","background-position":"center center","background-size":"auto","background-attachment":"scroll","background-type":"","background-media":"","overlay-type":"","overlay-color":"","overlay-opacity":"","overlay-gradient":""}}},"product_brand":[],"product_cat":[1005,1006,1038,998],"product_tag":[],"class_list":{"0":"post-33272","1":"product","2":"type-product","3":"status-publish","4":"has-post-thumbnail","6":"product_cat-aqua-naturoel-de","7":"product_cat-aqua-zusaetzliche-produkte","8":"product_cat-beschichtung-de-4","9":"product_cat-beschichtung-de-3","10":"pa_basis-wasser-de","11":"pa_beschichtung-farblos-de","12":"pa_farbton-kollektion-farblos-de","13":"pa_glanzgrad-glaenzend-de","14":"pa_glanzgrad-seidenglaenzend-de","15":"pa_glanzgrad-seidenmatt-de","16":"pa_produktart-beschichtung-de","17":"desktop-align-center","18":"tablet-align-center","19":"mobile-align-center","20":"ast-product-gallery-layout-horizontal-slider","21":"ast-product-gallery-with-no-image","22":"ast-magnify-disabled","23":"ast-product-single-variable","24":"ast-product-tabs-layout-horizontal","26":"first","27":"instock","28":"taxable","29":"shipping-taxable","30":"purchasable","31":"product-type-variable"},"_links":{"self":[{"href":"https:\/\/www.diotrol.com\/de\/wp-json\/wp\/v2\/product\/33272","targetHints":{"allow":["GET"]}}],"collection":[{"href":"https:\/\/www.diotrol.com\/de\/wp-json\/wp\/v2\/product"}],"about":[{"href":"https:\/\/www.diotrol.com\/de\/wp-json\/wp\/v2\/types\/product"}],"wp:featuredmedia":[{"embeddable":true,"href":"https:\/\/www.diotrol.com\/de\/wp-json\/wp\/v2\/media\/13125"}],"wp:attachment":[{"href":"https:\/\/www.diotrol.com\/de\/wp-json\/wp\/v2\/media?parent=33272"}],"wp:term":[{"taxonomy":"product_brand","embeddable":true,"href":"https:\/\/www.diotrol.com\/de\/wp-json\/wp\/v2\/product_brand?post=33272"},{"taxonomy":"product_cat","embeddable":true,"href":"https:\/\/www.diotrol.com\/de\/wp-json\/wp\/v2\/product_cat?post=33272"},{"taxonomy":"product_tag","embeddable":true,"href":"https:\/\/www.diotrol.com\/de\/wp-json\/wp\/v2\/product_tag?post=33272"}],"curies":[{"name":"wp","href":"https:\/\/api.w.org\/{rel}","templated":true}]}}