{"id":33279,"date":"2023-03-31T08:33:58","date_gmt":"2023-03-31T07:33:58","guid":{"rendered":"https:\/\/www.diotrol.com\/produkt\/diotrol-aqua-filler\/"},"modified":"2024-06-06T08:17:37","modified_gmt":"2024-06-06T07:17:37","slug":"diotrol-aqua-filler","status":"publish","type":"product","link":"https:\/\/www.diotrol.com\/de\/produkt\/diotrol-aqua-filler\/","title":{"rendered":"Diotrol Aqua Filler"},"content":{"rendered":"<div class=\"elementor-element elementor-element-bad5ea0 elementor-widget elementor-widget-text-editor\" data-id=\"bad5ea0\" data-element_type=\"widget\" data-widget_type=\"text-editor.default\">\n<div class=\"elementor-widget-container\">\n<p>Diotrol Aqua Filler ist ein wasserverd\u00fcnnbarer Spritzf\u00fcller mit hohem F\u00fcllverm\u00f6gen und sehr schneller Trocknung. Eine ausgezeichnete Schleifbarkeit und ein hoher Weissgrad optimieren dieses Produkt f\u00fcr einen rationellen Inneneinsatz. Diotrol Aqua Filler kann mit Einkomponentenlacken \u00fcberarbeitet werden. Verf\u00e4rbungen durch Inhaltsstoffe des Holzes sind nicht auszuschliessen.<\/p>\n<\/div>\n<\/div>\n<div class=\"elementor-element elementor-element-5c208ed elementor-widget elementor-widget-heading\" data-id=\"5c208ed\" data-element_type=\"widget\" data-widget_type=\"heading.default\">\n<div class=\"elementor-widget-container\">\n<h2 class=\"elementor-heading-title elementor-size-default\">Technische Daten<\/h2>\n<\/div>\n<\/div>\n<div class=\"elementor-element elementor-element-cb97ca5 elementor-widget elementor-widget-text-editor\" data-id=\"cb97ca5\" data-element_type=\"widget\" data-widget_type=\"text-editor.default\">\n<div class=\"elementor-widget-container\">\n<p><b>Einsatzgebiet\u00a0<\/b>Holz und Holzwerkstoffe im Innenbereich wie Spanplatten, Furniere, MDF-Platten usw.<\/p>\n<p><b>Gebinde <\/b>1kg, 5kg<\/p>\n<p><b>Farbt\u00f6ne\u00a0<\/b>Weiss<\/p>\n<p><b>Verbrauch\u00a0<\/b>300 \u2013 400g\/m\u00b2 auf neuem Holz<\/p>\n<p><b>Verarbeitung\u00a0<\/b>Spritzger\u00e4t<\/p>\n<\/div>\n<\/div>\n<div class=\"elementor-element elementor-element-0f7aeb3 elementor-widget elementor-widget-heading\" data-id=\"0f7aeb3\" data-element_type=\"widget\" data-widget_type=\"heading.default\">\n<div class=\"elementor-widget-container\">\n<h2 class=\"elementor-heading-title elementor-size-default\">Wissenswertes | Tipps und Tricks<\/h2>\n<\/div>\n<\/div>\n<div class=\"elementor-element elementor-element-e314604 elementor-widget elementor-widget-text-editor\" data-id=\"e314604\" data-element_type=\"widget\" data-widget_type=\"text-editor.default\">\n<div class=\"elementor-widget-container\">\n<p>F\u00fcr die Filmbildung wasserverd\u00fcnnbarer Lacke ist die Temperatur von ausschlaggebender Bedeutung. Unter +10\u00b0C findet in der Regel keine gute Filmbildung statt. Es ist deshalb sicherzustellen, dass f\u00fcr den gesamten Trocknungszeitraum diese Mindesttemperatur gew\u00e4hrleistet ist.<\/p>\n<\/div>\n<p>&nbsp;<\/p>\n<h2>\nM\u00f6gliche Gefahren<\/h2>\n<\/div>\n<p><strong>Einstufung des Stoffs oder Gemischs<\/strong><br \/>\nVerordnung (EG) Nr. 1272\/2008<br \/>\nDas Gemisch ist nicht als gef\u00e4hrlich eingestuft im Sinne der Verordnung (EG) Nr. 1272\/2008.<br \/>\n<strong>Kennzeichnungselemente<\/strong><br \/>\nEs liegen keine Informationen vor.<\/p>\n<p>&nbsp;<\/p>\n","protected":false},"excerpt":{"rendered":"<p>Diotrol Aqua Filler ist ein wasserverd\u00fcnnbarer Spritzf\u00fcller mit hohem F\u00fcllverm\u00f6gen und sehr schneller Trocknung. Eine ausgezeichnete Schleifbarkeit und ein hoher Weissgrad optimieren dieses Produkt f\u00fcr einen rationellen Inneneinsatz.<\/p>\n","protected":false},"featured_media":13126,"template":"","meta":{"site-sidebar-layout":"default","site-content-layout":"default","ast-site-content-layout":"default","site-content-style":"default","site-sidebar-style":"default","ast-global-header-display":"","ast-banner-title-visibility":"","ast-main-header-display":"","ast-hfb-above-header-display":"","ast-hfb-below-header-display":"","ast-hfb-mobile-header-display":"","site-post-title":"","ast-breadcrumbs-content":"","ast-featured-img":"","footer-sml-layout":"","theme-transparent-header-meta":"default","adv-header-id-meta":"","stick-header-meta":"default","header-above-stick-meta":"","header-main-stick-meta":"","header-below-stick-meta":"","astra-migrate-meta-layouts":"set","ast-page-background-enabled":"default","ast-page-background-meta":{"desktop":{"background-color":"","background-image":"","background-repeat":"repeat","background-position":"center center","background-size":"auto","background-attachment":"scroll","background-type":"","background-media":"","overlay-type":"","overlay-color":"","overlay-opacity":"","overlay-gradient":""},"tablet":{"background-color":"","background-image":"","background-repeat":"repeat","background-position":"center center","background-size":"auto","background-attachment":"scroll","background-type":"","background-media":"","overlay-type":"","overlay-color":"","overlay-opacity":"","overlay-gradient":""},"mobile":{"background-color":"","background-image":"","background-repeat":"repeat","background-position":"center center","background-size":"auto","background-attachment":"scroll","background-type":"","background-media":"","overlay-type":"","overlay-color":"","overlay-opacity":"","overlay-gradient":""}},"ast-content-background-meta":{"desktop":{"background-color":"var(--ast-global-color-5)","background-image":"","background-repeat":"repeat","background-position":"center center","background-size":"auto","background-attachment":"scroll","background-type":"","background-media":"","overlay-type":"","overlay-color":"","overlay-opacity":"","overlay-gradient":""},"tablet":{"background-color":"var(--ast-global-color-5)","background-image":"","background-repeat":"repeat","background-position":"center center","background-size":"auto","background-attachment":"scroll","background-type":"","background-media":"","overlay-type":"","overlay-color":"","overlay-opacity":"","overlay-gradient":""},"mobile":{"background-color":"var(--ast-global-color-5)","background-image":"","background-repeat":"repeat","background-position":"center center","background-size":"auto","background-attachment":"scroll","background-type":"","background-media":"","overlay-type":"","overlay-color":"","overlay-opacity":"","overlay-gradient":""}}},"product_brand":[],"product_cat":[1005,1006,998,996,1038,1019],"product_tag":[],"class_list":{"0":"post-33279","1":"product","2":"type-product","3":"status-publish","4":"has-post-thumbnail","6":"product_cat-aqua-naturoel-de","7":"product_cat-aqua-zusaetzliche-produkte","8":"product_cat-beschichtung-de-3","9":"product_cat-beschichtung-de-2","10":"product_cat-beschichtung-de-4","11":"product_cat-innenbereich-de","12":"pa_basis-wasser-de","13":"pa_beschichtung-deckend-de","14":"pa_farbton-kollektion-weiss-de","15":"pa_produktart-grundierung-de","16":"desktop-align-center","17":"tablet-align-center","18":"mobile-align-center","19":"ast-product-gallery-layout-horizontal-slider","20":"ast-product-gallery-with-no-image","21":"ast-magnify-disabled","22":"ast-product-single-variable","23":"ast-product-tabs-layout-horizontal","25":"first","26":"instock","27":"taxable","28":"shipping-taxable","29":"purchasable","30":"product-type-variable"},"_links":{"self":[{"href":"https:\/\/www.diotrol.com\/de\/wp-json\/wp\/v2\/product\/33279","targetHints":{"allow":["GET"]}}],"collection":[{"href":"https:\/\/www.diotrol.com\/de\/wp-json\/wp\/v2\/product"}],"about":[{"href":"https:\/\/www.diotrol.com\/de\/wp-json\/wp\/v2\/types\/product"}],"wp:featuredmedia":[{"embeddable":true,"href":"https:\/\/www.diotrol.com\/de\/wp-json\/wp\/v2\/media\/13126"}],"wp:attachment":[{"href":"https:\/\/www.diotrol.com\/de\/wp-json\/wp\/v2\/media?parent=33279"}],"wp:term":[{"taxonomy":"product_brand","embeddable":true,"href":"https:\/\/www.diotrol.com\/de\/wp-json\/wp\/v2\/product_brand?post=33279"},{"taxonomy":"product_cat","embeddable":true,"href":"https:\/\/www.diotrol.com\/de\/wp-json\/wp\/v2\/product_cat?post=33279"},{"taxonomy":"product_tag","embeddable":true,"href":"https:\/\/www.diotrol.com\/de\/wp-json\/wp\/v2\/product_tag?post=33279"}],"curies":[{"name":"wp","href":"https:\/\/api.w.org\/{rel}","templated":true}]}}