{"id":35958,"date":"2024-06-20T12:10:37","date_gmt":"2024-06-20T11:10:37","guid":{"rendered":"https:\/\/www.diotrol.com\/?post_type=product&#038;p=35958"},"modified":"2024-07-15T09:05:03","modified_gmt":"2024-07-15T08:05:03","slug":"diotrol-naturoel-lasur-eu","status":"publish","type":"product","link":"https:\/\/www.diotrol.com\/de\/produkt\/diotrol-naturoel-lasur-eu\/","title":{"rendered":"Diotrol Natur\u00f6l-Lasur"},"content":{"rendered":"<div class=\"elementor-element elementor-element-7a53728 elementor-widget elementor-widget-text-editor\" data-id=\"7a53728\" data-element_type=\"widget\" data-widget_type=\"text-editor.default\">\n<div class=\"elementor-widget-container\">\n<h2 class=\"elementor-heading-title elementor-size-default\">Diotrol Natur\u00f6l-Lasur<\/h2>\n<p>Diotrol Natur\u00f6l-Lasur ist eine offenporige Holzschutz-Lasur, die tief in das Holz eindringt und den nat\u00fcrlichen Charakter des Holzes betont. Die Mischung, bestehend aus verschiedenen nat\u00fcrlichen \u00d6len und speziellen Alkydharzen, wird seit 1938 hergestellt. Das Holz wird wirkungsvoll vor Witterungseinfl\u00fcssen gesch\u00fctzt. Die Natur\u00f6l-Lasur ist ohne Biozide und Insektizide formuliert. Diotrol Natur\u00f6l-Lasur kann auch in Innenr\u00e4umen angewendet werden. Die anschliessende Wartung ist sehr einfach.<\/p>\n<\/div>\n<\/div>\n<div class=\"elementor-element elementor-element-985e603 elementor-widget elementor-widget-heading\" data-id=\"985e603\" data-element_type=\"widget\" data-widget_type=\"heading.default\">\n<div class=\"elementor-widget-container\">\n<h2 class=\"elementor-heading-title elementor-size-default\">Technische Daten<\/h2>\n<\/div>\n<\/div>\n<div class=\"elementor-element elementor-element-7083332 elementor-widget elementor-widget-text-editor\" data-id=\"7083332\" data-element_type=\"widget\" data-widget_type=\"text-editor.default\">\n<div class=\"elementor-widget-container\">\n<p><b>Einsatzgebiet\u00a0<\/b>Geeignet f\u00fcr alle Holzbauteile und Konstruktionen im Aussenbereich.<\/p>\n<p><b>Gebinde\u00a0<\/b>1L| 5L | 18L | 25L (farblos) | 200L (farblos)<\/p>\n<p><b>Farbt\u00f6ne\u00a0<\/b>Farblos, Kollektionen <a href=\"\/produkt\/dp-diotrol-plus-kopie\/\" target=\"_blank\" rel=\"noopener\">DP- Diotrol Plus<\/a> und <a href=\"\/produkt\/aw-antikwood-2\/\" target=\"_blank\" rel=\"noopener\">AW-Antikwood<\/a><\/p>\n<p><b>Verbrauch\u00a0<\/b>80 \u2013 100g\/m\u00b2 pro Anstrich<\/p>\n<p><b>Verarbeitung\u00a0<\/b>Pinsel, Roller, Spritzger\u00e4t (Schutzkleidung empfohlen)<\/p>\n<\/div>\n<\/div>\n<div class=\"elementor-element elementor-element-b55098b elementor-widget elementor-widget-heading\" data-id=\"b55098b\" data-element_type=\"widget\" data-widget_type=\"heading.default\">\n<div class=\"elementor-widget-container\">\n<h2 class=\"elementor-heading-title elementor-size-default\">Wissenswertes | Tipps und Tricks<\/h2>\n<\/div>\n<\/div>\n<div class=\"elementor-element elementor-element-0529238 elementor-widget elementor-widget-text-editor\" data-id=\"0529238\" data-element_type=\"widget\" data-widget_type=\"text-editor.default\">\n<div class=\"elementor-widget-container\">\n<p>Untergrund mit <a href=\"\/produkt\/diotrol-naturoel-impraegnierung\/\" target=\"_blank\" rel=\"noopener\">Diotrol Natur\u00f6l-Impr\u00e4gnierung<\/a> grundieren. Danach 1 bis 2 Anstriche mit Diotrol Natur\u00f6l-Lasur. F\u00fcr eine l\u00e4ngere Lebensdauer: Schlussanstrich mit <a href=\"\/produkt\/diotrol-edelwax-uv\/\" target=\"_blank\" rel=\"noopener\">Diotrol Edelwax UV<\/a>, farblos.<\/p>\n<p>Die Mischung, bestehend aus verschiedenen nat\u00fcrlichen \u00d6len und speziellen Alkydharzen, wird seit 1938 hergestellt. Das Holz wird wirkungsvoll vor Witterungseinfl\u00fcssen gesch\u00fctzt. Die Natur\u00f6l-Lasur ist ohne Biozide und Insektizide formuliert. Keine Nachteile f\u00fcr die Anwendung in Innenr\u00e4umen. Die anschlie\u00dfende Wartung ist sehr einfach. Es entspricht den Richtlinien VOC2004\/42\/EG2010, gepr\u00fcft nach ISO 11890-2<\/p>\n<h2 class=\"elementor-heading-title elementor-size-default\">Anwendungsbereich<\/h2>\n<\/div>\n<p>Geeignet f\u00fcr alle Holzbauteile und Konstruktionen wie Fassaden, Verkleidungen, Schindeln, Dachuntersichten, Fensterl\u00e4den, Garagentore, Gartenz\u00e4une und mehr. Alle Bauteile nach DIN 927-1, nicht und begrenzt masshaltige Holzbauteile.<\/p>\n<div class=\"elementor-widget-container\">\n<p><a href=\"https:\/\/indd.adobe.com\/view\/d30da58e-0e7a-4ac7-89a2-2966b5699122\" rel=\"nofollow noopener\" target=\"_blank\">Weitere Informationen und Referenzbilder finden Sie in unserer Brosch\u00fcre.<\/a><\/p>\n<h2><strong>M\u00f6gliche Gefahren<\/strong><\/h2>\n<p><strong>Einstufung des Stoffs oder Gemischs<\/strong><br \/>\nVerordnung (EG) Nr. 1272\/2008<br \/>\nDas Gemisch ist nicht als gef\u00e4hrlich eingestuft im Sinne der Verordnung (EG) Nr. 1272\/2008.<br \/>\n<strong>Kennzeichnungselemente<\/strong><br \/>\nVerordnung (EG) Nr. 1272\/2008<br \/>\nEUH208 Enth\u00e4lt Bis (1,2,2,6,6-pentamethyl-4-piperidinyl)sebacate. Kann allergische Reaktionen<br \/>\nhervorrufen.<br \/>\n<strong>Besondere Kennzeichnung bestimmter Gemische<\/strong><br \/>\nEs liegen keine Informationen vor.<\/p>\n<\/div>\n<\/div>\n","protected":false},"excerpt":{"rendered":"<p>Diotrol Natur\u00f6l-Lasur ist eine offenporige Holzschutz-Lasur, die tief in das Holz eindringt und den nat\u00fcrlichen Charakter des Holzes betont.<\/p>\n","protected":false},"featured_media":6196,"template":"","meta":{"site-sidebar-layout":"default","site-content-layout":"default","ast-site-content-layout":"default","site-content-style":"default","site-sidebar-style":"default","ast-global-header-display":"","ast-banner-title-visibility":"","ast-main-header-display":"","ast-hfb-above-header-display":"","ast-hfb-below-header-display":"","ast-hfb-mobile-header-display":"","site-post-title":"","ast-breadcrumbs-content":"","ast-featured-img":"","footer-sml-layout":"","theme-transparent-header-meta":"default","adv-header-id-meta":"","stick-header-meta":"default","header-above-stick-meta":"","header-main-stick-meta":"","header-below-stick-meta":"","astra-migrate-meta-layouts":"set","ast-page-background-enabled":"default","ast-page-background-meta":{"desktop":{"background-color":"","background-image":"","background-repeat":"repeat","background-position":"center center","background-size":"auto","background-attachment":"scroll","background-type":"","background-media":"","overlay-type":"","overlay-color":"","overlay-opacity":"","overlay-gradient":""},"tablet":{"background-color":"","background-image":"","background-repeat":"repeat","background-position":"center center","background-size":"auto","background-attachment":"scroll","background-type":"","background-media":"","overlay-type":"","overlay-color":"","overlay-opacity":"","overlay-gradient":""},"mobile":{"background-color":"","background-image":"","background-repeat":"repeat","background-position":"center center","background-size":"auto","background-attachment":"scroll","background-type":"","background-media":"","overlay-type":"","overlay-color":"","overlay-opacity":"","overlay-gradient":""}},"ast-content-background-meta":{"desktop":{"background-color":"var(--ast-global-color-5)","background-image":"","background-repeat":"repeat","background-position":"center center","background-size":"auto","background-attachment":"scroll","background-type":"","background-media":"","overlay-type":"","overlay-color":"","overlay-opacity":"","overlay-gradient":""},"tablet":{"background-color":"var(--ast-global-color-5)","background-image":"","background-repeat":"repeat","background-position":"center center","background-size":"auto","background-attachment":"scroll","background-type":"","background-media":"","overlay-type":"","overlay-color":"","overlay-opacity":"","overlay-gradient":""},"mobile":{"background-color":"var(--ast-global-color-5)","background-image":"","background-repeat":"repeat","background-position":"center center","background-size":"auto","background-attachment":"scroll","background-type":"","background-media":"","overlay-type":"","overlay-color":"","overlay-opacity":"","overlay-gradient":""}}},"product_brand":[],"product_cat":[1049,1050,1052,996,1098],"product_tag":[],"class_list":{"0":"post-35958","1":"product","2":"type-product","3":"status-publish","4":"has-post-thumbnail","6":"product_cat-beschichtung-de-5","7":"product_cat-beschichtung-de-6","8":"product_cat-beschichtung-de-7","9":"product_cat-beschichtung-de-2","10":"product_cat-lasuren-farben-de-2","11":"pa_basis-loesemittel-de","12":"pa_beschichtung-deckend-de","13":"pa_beschichtung-farblos-de","14":"pa_farbton-kollektion-antik-wood-de","15":"pa_farbton-kollektion-diotrol-plus-de","16":"pa_farbton-kollektion-ncs-de","17":"pa_farbton-kollektion-ral-de","18":"pa_farbton-kollektion-farblos-de","19":"pa_farbton-kollektion-nordic-collection-longlife-de","20":"pa_farbton-kollektion-silverwood-opaque-de","21":"pa_produktart-lasur-de","22":"pa_produktart-oelfarbe-oellasur-de","23":"desktop-align-center","24":"tablet-align-center","25":"mobile-align-center","26":"ast-product-gallery-layout-horizontal-slider","27":"ast-magnify-disabled","28":"ast-product-single-variable","29":"ast-product-tabs-layout-horizontal","31":"first","32":"instock","33":"taxable","34":"shipping-taxable","35":"purchasable","36":"product-type-variable"},"_links":{"self":[{"href":"https:\/\/www.diotrol.com\/de\/wp-json\/wp\/v2\/product\/35958","targetHints":{"allow":["GET"]}}],"collection":[{"href":"https:\/\/www.diotrol.com\/de\/wp-json\/wp\/v2\/product"}],"about":[{"href":"https:\/\/www.diotrol.com\/de\/wp-json\/wp\/v2\/types\/product"}],"wp:featuredmedia":[{"embeddable":true,"href":"https:\/\/www.diotrol.com\/de\/wp-json\/wp\/v2\/media\/6196"}],"wp:attachment":[{"href":"https:\/\/www.diotrol.com\/de\/wp-json\/wp\/v2\/media?parent=35958"}],"wp:term":[{"taxonomy":"product_brand","embeddable":true,"href":"https:\/\/www.diotrol.com\/de\/wp-json\/wp\/v2\/product_brand?post=35958"},{"taxonomy":"product_cat","embeddable":true,"href":"https:\/\/www.diotrol.com\/de\/wp-json\/wp\/v2\/product_cat?post=35958"},{"taxonomy":"product_tag","embeddable":true,"href":"https:\/\/www.diotrol.com\/de\/wp-json\/wp\/v2\/product_tag?post=35958"}],"curies":[{"name":"wp","href":"https:\/\/api.w.org\/{rel}","templated":true}]}}