{"id":43066,"date":"2025-09-30T10:59:05","date_gmt":"2025-09-30T08:59:05","guid":{"rendered":"https:\/\/www.diotrol.com\/produkt\/diotrol-dio-shield-wood-etc\/"},"modified":"2025-09-30T10:59:05","modified_gmt":"2025-09-30T08:59:05","slug":"diotrol-dio-shield-wood-etc","status":"publish","type":"product","link":"https:\/\/www.diotrol.com\/de\/produkt\/diotrol-dio-shield-wood-etc\/","title":{"rendered":"Diotrol Dio-Shield Wood ETC"},"content":{"rendered":"<p class=\"p1\">Transparente 2K \u00abEasy-to-clean\u00bb-Beschichtung fu\u0308r den Innenbereich \u2013 Diotrol Dio-Shield Wood ETC. Mit Dio-Shield Wood ETC schu\u0308tzen Sie Ihre hochwertigen Holzoberfl\u00e4chen im Innenbereich dauerhaft und zuverl\u00e4ssig \u2013 und das stilvoll und nachhaltig. Der innovative, transparente Zweikomponenten-Lack bewahrt das Holz vor Verschmutzungen, Graffiti oder anderen allt\u00e4glichen Belastungen und sorgt fu\u0308r ein gepflegtes Erscheinungsbild \u2013 Tag fu\u0308r Tag. Dank der robusten, leicht zu reinigenden Oberfl\u00e4che bleibt alles dauerhaft sauber und gepflegt. So behalten Ihre R\u00e4ume nicht nur ihre Sch\u00f6nheit, sondern auch ihren Wert.    <\/p>\n<h6>Technische Daten<\/h6>\n<p><strong>Einsatzgebiet <\/strong>Innenbereich: Masshaltige (und begrenzt masshaltige) Holzfl\u00e4chen im Innenbereich, die einer gr\u00f6sseren Verschmutzungsgefahr ausgesetzt sind (insb. Schulen, \u00f6ffentliche Geb\u00e4ude, Wohn- und Gewerbegeb\u00e4ude). <em>Nur als Schlussanstrich in Kombination mit Diotrol Dio-Shield Wood UV einsetzen. <\/em>Aussenbereich: Nicht fu\u0308r den Aussenbereich geeignet<br \/>\n<strong>Gebinde <\/strong>Verpackung inkl. H\u00e4rter: 900ml | 5L<br \/>\n<strong>Farbt\u00f6ne <\/strong>Transparent<br \/>\n<strong>Verbrauch <\/strong>1. Anstrich: 110 \u2013 130ml\/m<span class=\"s1\">2 | <\/span>2. Anstrich: 60 \u2013 70ml\/m<span class=\"s1\">2. <\/span>Der Verbrauch kann je nach Art des Holzes, der Behandlungsart und Saugf\u00e4higkeit des Untergrundes variieren.<br \/>\n<strong>Verarbeitung <\/strong>Pinsel, Roller, Spritzger\u00e4t<\/p>\n<h6>Wissenswertes | Tricks &amp; Tipps<\/h6>\n<p class=\"p1\"><strong><i>Diotrol Dio-Shield Wood ETC ist <\/i>ausschliesslich im System einzusetzen, das heisst auf einer Grundierung <i>mit Diotrol Dio-Shield Wood UV.<\/i><\/strong><\/p>\n","protected":false},"excerpt":{"rendered":"<p>Transparente 2K \u00abEasy-to-clean\u00bb-Beschichtung fu\u0308r den Innenbereich \u2013 Diotrol Dio-Shield Wood ETC. Mit Dio-Shield Wood ETC schu\u0308tzen Sie Ihre hochwertigen Holzoberfl\u00e4chen im Innenbereich dauerhaft und zuverl\u00e4ssig \u2013 und das stilvoll und nachhaltig. Der innovative, transparente Zweikomponenten-Lack bewahrt das Holz vor Verschmutzungen, Graffiti oder anderen allt\u00e4glichen Belastungen und sorgt fu\u0308r ein gepflegtes Erscheinungsbild \u2013 Tag fu\u0308r Tag. [&hellip;]<\/p>\n","protected":false},"featured_media":42656,"template":"","meta":{"site-sidebar-layout":"default","site-content-layout":"","ast-site-content-layout":"default","site-content-style":"default","site-sidebar-style":"default","ast-global-header-display":"","ast-banner-title-visibility":"","ast-main-header-display":"","ast-hfb-above-header-display":"","ast-hfb-below-header-display":"","ast-hfb-mobile-header-display":"","site-post-title":"","ast-breadcrumbs-content":"","ast-featured-img":"","footer-sml-layout":"","theme-transparent-header-meta":"default","adv-header-id-meta":"","stick-header-meta":"default","header-above-stick-meta":"","header-main-stick-meta":"","header-below-stick-meta":"","astra-migrate-meta-layouts":"default","ast-page-background-enabled":"default","ast-page-background-meta":{"desktop":{"background-color":"","background-image":"","background-repeat":"repeat","background-position":"center center","background-size":"auto","background-attachment":"scroll","background-type":"","background-media":"","overlay-type":"","overlay-color":"","overlay-opacity":"","overlay-gradient":""},"tablet":{"background-color":"","background-image":"","background-repeat":"repeat","background-position":"center center","background-size":"auto","background-attachment":"scroll","background-type":"","background-media":"","overlay-type":"","overlay-color":"","overlay-opacity":"","overlay-gradient":""},"mobile":{"background-color":"","background-image":"","background-repeat":"repeat","background-position":"center center","background-size":"auto","background-attachment":"scroll","background-type":"","background-media":"","overlay-type":"","overlay-color":"","overlay-opacity":"","overlay-gradient":""}},"ast-content-background-meta":{"desktop":{"background-color":"var(--ast-global-color-5)","background-image":"","background-repeat":"repeat","background-position":"center center","background-size":"auto","background-attachment":"scroll","background-type":"","background-media":"","overlay-type":"","overlay-color":"","overlay-opacity":"","overlay-gradient":""},"tablet":{"background-color":"var(--ast-global-color-5)","background-image":"","background-repeat":"repeat","background-position":"center center","background-size":"auto","background-attachment":"scroll","background-type":"","background-media":"","overlay-type":"","overlay-color":"","overlay-opacity":"","overlay-gradient":""},"mobile":{"background-color":"var(--ast-global-color-5)","background-image":"","background-repeat":"repeat","background-position":"center center","background-size":"auto","background-attachment":"scroll","background-type":"","background-media":"","overlay-type":"","overlay-color":"","overlay-opacity":"","overlay-gradient":""}}},"product_brand":[],"product_cat":[2039,1038,2040,1019],"product_tag":[2041,2042],"class_list":{"0":"post-43066","1":"product","2":"type-product","3":"status-publish","4":"has-post-thumbnail","6":"product_cat-anti-graffiti","7":"product_cat-beschichtung-de-4","8":"product_cat-dio-shield-system","9":"product_cat-innenbereich-de","10":"product_tag-diotrol","11":"product_tag-lichtschutz-grundierung","12":"pa_basis-wasser-de","13":"desktop-align-center","14":"tablet-align-center","15":"mobile-align-center","16":"ast-product-gallery-layout-horizontal-slider","17":"ast-magnify-disabled","18":"ast-product-single-variable","19":"ast-product-tabs-layout-horizontal","21":"first","22":"instock","23":"taxable","24":"shipping-taxable","25":"product-type-variable"},"_links":{"self":[{"href":"https:\/\/www.diotrol.com\/de\/wp-json\/wp\/v2\/product\/43066","targetHints":{"allow":["GET"]}}],"collection":[{"href":"https:\/\/www.diotrol.com\/de\/wp-json\/wp\/v2\/product"}],"about":[{"href":"https:\/\/www.diotrol.com\/de\/wp-json\/wp\/v2\/types\/product"}],"wp:featuredmedia":[{"embeddable":true,"href":"https:\/\/www.diotrol.com\/de\/wp-json\/wp\/v2\/media\/42656"}],"wp:attachment":[{"href":"https:\/\/www.diotrol.com\/de\/wp-json\/wp\/v2\/media?parent=43066"}],"wp:term":[{"taxonomy":"product_brand","embeddable":true,"href":"https:\/\/www.diotrol.com\/de\/wp-json\/wp\/v2\/product_brand?post=43066"},{"taxonomy":"product_cat","embeddable":true,"href":"https:\/\/www.diotrol.com\/de\/wp-json\/wp\/v2\/product_cat?post=43066"},{"taxonomy":"product_tag","embeddable":true,"href":"https:\/\/www.diotrol.com\/de\/wp-json\/wp\/v2\/product_tag?post=43066"}],"curies":[{"name":"wp","href":"https:\/\/api.w.org\/{rel}","templated":true}]}}