{"id":9710,"date":"2023-06-23T13:11:37","date_gmt":"2023-06-23T11:11:37","guid":{"rendered":"https:\/\/www.diotrol.com\/blogi\/"},"modified":"2024-06-20T16:02:31","modified_gmt":"2024-06-20T15:02:31","slug":"blogi","status":"publish","type":"page","link":"https:\/\/www.diotrol.com\/fi\/blogi\/","title":{"rendered":"Blogi"},"content":{"rendered":"\t\t<div data-elementor-type=\"wp-page\" data-elementor-id=\"9710\" class=\"elementor elementor-9710 elementor-9364\" data-elementor-post-type=\"page\">\n\t\t\t\t<div class=\"elementor-element elementor-element-97fcf92 e-flex e-con-boxed e-con e-parent\" data-id=\"97fcf92\" data-element_type=\"container\" data-e-type=\"container\" data-settings=\"{&quot;background_background&quot;:&quot;classic&quot;}\">\n\t\t\t\t\t<div class=\"e-con-inner\">\n\t\t\t\t<div class=\"elementor-element elementor-element-1bb31f3e elementor-widget elementor-widget-heading\" data-id=\"1bb31f3e\" data-element_type=\"widget\" data-e-type=\"widget\" data-widget_type=\"heading.default\">\n\t\t\t\t<div class=\"elementor-widget-container\">\n\t\t\t\t\t<h1 class=\"elementor-heading-title elementor-size-default\">Blog - News &amp; Tipps<\/h1>\t\t\t\t<\/div>\n\t\t\t\t<\/div>\n\t\t\t\t\t<\/div>\n\t\t\t\t<\/div>\n\t\t<div class=\"elementor-element elementor-element-bc8e209 e-flex e-con-boxed e-con e-parent\" data-id=\"bc8e209\" data-element_type=\"container\" data-e-type=\"container\">\n\t\t\t\t\t<div class=\"e-con-inner\">\n\t\t\t\t\t<\/div>\n\t\t\t\t<\/div>\n\t\t<div class=\"elementor-element elementor-element-2915782 e-flex e-con-boxed e-con e-parent\" data-id=\"2915782\" data-element_type=\"container\" data-e-type=\"container\" data-settings=\"{&quot;background_background&quot;:&quot;gradient&quot;}\">\n\t\t\t\t\t<div class=\"e-con-inner\">\n\t\t<div class=\"elementor-element elementor-element-bc648da e-con-full e-flex e-con e-child\" data-id=\"bc648da\" data-element_type=\"container\" data-e-type=\"container\">\n\t\t<div class=\"elementor-element elementor-element-5af48b9 e-con-full e-flex e-con e-child\" data-id=\"5af48b9\" data-element_type=\"container\" data-e-type=\"container\">\n\t\t<div class=\"elementor-element elementor-element-8328a8c e-con-full e-flex e-con e-child\" data-id=\"8328a8c\" data-element_type=\"container\" data-e-type=\"container\">\n\t\t\t\t<div class=\"elementor-element elementor-element-5a04d50 elementor-widget elementor-widget-heading\" data-id=\"5a04d50\" data-element_type=\"widget\" data-e-type=\"widget\" data-widget_type=\"heading.default\">\n\t\t\t\t<div class=\"elementor-widget-container\">\n\t\t\t\t\t<h3 class=\"elementor-heading-title elementor-size-default\">Instagram<\/h3>\t\t\t\t<\/div>\n\t\t\t\t<\/div>\n\t\t\t\t<div class=\"elementor-element elementor-element-8bf24af elementor-align-center elementor-widget elementor-widget-button\" data-id=\"8bf24af\" data-element_type=\"widget\" data-e-type=\"widget\" data-widget_type=\"button.default\">\n\t\t\t\t<div class=\"elementor-widget-container\">\n\t\t\t\t\t\t\t\t\t<div class=\"elementor-button-wrapper\">\n\t\t\t\t\t<a class=\"elementor-button elementor-button-link elementor-size-sm\" href=\"https:\/\/www.instagram.com\/diotrol__ag\" target=\"_blank\" rel=\"nofollow noopener\">\n\t\t\t\t\t\t<span class=\"elementor-button-content-wrapper\">\n\t\t\t\t\t\t\t\t\t<span class=\"elementor-button-text\">Instagramissa<\/span>\n\t\t\t\t\t<\/span>\n\t\t\t\t\t<\/a>\n\t\t\t\t<\/div>\n\t\t\t\t\t\t\t\t<\/div>\n\t\t\t\t<\/div>\n\t\t\t\t<\/div>\n\t\t\t\t<\/div>\n\t\t<div class=\"elementor-element elementor-element-b135175 e-con-full e-flex e-con e-child\" data-id=\"b135175\" data-element_type=\"container\" data-e-type=\"container\">\n\t\t<div class=\"elementor-element elementor-element-c9ee7be e-con-full e-flex e-con e-child\" data-id=\"c9ee7be\" data-element_type=\"container\" data-e-type=\"container\">\n\t\t\t\t<div class=\"elementor-element elementor-element-51389a5 elementor-widget elementor-widget-image\" data-id=\"51389a5\" data-element_type=\"widget\" data-e-type=\"widget\" data-widget_type=\"image.default\">\n\t\t\t\t<div class=\"elementor-widget-container\">\n\t\t\t\t\t\t\t\t\t\t\t\t\t\t\t\t<a href=\"#\">\n\t\t\t\t\t\t\t<img fetchpriority=\"high\" decoding=\"async\" width=\"1080\" height=\"1080\" src=\"https:\/\/www.diotrol.com\/wp-content\/uploads\/2023\/08\/Instagram-Beitrag-1.jpg\" class=\"attachment-full size-full wp-image-10920\" alt=\"\" srcset=\"https:\/\/www.diotrol.com\/wp-content\/uploads\/2023\/08\/Instagram-Beitrag-1.jpg 1080w, https:\/\/www.diotrol.com\/wp-content\/uploads\/2023\/08\/Instagram-Beitrag-1-300x300.jpg 300w, https:\/\/www.diotrol.com\/wp-content\/uploads\/2023\/08\/Instagram-Beitrag-1-1024x1024.jpg 1024w, https:\/\/www.diotrol.com\/wp-content\/uploads\/2023\/08\/Instagram-Beitrag-1-150x150.jpg 150w, https:\/\/www.diotrol.com\/wp-content\/uploads\/2023\/08\/Instagram-Beitrag-1-768x768.jpg 768w, https:\/\/www.diotrol.com\/wp-content\/uploads\/2023\/08\/Instagram-Beitrag-1-600x600.jpg 600w, https:\/\/www.diotrol.com\/wp-content\/uploads\/2023\/08\/Instagram-Beitrag-1-100x100.jpg 100w\" sizes=\"(max-width: 1080px) 100vw, 1080px\">\t\t\t\t\t\t\t\t<\/a>\n\t\t\t\t\t\t\t\t\t\t\t\t\t\t\t<\/div>\n\t\t\t\t<\/div>\n\t\t\t\t<\/div>\n\t\t<div class=\"elementor-element elementor-element-52f5bd9 e-con-full e-flex e-con e-child\" data-id=\"52f5bd9\" data-element_type=\"container\" data-e-type=\"container\">\n\t\t\t\t<div class=\"elementor-element elementor-element-00f6860 elementor-widget elementor-widget-image\" data-id=\"00f6860\" data-element_type=\"widget\" data-e-type=\"widget\" data-widget_type=\"image.default\">\n\t\t\t\t<div class=\"elementor-widget-container\">\n\t\t\t\t\t\t\t\t\t\t\t\t\t\t\t\t<a href=\"#\">\n\t\t\t\t\t\t\t<img decoding=\"async\" width=\"1080\" height=\"1080\" src=\"https:\/\/www.diotrol.com\/wp-content\/uploads\/2023\/08\/347142018_594377232672949_953222044114619593_n.jpg\" class=\"attachment-full size-full wp-image-10926\" alt=\"\" srcset=\"https:\/\/www.diotrol.com\/wp-content\/uploads\/2023\/08\/347142018_594377232672949_953222044114619593_n.jpg 1080w, https:\/\/www.diotrol.com\/wp-content\/uploads\/2023\/08\/347142018_594377232672949_953222044114619593_n-300x300.jpg 300w, https:\/\/www.diotrol.com\/wp-content\/uploads\/2023\/08\/347142018_594377232672949_953222044114619593_n-1024x1024.jpg 1024w, https:\/\/www.diotrol.com\/wp-content\/uploads\/2023\/08\/347142018_594377232672949_953222044114619593_n-150x150.jpg 150w, https:\/\/www.diotrol.com\/wp-content\/uploads\/2023\/08\/347142018_594377232672949_953222044114619593_n-768x768.jpg 768w, https:\/\/www.diotrol.com\/wp-content\/uploads\/2023\/08\/347142018_594377232672949_953222044114619593_n-600x600.jpg 600w, https:\/\/www.diotrol.com\/wp-content\/uploads\/2023\/08\/347142018_594377232672949_953222044114619593_n-100x100.jpg 100w\" sizes=\"(max-width: 1080px) 100vw, 1080px\">\t\t\t\t\t\t\t\t<\/a>\n\t\t\t\t\t\t\t\t\t\t\t\t\t\t\t<\/div>\n\t\t\t\t<\/div>\n\t\t\t\t<\/div>\n\t\t<div class=\"elementor-element elementor-element-3d9e56d e-con-full e-flex e-con e-child\" data-id=\"3d9e56d\" data-element_type=\"container\" data-e-type=\"container\">\n\t\t\t\t<div class=\"elementor-element elementor-element-17a3b85 elementor-widget elementor-widget-image\" data-id=\"17a3b85\" data-element_type=\"widget\" data-e-type=\"widget\" data-widget_type=\"image.default\">\n\t\t\t\t<div class=\"elementor-widget-container\">\n\t\t\t\t\t\t\t\t\t\t\t\t\t\t\t\t<a href=\"#\">\n\t\t\t\t\t\t\t<img decoding=\"async\" width=\"1080\" height=\"1080\" src=\"https:\/\/www.diotrol.com\/wp-content\/uploads\/2023\/08\/348687714_731896271958578_4150830728167549611_n.jpg\" class=\"attachment-full size-full wp-image-10931\" alt=\"\" srcset=\"https:\/\/www.diotrol.com\/wp-content\/uploads\/2023\/08\/348687714_731896271958578_4150830728167549611_n.jpg 1080w, https:\/\/www.diotrol.com\/wp-content\/uploads\/2023\/08\/348687714_731896271958578_4150830728167549611_n-300x300.jpg 300w, https:\/\/www.diotrol.com\/wp-content\/uploads\/2023\/08\/348687714_731896271958578_4150830728167549611_n-1024x1024.jpg 1024w, https:\/\/www.diotrol.com\/wp-content\/uploads\/2023\/08\/348687714_731896271958578_4150830728167549611_n-150x150.jpg 150w, https:\/\/www.diotrol.com\/wp-content\/uploads\/2023\/08\/348687714_731896271958578_4150830728167549611_n-768x768.jpg 768w, https:\/\/www.diotrol.com\/wp-content\/uploads\/2023\/08\/348687714_731896271958578_4150830728167549611_n-600x600.jpg 600w, https:\/\/www.diotrol.com\/wp-content\/uploads\/2023\/08\/348687714_731896271958578_4150830728167549611_n-100x100.jpg 100w\" sizes=\"(max-width: 1080px) 100vw, 1080px\">\t\t\t\t\t\t\t\t<\/a>\n\t\t\t\t\t\t\t\t\t\t\t\t\t\t\t<\/div>\n\t\t\t\t<\/div>\n\t\t\t\t<\/div>\n\t\t<div class=\"elementor-element elementor-element-6d221a8 e-con-full e-flex e-con e-child\" data-id=\"6d221a8\" data-element_type=\"container\" data-e-type=\"container\">\n\t\t\t\t<div class=\"elementor-element elementor-element-8396ebf elementor-widget elementor-widget-image\" data-id=\"8396ebf\" data-element_type=\"widget\" data-e-type=\"widget\" data-widget_type=\"image.default\">\n\t\t\t\t<div class=\"elementor-widget-container\">\n\t\t\t\t\t\t\t\t\t\t\t\t\t\t\t\t<a href=\"#\">\n\t\t\t\t\t\t\t<img loading=\"lazy\" decoding=\"async\" width=\"1080\" height=\"1080\" src=\"https:\/\/www.diotrol.com\/wp-content\/uploads\/2023\/08\/339580027_1384856295416947_8459081231473441422_n.jpg\" class=\"attachment-full size-full wp-image-10936\" alt=\"\" srcset=\"https:\/\/www.diotrol.com\/wp-content\/uploads\/2023\/08\/339580027_1384856295416947_8459081231473441422_n.jpg 1080w, https:\/\/www.diotrol.com\/wp-content\/uploads\/2023\/08\/339580027_1384856295416947_8459081231473441422_n-300x300.jpg 300w, https:\/\/www.diotrol.com\/wp-content\/uploads\/2023\/08\/339580027_1384856295416947_8459081231473441422_n-1024x1024.jpg 1024w, https:\/\/www.diotrol.com\/wp-content\/uploads\/2023\/08\/339580027_1384856295416947_8459081231473441422_n-150x150.jpg 150w, https:\/\/www.diotrol.com\/wp-content\/uploads\/2023\/08\/339580027_1384856295416947_8459081231473441422_n-768x768.jpg 768w, https:\/\/www.diotrol.com\/wp-content\/uploads\/2023\/08\/339580027_1384856295416947_8459081231473441422_n-600x600.jpg 600w, https:\/\/www.diotrol.com\/wp-content\/uploads\/2023\/08\/339580027_1384856295416947_8459081231473441422_n-100x100.jpg 100w\" sizes=\"(max-width: 1080px) 100vw, 1080px\">\t\t\t\t\t\t\t\t<\/a>\n\t\t\t\t\t\t\t\t\t\t\t\t\t\t\t<\/div>\n\t\t\t\t<\/div>\n\t\t\t\t<\/div>\n\t\t<div class=\"elementor-element elementor-element-32fccfb e-con-full e-flex e-con e-child\" data-id=\"32fccfb\" data-element_type=\"container\" data-e-type=\"container\">\n\t\t\t\t<div class=\"elementor-element elementor-element-b289240 elementor-widget elementor-widget-image\" data-id=\"b289240\" data-element_type=\"widget\" data-e-type=\"widget\" data-widget_type=\"image.default\">\n\t\t\t\t<div class=\"elementor-widget-container\">\n\t\t\t\t\t\t\t\t\t\t\t\t\t\t\t\t<a href=\"#\">\n\t\t\t\t\t\t\t<img loading=\"lazy\" decoding=\"async\" width=\"1080\" height=\"1080\" src=\"https:\/\/www.diotrol.com\/wp-content\/uploads\/2023\/08\/313420408_552730206854947_8531126462022026529_n.jpg\" class=\"attachment-full size-full wp-image-10941\" alt=\"\" srcset=\"https:\/\/www.diotrol.com\/wp-content\/uploads\/2023\/08\/313420408_552730206854947_8531126462022026529_n.jpg 1080w, https:\/\/www.diotrol.com\/wp-content\/uploads\/2023\/08\/313420408_552730206854947_8531126462022026529_n-300x300.jpg 300w, https:\/\/www.diotrol.com\/wp-content\/uploads\/2023\/08\/313420408_552730206854947_8531126462022026529_n-1024x1024.jpg 1024w, https:\/\/www.diotrol.com\/wp-content\/uploads\/2023\/08\/313420408_552730206854947_8531126462022026529_n-150x150.jpg 150w, https:\/\/www.diotrol.com\/wp-content\/uploads\/2023\/08\/313420408_552730206854947_8531126462022026529_n-768x768.jpg 768w, https:\/\/www.diotrol.com\/wp-content\/uploads\/2023\/08\/313420408_552730206854947_8531126462022026529_n-600x600.jpg 600w, https:\/\/www.diotrol.com\/wp-content\/uploads\/2023\/08\/313420408_552730206854947_8531126462022026529_n-100x100.jpg 100w\" sizes=\"(max-width: 1080px) 100vw, 1080px\">\t\t\t\t\t\t\t\t<\/a>\n\t\t\t\t\t\t\t\t\t\t\t\t\t\t\t<\/div>\n\t\t\t\t<\/div>\n\t\t\t\t<\/div>\n\t\t\t\t<\/div>\n\t\t\t\t<\/div>\n\t\t\t\t\t<\/div>\n\t\t\t\t<\/div>\n\t\t<div class=\"elementor-element elementor-element-60702900 e-flex e-con-boxed e-con e-parent\" data-id=\"60702900\" data-element_type=\"container\" data-e-type=\"container\" data-settings=\"{&quot;background_background&quot;:&quot;classic&quot;}\">\n\t\t\t\t\t<div class=\"e-con-inner\">\n\t\t<header class=\"elementor-element elementor-element-f9bf387 e-con-full e-flex e-con e-child\" data-id=\"f9bf387\" data-element_type=\"container\" data-e-type=\"container\" data-settings=\"{&quot;background_background&quot;:&quot;classic&quot;}\">\n\t\t\t\t<div class=\"elementor-element elementor-element-42c69fd elementor-widget elementor-widget-heading\" data-id=\"42c69fd\" data-element_type=\"widget\" data-e-type=\"widget\" data-widget_type=\"heading.default\">\n\t\t\t\t<div class=\"elementor-widget-container\">\n\t\t\t\t\t<h2 class=\"elementor-heading-title elementor-size-default\">S\u00e4hk\u00f6postitse l\u00e4hetett\u00e4v\u00e4 uutiskirje<\/h2>\t\t\t\t<\/div>\n\t\t\t\t<\/div>\n\t\t\t\t<div class=\"elementor-element elementor-element-77e6b757 elementor-icon-list--layout-inline elementor-align-center elementor-list-item-link-full_width elementor-widget elementor-widget-icon-list\" data-id=\"77e6b757\" data-element_type=\"widget\" data-e-type=\"widget\" data-widget_type=\"icon-list.default\">\n\t\t\t\t<div class=\"elementor-widget-container\">\n\t\t\t\t\t\t\t<ul class=\"elementor-icon-list-items elementor-inline-items\">\n\t\t\t\t\t\t\t<li class=\"elementor-icon-list-item elementor-inline-item\">\n\t\t\t\t\t\t\t\t\t\t\t<span class=\"elementor-icon-list-icon\">\n\t\t\t\t\t\t\t<svg aria-hidden=\"true\" class=\"e-font-icon-svg e-fas-check\" viewBox=\"0 0 512 512\" xmlns=\"http:\/\/www.w3.org\/2000\/svg\"><path d=\"M173.898 439.404l-166.4-166.4c-9.997-9.997-9.997-26.206 0-36.204l36.203-36.204c9.997-9.998 26.207-9.998 36.204 0L192 312.69 432.095 72.596c9.997-9.997 26.207-9.997 36.204 0l36.203 36.204c9.997 9.997 9.997 26.206 0 36.204l-294.4 294.401c-9.998 9.997-26.207 9.997-36.204-.001z\"><\/path><\/svg>\t\t\t\t\t\t<\/span>\n\t\t\t\t\t\t\t\t\t\t<span class=\"elementor-icon-list-text\">Tuoteuutiset<\/span>\n\t\t\t\t\t\t\t\t\t<\/li>\n\t\t\t\t\t\t\t\t<li class=\"elementor-icon-list-item elementor-inline-item\">\n\t\t\t\t\t\t\t\t\t\t\t<span class=\"elementor-icon-list-icon\">\n\t\t\t\t\t\t\t<svg aria-hidden=\"true\" class=\"e-font-icon-svg e-fas-check\" viewBox=\"0 0 512 512\" xmlns=\"http:\/\/www.w3.org\/2000\/svg\"><path d=\"M173.898 439.404l-166.4-166.4c-9.997-9.997-9.997-26.206 0-36.204l36.203-36.204c9.997-9.998 26.207-9.998 36.204 0L192 312.69 432.095 72.596c9.997-9.997 26.207-9.997 36.204 0l36.203 36.204c9.997 9.997 9.997 26.206 0 36.204l-294.4 294.401c-9.998 9.997-26.207 9.997-36.204-.001z\"><\/path><\/svg>\t\t\t\t\t\t<\/span>\n\t\t\t\t\t\t\t\t\t\t<span class=\"elementor-icon-list-text\">Tarjoukset<\/span>\n\t\t\t\t\t\t\t\t\t<\/li>\n\t\t\t\t\t\t\t\t<li class=\"elementor-icon-list-item elementor-inline-item\">\n\t\t\t\t\t\t\t\t\t\t\t<span class=\"elementor-icon-list-icon\">\n\t\t\t\t\t\t\t<svg aria-hidden=\"true\" class=\"e-font-icon-svg e-fas-check\" viewBox=\"0 0 512 512\" xmlns=\"http:\/\/www.w3.org\/2000\/svg\"><path d=\"M173.898 439.404l-166.4-166.4c-9.997-9.997-9.997-26.206 0-36.204l36.203-36.204c9.997-9.998 26.207-9.998 36.204 0L192 312.69 432.095 72.596c9.997-9.997 26.207-9.997 36.204 0l36.203 36.204c9.997 9.997 9.997 26.206 0 36.204l-294.4 294.401c-9.998 9.997-26.207 9.997-36.204-.001z\"><\/path><\/svg>\t\t\t\t\t\t<\/span>\n\t\t\t\t\t\t\t\t\t\t<span class=\"elementor-icon-list-text\">Vinkkej\u00e4 tuotteen levitt\u00e4miseen<\/span>\n\t\t\t\t\t\t\t\t\t<\/li>\n\t\t\t\t\t\t<\/ul>\n\t\t\t\t\t\t<\/div>\n\t\t\t\t<\/div>\n\t\t\t\t<div class=\"elementor-element elementor-element-357957e1 elementor-align-justify elementor-widget elementor-widget-button\" data-id=\"357957e1\" data-element_type=\"widget\" data-e-type=\"widget\" data-widget_type=\"button.default\">\n\t\t\t\t<div class=\"elementor-widget-container\">\n\t\t\t\t\t\t\t\t\t<div class=\"elementor-button-wrapper\">\n\t\t\t\t\t<a class=\"elementor-button elementor-button-link elementor-size-sm\" href=\"https:\/\/seu2.cleverreach.com\/f\/303444-355432\/\" target=\"_blank\" rel=\"nofollow noopener\">\n\t\t\t\t\t\t<span class=\"elementor-button-content-wrapper\">\n\t\t\t\t\t\t\t\t\t<span class=\"elementor-button-text\">Rekister\u00f6idy nyt!<\/span>\n\t\t\t\t\t<\/span>\n\t\t\t\t\t<\/a>\n\t\t\t\t<\/div>\n\t\t\t\t\t\t\t\t<\/div>\n\t\t\t\t<\/div>\n\t\t\t\t<\/header>\n\t\t\t\t\t<\/div>\n\t\t\t\t<\/div>\n\t\t\t\t<\/div>\n\t\t","protected":false},"excerpt":{"rendered":"<p>Blog &#8211; News &#038; Tipps Instagram Instagramissa S\u00e4hk\u00f6postitse l\u00e4hetett\u00e4v\u00e4 uutiskirje Tuoteuutiset Tarjoukset Vinkkej\u00e4 tuotteen levitt\u00e4miseen Rekister\u00f6idy nyt!<\/p>\n","protected":false},"author":1,"featured_media":0,"parent":0,"menu_order":0,"comment_status":"closed","ping_status":"closed","template":"","meta":{"site-sidebar-layout":"no-sidebar","site-content-layout":"page-builder","ast-site-content-layout":"full-width-container","site-content-style":"unboxed","site-sidebar-style":"unboxed","ast-global-header-display":"","ast-banner-title-visibility":"","ast-main-header-display":"","ast-hfb-above-header-display":"","ast-hfb-below-header-display":"","ast-hfb-mobile-header-display":"","site-post-title":"disabled","ast-breadcrumbs-content":"","ast-featured-img":"disabled","footer-sml-layout":"","theme-transparent-header-meta":"","adv-header-id-meta":"","stick-header-meta":"","header-above-stick-meta":"","header-main-stick-meta":"","header-below-stick-meta":"","astra-migrate-meta-layouts":"default","ast-page-background-enabled":"default","ast-page-background-meta":{"desktop":{"background-color":"","background-image":"","background-repeat":"repeat","background-position":"center center","background-size":"auto","background-attachment":"scroll","background-type":"","background-media":"","overlay-type":"","overlay-color":"","overlay-opacity":"","overlay-gradient":""},"tablet":{"background-color":"","background-image":"","background-repeat":"repeat","background-position":"center center","background-size":"auto","background-attachment":"scroll","background-type":"","background-media":"","overlay-type":"","overlay-color":"","overlay-opacity":"","overlay-gradient":""},"mobile":{"background-color":"","background-image":"","background-repeat":"repeat","background-position":"center center","background-size":"auto","background-attachment":"scroll","background-type":"","background-media":"","overlay-type":"","overlay-color":"","overlay-opacity":"","overlay-gradient":""}},"ast-content-background-meta":{"desktop":{"background-color":"var(--ast-global-color-5)","background-image":"","background-repeat":"repeat","background-position":"center center","background-size":"auto","background-attachment":"scroll","background-type":"","background-media":"","overlay-type":"","overlay-color":"","overlay-opacity":"","overlay-gradient":""},"tablet":{"background-color":"var(--ast-global-color-5)","background-image":"","background-repeat":"repeat","background-position":"center center","background-size":"auto","background-attachment":"scroll","background-type":"","background-media":"","overlay-type":"","overlay-color":"","overlay-opacity":"","overlay-gradient":""},"mobile":{"background-color":"var(--ast-global-color-5)","background-image":"","background-repeat":"repeat","background-position":"center center","background-size":"auto","background-attachment":"scroll","background-type":"","background-media":"","overlay-type":"","overlay-color":"","overlay-opacity":"","overlay-gradient":""}},"footnotes":""},"class_list":["post-9710","page","type-page","status-publish","hentry"],"_links":{"self":[{"href":"https:\/\/www.diotrol.com\/fi\/wp-json\/wp\/v2\/pages\/9710","targetHints":{"allow":["GET"]}}],"collection":[{"href":"https:\/\/www.diotrol.com\/fi\/wp-json\/wp\/v2\/pages"}],"about":[{"href":"https:\/\/www.diotrol.com\/fi\/wp-json\/wp\/v2\/types\/page"}],"author":[{"embeddable":true,"href":"https:\/\/www.diotrol.com\/fi\/wp-json\/wp\/v2\/users\/1"}],"replies":[{"embeddable":true,"href":"https:\/\/www.diotrol.com\/fi\/wp-json\/wp\/v2\/comments?post=9710"}],"version-history":[{"count":0,"href":"https:\/\/www.diotrol.com\/fi\/wp-json\/wp\/v2\/pages\/9710\/revisions"}],"wp:attachment":[{"href":"https:\/\/www.diotrol.com\/fi\/wp-json\/wp\/v2\/media?parent=9710"}],"curies":[{"name":"wp","href":"https:\/\/api.w.org\/{rel}","templated":true}]}}