{"id":10615,"date":"2023-03-30T11:45:43","date_gmt":"2023-03-30T10:45:43","guid":{"rendered":"https:\/\/www.diotrol.com\/produkt\/diotrol-aqua-wallcare-2\/"},"modified":"2024-05-02T18:36:32","modified_gmt":"2024-05-02T17:36:32","slug":"diotrol-aqua-wallcare","status":"publish","type":"product","link":"https:\/\/www.diotrol.com\/fi\/produkt\/diotrol-aqua-wallcare\/","title":{"rendered":"Diotrol Aqua Wallcare &#8211; luonnollinen lopputulos kertasivelyll\u00e4"},"content":{"rendered":"<div class=\"elementor-element elementor-element-fd44e4a elementor-widget elementor-widget-text-editor\" data-id=\"fd44e4a\" data-element_type=\"widget\" data-widget_type=\"text-editor.default\">\n<div class=\"elementor-widget-container\">Diotrol Aqua Wallcare on vesipohjainen yksikerroksinen j\u00e4rjestelm\u00e4 uusille, vaaleille, k\u00e4sittelem\u00e4tt\u00f6m\u00e4st\u00e4 havupuusta valmistetuille sis\u00e4puuseinille. Antioksidanttien ja radikaalinpoistajayhdistelm\u00e4 est\u00e4\u00e4 vaalean havupuun tummumista. Vaalentava vaikutus ilman peittausaineita tai pigmenttej\u00e4 edist\u00e4\u00e4 valolta suojaavan vaikutuksen kest\u00e4vyytt\u00e4. Kuvien tai muiden koristeiden peitt\u00e4m\u00e4t alueet eiv\u00e4t n\u00e4y my\u00f6hemmin. Likaantuminen voidaan pest\u00e4 pois miedolla saippuavedell\u00e4.<\/div>\n<\/div>\n<div class=\"elementor-element elementor-element-d307b44 elementor-widget elementor-widget-heading\" data-id=\"d307b44\" data-element_type=\"widget\" data-widget_type=\"heading.default\">\n<div class=\"elementor-widget-container\">\n<h2 class=\"elementor-heading-title elementor-size-default\">Tekniset tiedot<\/h2>\n<\/div>\n<\/div>\n<div class=\"elementor-element elementor-element-fd4a5fa elementor-widget elementor-widget-text-editor\" data-id=\"fd4a5fa\" data-element_type=\"widget\" data-widget_type=\"text-editor.default\">\n<div class=\"elementor-widget-container\">\n<p><b>K\u00e4ytt\u00f6kohteet<\/b>Soveltuu vaaleille havupuupinoille sis\u00e4tiloissa.<br \/>\n<b>Astiat<\/b>1L | 5L | 20L<br \/>\n<b>V\u00e4ris\u00e4vyt<\/b> V\u00e4ritt\u00f6m\u00e4st\u00e4 \u201dmaidonvalkoiseen\u201d s\u00e4vyyn<br \/>\n<b>Riittoisuus<\/b>80-110 g\/m2 per levityskerta (9-13 neli\u00f6t\u00e4 litralla), puun pinnasta riippuen.<br \/>\n<b>Levitys <\/b>Levitt\u00e4minen harjalla, telalla, levittimell\u00e4 tai ruiskulla.<\/p>\n<\/div>\n<\/div>\n<div class=\"elementor-element elementor-element-a55f411 elementor-widget elementor-widget-heading\" data-id=\"a55f411\" data-element_type=\"widget\" data-widget_type=\"heading.default\">\n<div class=\"elementor-widget-container\">\n<h2 class=\"elementor-heading-title elementor-size-default\">Kannattaa tiet\u00e4\u00e4 | Vinkkej\u00e4 ja niksej\u00e4<\/h2>\n<\/div>\n<\/div>\n<div class=\"elementor-element elementor-element-a4d21bf elementor-widget elementor-widget-text-editor\" data-id=\"a4d21bf\" data-element_type=\"widget\" data-widget_type=\"text-editor.default\">\n<div class=\"elementor-widget-container\">Diotrol Aqua Wallcare levitet\u00e4\u00e4n k\u00e4sittelem\u00e4tt\u00f6m\u00e4lle havupuulle yhten\u00e4 kerroksena. Aineen suojaava vaikutus aktivoituu suorasta kosketuksesta puun kanssa. Tuote ei vaalenna jo tummentunutta puuta.<\/div>\n<\/div>\n","protected":false},"excerpt":{"rendered":"<p>Diotrol Aqua Wallcare on vesipohjainen yksikerroksinen j\u00e4rjestelm\u00e4 uusille, vaaleille, k\u00e4sittelem\u00e4tt\u00f6m\u00e4st\u00e4 havupuusta valmistetuille sis\u00e4puuseinille.<\/p>\n","protected":false},"featured_media":31267,"template":"","meta":{"site-sidebar-layout":"default","site-content-layout":"default","ast-site-content-layout":"default","site-content-style":"default","site-sidebar-style":"default","ast-global-header-display":"","ast-banner-title-visibility":"","ast-main-header-display":"","ast-hfb-above-header-display":"","ast-hfb-below-header-display":"","ast-hfb-mobile-header-display":"","site-post-title":"","ast-breadcrumbs-content":"","ast-featured-img":"","footer-sml-layout":"","theme-transparent-header-meta":"default","adv-header-id-meta":"","stick-header-meta":"default","header-above-stick-meta":"","header-main-stick-meta":"","header-below-stick-meta":"","astra-migrate-meta-layouts":"default","ast-page-background-enabled":"default","ast-page-background-meta":{"desktop":{"background-color":"","background-image":"","background-repeat":"repeat","background-position":"center center","background-size":"auto","background-attachment":"scroll","background-type":"","background-media":"","overlay-type":"","overlay-color":"","overlay-opacity":"","overlay-gradient":""},"tablet":{"background-color":"","background-image":"","background-repeat":"repeat","background-position":"center center","background-size":"auto","background-attachment":"scroll","background-type":"","background-media":"","overlay-type":"","overlay-color":"","overlay-opacity":"","overlay-gradient":""},"mobile":{"background-color":"","background-image":"","background-repeat":"repeat","background-position":"center center","background-size":"auto","background-attachment":"scroll","background-type":"","background-media":"","overlay-type":"","overlay-color":"","overlay-opacity":"","overlay-gradient":""}},"ast-content-background-meta":{"desktop":{"background-color":"var(--ast-global-color-5)","background-image":"","background-repeat":"repeat","background-position":"center center","background-size":"auto","background-attachment":"scroll","background-type":"","background-media":"","overlay-type":"","overlay-color":"","overlay-opacity":"","overlay-gradient":""},"tablet":{"background-color":"var(--ast-global-color-5)","background-image":"","background-repeat":"repeat","background-position":"center center","background-size":"auto","background-attachment":"scroll","background-type":"","background-media":"","overlay-type":"","overlay-color":"","overlay-opacity":"","overlay-gradient":""},"mobile":{"background-color":"var(--ast-global-color-5)","background-image":"","background-repeat":"repeat","background-position":"center center","background-size":"auto","background-attachment":"scroll","background-type":"","background-media":"","overlay-type":"","overlay-color":"","overlay-opacity":"","overlay-gradient":""}}},"product_brand":[],"product_cat":[572,454,593,563,565,567,618,624,634],"product_tag":[],"class_list":{"0":"post-10615","1":"product","2":"type-product","3":"status-publish","4":"has-post-thumbnail","6":"product_cat-aqua-natural-oeljy","7":"product_cat-pinnoite-fi-2","8":"product_cat-pinnoite-fi-6","9":"product_cat-pinnoite-fi-3","10":"product_cat-pinnoite-fi-5","11":"product_cat-uv-suojaus","12":"product_cat-hirsimoekki","13":"product_cat-ikkunat-ovet","14":"product_cat-kunnostus","15":"pa_basis-vesi","16":"pa_produktart-uv-suoja","17":"desktop-align-center","18":"tablet-align-center","19":"mobile-align-center","20":"ast-product-gallery-layout-horizontal-slider","21":"ast-product-gallery-with-no-image","22":"ast-magnify-disabled","23":"ast-product-single-variable","24":"ast-product-tabs-layout-horizontal","26":"first","27":"instock","28":"taxable","29":"shipping-taxable","30":"purchasable","31":"product-type-variable"},"_links":{"self":[{"href":"https:\/\/www.diotrol.com\/fi\/wp-json\/wp\/v2\/product\/10615","targetHints":{"allow":["GET"]}}],"collection":[{"href":"https:\/\/www.diotrol.com\/fi\/wp-json\/wp\/v2\/product"}],"about":[{"href":"https:\/\/www.diotrol.com\/fi\/wp-json\/wp\/v2\/types\/product"}],"wp:featuredmedia":[{"embeddable":true,"href":"https:\/\/www.diotrol.com\/fi\/wp-json\/wp\/v2\/media\/31267"}],"wp:attachment":[{"href":"https:\/\/www.diotrol.com\/fi\/wp-json\/wp\/v2\/media?parent=10615"}],"wp:term":[{"taxonomy":"product_brand","embeddable":true,"href":"https:\/\/www.diotrol.com\/fi\/wp-json\/wp\/v2\/product_brand?post=10615"},{"taxonomy":"product_cat","embeddable":true,"href":"https:\/\/www.diotrol.com\/fi\/wp-json\/wp\/v2\/product_cat?post=10615"},{"taxonomy":"product_tag","embeddable":true,"href":"https:\/\/www.diotrol.com\/fi\/wp-json\/wp\/v2\/product_tag?post=10615"}],"curies":[{"name":"wp","href":"https:\/\/api.w.org\/{rel}","templated":true}]}}