{"id":10617,"date":"2023-03-30T11:38:22","date_gmt":"2023-03-30T10:38:22","guid":{"rendered":"https:\/\/www.diotrol.com\/produkt\/diotrol-aqua-premium-wax-sun-ex\/"},"modified":"2024-05-02T18:53:34","modified_gmt":"2024-05-02T17:53:34","slug":"diotrol-aqua-premium-vaha","status":"publish","type":"product","link":"https:\/\/www.diotrol.com\/fi\/produkt\/diotrol-aqua-premium-vaha\/","title":{"rendered":"Diotrol Aqua Premium Wax Sun-Ex"},"content":{"rendered":"<div class=\"elementor-element elementor-element-c56ee8c elementor-widget elementor-widget-text-editor\" data-id=\"c56ee8c\" data-element_type=\"widget\" data-widget_type=\"text-editor.default\">\n<div class=\"elementor-widget-container\">Diotrol Aqua Premium Wax Sun-Ex -vaha antaa puulle vett\u00e4 ja likaa hylkiv\u00e4n, avohuokoisen ja hengitt\u00e4v\u00e4n pinnan. Sis\u00e4k\u00e4ytt\u00f6\u00f6n tarkoitettu luonnollinen vaha korostaa puun luonnollista kauneutta ja eloisaa puunj\u00e4lke\u00e4. Se on vesiliukoinen, mutta kuivuttuaan vedenpit\u00e4v\u00e4.<br \/>\nDiotrol Aqua Premium Wax Sun-Ex on kehitetty erityisesti kuusipuulle, ja se sis\u00e4lt\u00e4\u00e4 valolta suojaavan mekanismin. Yhdess\u00e4 UV-absorberin kanssa t\u00e4m\u00e4 est\u00e4\u00e4 puun ainesosien (p\u00e4\u00e4asiassa ligniinin) valokemiallisen hapettumisen. Ajan my\u00f6t\u00e4 tapahtuva puun kellastuminen pys\u00e4htyy ja puun luonnollinen vaalea v\u00e4ri s\u00e4ilyy pysyv\u00e4sti.<br \/>\nvastaanottaa.<\/div>\n<div class=\"elementor-widget-container\">Diotrol Aqua Premium Wax Sun-Ex ei sis\u00e4ll\u00e4 biosidej\u00e4, ja sen valmistuksessa on k\u00e4ytetty luonnon mehil\u00e4isvahaa.<\/div>\n<\/div>\n<div class=\"elementor-element elementor-element-83181aa elementor-widget elementor-widget-heading\" data-id=\"83181aa\" data-element_type=\"widget\" data-widget_type=\"heading.default\">\n<div class=\"elementor-widget-container\">\n<h2 class=\"elementor-heading-title elementor-size-default\">Tekniset tiedot<\/h2>\n<\/div>\n<\/div>\n<div class=\"elementor-element elementor-element-9a7385b elementor-widget elementor-widget-text-editor\" data-id=\"9a7385b\" data-element_type=\"widget\" data-widget_type=\"text-editor.default\">\n<div class=\"elementor-widget-container\">\n<p><b>K\u00e4ytt\u00f6alue <\/b>esimerkiksi havupuut: Puukatot, sein\u00e4p\u00e4\u00e4llysteet, paneloinnit, palkit, profiloitu puu,<br \/>\nPortaiden kaiteet, ovet sek\u00e4 p\u00f6yd\u00e4t, penkit, lipastot, kaapit, hyllyt ja muut puuhuonekalut.<br \/>\n<b>S\u00e4ili\u00f6 <\/b>1L | 2.5L | 5L<br \/>\n<b>S\u00e4vyt V\u00e4r <\/b>it\u00f6n, Lime White, Mallistot DP-Diotrol Plus, AW-Antikwood<br \/>\n<b>Kulutus <\/b>80 &#8211; 100 g\/m2 kerrosta kohti h\u00f6yl\u00e4tylle, hiotulle kuusipuulle.<br \/>\n<b>Levitys <\/b>Levitt\u00e4minen harjalla, telalla, levittimell\u00e4 tai ruiskulla.<\/p>\n<\/div>\n<\/div>\n<div class=\"elementor-element elementor-element-b6aeb35 elementor-widget elementor-widget-heading\" data-id=\"b6aeb35\" data-element_type=\"widget\" data-widget_type=\"heading.default\">\n<div class=\"elementor-widget-container\">\n<h2 class=\"elementor-heading-title elementor-size-default\">Kannattaa tiet\u00e4\u00e4 | Vinkkej\u00e4 ja niksej\u00e4<\/h2>\n<\/div>\n<\/div>\n<div class=\"elementor-element elementor-element-d1cbabf elementor-widget elementor-widget-text-editor\" data-id=\"d1cbabf\" data-element_type=\"widget\" data-widget_type=\"text-editor.default\">\n<div class=\"elementor-widget-container\">Esimerkiksi havupuut: Puiset katot, sein\u00e4p\u00e4\u00e4llysteet, paneloinnit, palkit, profiloitu puu, portaiden kaiteet, ovet sek\u00e4 p\u00f6yd\u00e4t, penkit, lipastot, kaapit, hyllyt ja muut puiset huonekalut.<\/div>\n<div class=\"elementor-widget-container\">Soveltuu erinomaisesti antiikkisten puupintojen restaurointiin, esim. B. Viljelij\u00e4n kaapit (tarkista ensin maalatun puun v\u00e4rinkest\u00e4vyys). Valosuojamekanismi p\u00e4\u00e4see parhaiten oikeuksiinsa, kun Diotrol Aqua Premium Wax Sun-Ex -vahaa levitet\u00e4\u00e4n seuraaviin kohtiin<br \/>\nk\u00e4ytet\u00e4\u00e4n raakaa, k\u00e4sittelem\u00e4t\u00f6nt\u00e4 havupuuta.<\/div>\n<\/div>\n","protected":false},"excerpt":{"rendered":"<p>Diotrol Aqua Premium Wax antaa puulle vett\u00e4 ja likaa hylkiv\u00e4n, avohuokoisen ja hengitt\u00e4v\u00e4n pinnan.<\/p>\n","protected":false},"featured_media":31255,"template":"","meta":{"site-sidebar-layout":"default","site-content-layout":"default","ast-site-content-layout":"default","site-content-style":"default","site-sidebar-style":"default","ast-global-header-display":"","ast-banner-title-visibility":"","ast-main-header-display":"","ast-hfb-above-header-display":"","ast-hfb-below-header-display":"","ast-hfb-mobile-header-display":"","site-post-title":"","ast-breadcrumbs-content":"","ast-featured-img":"","footer-sml-layout":"","theme-transparent-header-meta":"default","adv-header-id-meta":"","stick-header-meta":"default","header-above-stick-meta":"","header-main-stick-meta":"","header-below-stick-meta":"","astra-migrate-meta-layouts":"default","ast-page-background-enabled":"default","ast-page-background-meta":{"desktop":{"background-color":"","background-image":"","background-repeat":"repeat","background-position":"center center","background-size":"auto","background-attachment":"scroll","background-type":"","background-media":"","overlay-type":"","overlay-color":"","overlay-opacity":"","overlay-gradient":""},"tablet":{"background-color":"","background-image":"","background-repeat":"repeat","background-position":"center center","background-size":"auto","background-attachment":"scroll","background-type":"","background-media":"","overlay-type":"","overlay-color":"","overlay-opacity":"","overlay-gradient":""},"mobile":{"background-color":"","background-image":"","background-repeat":"repeat","background-position":"center center","background-size":"auto","background-attachment":"scroll","background-type":"","background-media":"","overlay-type":"","overlay-color":"","overlay-opacity":"","overlay-gradient":""}},"ast-content-background-meta":{"desktop":{"background-color":"var(--ast-global-color-5)","background-image":"","background-repeat":"repeat","background-position":"center center","background-size":"auto","background-attachment":"scroll","background-type":"","background-media":"","overlay-type":"","overlay-color":"","overlay-opacity":"","overlay-gradient":""},"tablet":{"background-color":"var(--ast-global-color-5)","background-image":"","background-repeat":"repeat","background-position":"center center","background-size":"auto","background-attachment":"scroll","background-type":"","background-media":"","overlay-type":"","overlay-color":"","overlay-opacity":"","overlay-gradient":""},"mobile":{"background-color":"var(--ast-global-color-5)","background-image":"","background-repeat":"repeat","background-position":"center center","background-size":"auto","background-attachment":"scroll","background-type":"","background-media":"","overlay-type":"","overlay-color":"","overlay-opacity":"","overlay-gradient":""}}},"product_brand":[],"product_cat":[572,474,457,562,446,563,454,585,567],"product_tag":[],"class_list":{"0":"post-10617","1":"product","2":"type-product","3":"status-publish","4":"has-post-thumbnail","6":"product_cat-aqua-natural-oeljy","7":"product_cat-hoito-fi-4","8":"product_cat-hoito-fi","9":"product_cat-kuullotteet","10":"product_cat-pinnoite-fi","11":"product_cat-pinnoite-fi-3","12":"product_cat-pinnoite-fi-2","13":"product_cat-sisaetiloissa","14":"product_cat-uv-suojaus","15":"pa_basis-vesi","16":"pa_produktart-uv-suoja","17":"pa_produktart-vaha","18":"desktop-align-center","19":"tablet-align-center","20":"mobile-align-center","21":"ast-product-gallery-layout-horizontal-slider","22":"ast-magnify-disabled","23":"ast-product-single-variable","24":"ast-product-tabs-layout-horizontal","26":"first","27":"instock","28":"taxable","29":"shipping-taxable","30":"purchasable","31":"product-type-variable"},"_links":{"self":[{"href":"https:\/\/www.diotrol.com\/fi\/wp-json\/wp\/v2\/product\/10617","targetHints":{"allow":["GET"]}}],"collection":[{"href":"https:\/\/www.diotrol.com\/fi\/wp-json\/wp\/v2\/product"}],"about":[{"href":"https:\/\/www.diotrol.com\/fi\/wp-json\/wp\/v2\/types\/product"}],"wp:featuredmedia":[{"embeddable":true,"href":"https:\/\/www.diotrol.com\/fi\/wp-json\/wp\/v2\/media\/31255"}],"wp:attachment":[{"href":"https:\/\/www.diotrol.com\/fi\/wp-json\/wp\/v2\/media?parent=10617"}],"wp:term":[{"taxonomy":"product_brand","embeddable":true,"href":"https:\/\/www.diotrol.com\/fi\/wp-json\/wp\/v2\/product_brand?post=10617"},{"taxonomy":"product_cat","embeddable":true,"href":"https:\/\/www.diotrol.com\/fi\/wp-json\/wp\/v2\/product_cat?post=10617"},{"taxonomy":"product_tag","embeddable":true,"href":"https:\/\/www.diotrol.com\/fi\/wp-json\/wp\/v2\/product_tag?post=10617"}],"curies":[{"name":"wp","href":"https:\/\/api.w.org\/{rel}","templated":true}]}}