{"id":10623,"date":"2023-03-31T08:44:28","date_gmt":"2023-03-31T07:44:28","guid":{"rendered":"https:\/\/www.diotrol.com\/produkt\/diotrol-aqua-woodseal\/"},"modified":"2024-05-02T18:36:01","modified_gmt":"2024-05-02T17:36:01","slug":"diotrol-aqua-woodseal","status":"publish","type":"product","link":"https:\/\/www.diotrol.com\/fi\/produkt\/diotrol-aqua-woodseal\/","title":{"rendered":"Diotrol Aqua Woodseal &#8211; suojaa hirsien p\u00e4\u00e4t vettymiselt\u00e4"},"content":{"rendered":"<p><span style=\"font-size: 16px;\">Diotrol Aqua Woodseal on vesipohjainen, pastamainen tiivistysaine, joka sulkee puun avoimet leikkauspinnat. Levityksen j\u00e4lkeen Diotrol Aqua Woodseal kuivuu l\u00e4pin\u00e4kyv\u00e4ksi ja elastiseksi kerrokseksi, mik\u00e4 est\u00e4\u00e4 kosteuden imeytymisen puuhun. Levityksen j\u00e4lkeen Diotrol Aqua Woodseal kuivuu l\u00e4pin\u00e4kyv\u00e4ksi ja plasto-elastiseksi kerrokseksi. Diotrol Aqua Woodseal est\u00e4\u00e4 veden p\u00e4\u00e4syn rakennepuuhun.<\/span><\/p>\n<div class=\"elementor-element elementor-element-fe56de3 elementor-widget elementor-widget-heading\" data-id=\"fe56de3\" data-element_type=\"widget\" data-widget_type=\"heading.default\">\n<div class=\"elementor-widget-container\">\n<h2 class=\"elementor-heading-title elementor-size-default\">Tekniset tiedot<\/h2>\n<\/div>\n<\/div>\n<div class=\"elementor-element elementor-element-b615396 elementor-widget elementor-widget-text-editor\" data-id=\"b615396\" data-element_type=\"widget\" data-widget_type=\"text-editor.default\">\n<div class=\"elementor-widget-container\">\n<p><b>K\u00e4ytt\u00f6alue<\/b> Soveltuu vain puun avoimien leikkauspintojen suojaamiseen.<\/p>\n<p><b>Astiat<\/b> 250ml | 500ml | 1L | 5L<\/p>\n<p><b>V\u00e4ris\u00e4vyt<\/b> Kellert\u00e4v\u00e4n valkoinen emulsio, levityksen j\u00e4lkeen kuivana v\u00e4rit\u00f6n\/l\u00e4pin\u00e4kyv\u00e4.<\/p>\n<p><b>Kulutus<\/b> Riippuen k\u00e4ytt\u00f6m\u00e4\u00e4r\u00e4st\u00e4<\/p>\n<p><b>Levitys <\/b>Levitys lastalla tai laakasiveltimell\u00e4.<\/p>\n<\/div>\n<\/div>\n<div class=\"elementor-element elementor-element-5f636a2 elementor-widget elementor-widget-heading\" data-id=\"5f636a2\" data-element_type=\"widget\" data-widget_type=\"heading.default\">\n<div class=\"elementor-widget-container\">\n<h2 class=\"elementor-heading-title elementor-size-default\">Kannattaa tiet\u00e4\u00e4 | Vinkkej\u00e4 ja niksej\u00e4<\/h2>\n<\/div>\n<\/div>\n<div class=\"elementor-element elementor-element-7dd4512 elementor-widget elementor-widget-text-editor\" data-id=\"7dd4512\" data-element_type=\"widget\" data-widget_type=\"text-editor.default\">\n<div class=\"elementor-widget-container\">\n<p>Levit\u00e4 lastalla tai litte\u00e4ll\u00e4 siveltimell\u00e4, kunnes se on kyll\u00e4stynyt, ja tasoita pinta. Levit\u00e4 Diotrol Aqua Woodseal joko vastaavan maalikerroksen j\u00e4lkeen tai ennen viimeist\u00e4 maalikerrosta. Voidaan maalata kaikilla kaupallisesti saatavilla puunsuojamaaleilla ja -v\u00e4reill\u00e4.<\/p>\n<\/div>\n<\/div>\n","protected":false},"excerpt":{"rendered":"<p>Diotrol Aqua Woodseal on vesipohjainen, pastamainen tiivistysaine, joka sulkee puun avoimet leikkauspinnat. Levityksen j\u00e4lkeen Diotrol Aqua Woodseal kuivuu l\u00e4pin\u00e4kyv\u00e4ksi ja elastiseksi kerrokseksi, mik\u00e4 est\u00e4\u00e4 kosteuden imeytymisen puuhun.<\/p>\n","protected":false},"featured_media":7320,"template":"","meta":{"site-sidebar-layout":"default","site-content-layout":"default","ast-site-content-layout":"default","site-content-style":"default","site-sidebar-style":"default","ast-global-header-display":"","ast-banner-title-visibility":"","ast-main-header-display":"","ast-hfb-above-header-display":"","ast-hfb-below-header-display":"","ast-hfb-mobile-header-display":"","site-post-title":"","ast-breadcrumbs-content":"","ast-featured-img":"","footer-sml-layout":"","theme-transparent-header-meta":"default","adv-header-id-meta":"","stick-header-meta":"default","header-above-stick-meta":"","header-main-stick-meta":"","header-below-stick-meta":"","astra-migrate-meta-layouts":"default","ast-page-background-enabled":"default","ast-page-background-meta":{"desktop":{"background-color":"","background-image":"","background-repeat":"repeat","background-position":"center center","background-size":"auto","background-attachment":"scroll","background-type":"","background-media":"","overlay-type":"","overlay-color":"","overlay-opacity":"","overlay-gradient":""},"tablet":{"background-color":"","background-image":"","background-repeat":"repeat","background-position":"center center","background-size":"auto","background-attachment":"scroll","background-type":"","background-media":"","overlay-type":"","overlay-color":"","overlay-opacity":"","overlay-gradient":""},"mobile":{"background-color":"","background-image":"","background-repeat":"repeat","background-position":"center center","background-size":"auto","background-attachment":"scroll","background-type":"","background-media":"","overlay-type":"","overlay-color":"","overlay-opacity":"","overlay-gradient":""}},"ast-content-background-meta":{"desktop":{"background-color":"var(--ast-global-color-5)","background-image":"","background-repeat":"repeat","background-position":"center center","background-size":"auto","background-attachment":"scroll","background-type":"","background-media":"","overlay-type":"","overlay-color":"","overlay-opacity":"","overlay-gradient":""},"tablet":{"background-color":"var(--ast-global-color-5)","background-image":"","background-repeat":"repeat","background-position":"center center","background-size":"auto","background-attachment":"scroll","background-type":"","background-media":"","overlay-type":"","overlay-color":"","overlay-opacity":"","overlay-gradient":""},"mobile":{"background-color":"var(--ast-global-color-5)","background-image":"","background-repeat":"repeat","background-position":"center center","background-size":"auto","background-attachment":"scroll","background-type":"","background-media":"","overlay-type":"","overlay-color":"","overlay-opacity":"","overlay-gradient":""}}},"product_brand":[],"product_cat":[344,572,578,574,579,575,580,576,577],"product_tag":[],"class_list":{"0":"post-10623","1":"product","2":"type-product","3":"status-publish","4":"has-post-thumbnail","6":"product_cat-aqua-erikoistuotteet","7":"product_cat-aqua-natural-oeljy","8":"product_cat-tarvikkeet-fi-4","9":"product_cat-tarvikkeet","10":"product_cat-tarvikkeet-fi-5","11":"product_cat-tarvikkeet-fi","12":"product_cat-tarvikkeet-fi-6","13":"product_cat-tarvikkeet-fi-2","14":"product_cat-tarvikkeet-fi-3","15":"pa_basis-vesi","16":"desktop-align-center","17":"tablet-align-center","18":"mobile-align-center","19":"ast-product-gallery-layout-horizontal-slider","20":"ast-product-gallery-with-no-image","21":"ast-magnify-disabled","22":"ast-product-single-variable","23":"ast-product-tabs-layout-horizontal","25":"first","26":"instock","27":"taxable","28":"shipping-taxable","29":"purchasable","30":"product-type-variable"},"_links":{"self":[{"href":"https:\/\/www.diotrol.com\/fi\/wp-json\/wp\/v2\/product\/10623","targetHints":{"allow":["GET"]}}],"collection":[{"href":"https:\/\/www.diotrol.com\/fi\/wp-json\/wp\/v2\/product"}],"about":[{"href":"https:\/\/www.diotrol.com\/fi\/wp-json\/wp\/v2\/types\/product"}],"wp:featuredmedia":[{"embeddable":true,"href":"https:\/\/www.diotrol.com\/fi\/wp-json\/wp\/v2\/media\/7320"}],"wp:attachment":[{"href":"https:\/\/www.diotrol.com\/fi\/wp-json\/wp\/v2\/media?parent=10623"}],"wp:term":[{"taxonomy":"product_brand","embeddable":true,"href":"https:\/\/www.diotrol.com\/fi\/wp-json\/wp\/v2\/product_brand?post=10623"},{"taxonomy":"product_cat","embeddable":true,"href":"https:\/\/www.diotrol.com\/fi\/wp-json\/wp\/v2\/product_cat?post=10623"},{"taxonomy":"product_tag","embeddable":true,"href":"https:\/\/www.diotrol.com\/fi\/wp-json\/wp\/v2\/product_tag?post=10623"}],"curies":[{"name":"wp","href":"https:\/\/api.w.org\/{rel}","templated":true}]}}