{"id":10631,"date":"2023-03-30T11:40:39","date_gmt":"2023-03-30T10:40:39","guid":{"rendered":"https:\/\/www.diotrol.com\/produkt\/diotrol-aqua-sun-ex\/"},"modified":"2024-05-02T18:42:55","modified_gmt":"2024-05-02T17:42:55","slug":"diotrol-aqua-sun-ex","status":"publish","type":"product","link":"https:\/\/www.diotrol.com\/fi\/produkt\/diotrol-aqua-sun-ex\/","title":{"rendered":"Diotrol Aqua Sun-Ex"},"content":{"rendered":"<div class=\"elementor-element elementor-element-11a57c2 elementor-widget elementor-widget-text-editor\" data-id=\"11a57c2\" data-element_type=\"widget\" data-widget_type=\"text-editor.default\">\n<div class=\"elementor-widget-container\">Puun ligniinin antioksidanttiin perustuva valonsuoja-aine. Diotrol Aqua Sun-Ex est\u00e4\u00e4 havupuiden tummumista auringonvalon vaikutuksesta. Voidaan k\u00e4ytt\u00e4\u00e4 sis\u00e4tiloissa puuraaka-aineiden k\u00e4sittelyyn. Kulutuskest\u00e4vyyden ja puhdistettavuuden parantamiseksi suosittelemme, ett\u00e4 seiniin levitet\u00e4\u00e4n Diotrol Aqua Natural Oil Glaze \u2013 kuullote (lasur) parhaista luonnon\u00f6ljyist\u00e4 -\u00f6ljymaalauskerros. Diotrol Sun-Ex on vesiliuos.<\/div>\n<\/div>\n<div class=\"elementor-element elementor-element-7c195db elementor-widget elementor-widget-heading\" data-id=\"7c195db\" data-element_type=\"widget\" data-widget_type=\"heading.default\">\n<div class=\"elementor-widget-container\">\n<h2 class=\"elementor-heading-title elementor-size-default\">Tekniset tiedot<\/h2>\n<\/div>\n<\/div>\n<div class=\"elementor-element elementor-element-dcd4096 elementor-widget elementor-widget-text-editor\" data-id=\"dcd4096\" data-element_type=\"widget\" data-widget_type=\"text-editor.default\">\n<div class=\"elementor-widget-container\">\n<p><b>K\u00e4ytt\u00f6alue <\/b>Kaikille raaoille, vaaleille havupuusta valmistetuille puuosille sis\u00e4tiloissa.<br \/>\n<b>Astiat<\/b>1L | 5L | 20L<br \/>\n<b>S\u00e4vyt<\/b> V\u00e4rit\u00f6n<br \/>\n<b>Kulutus <\/b>100 &#8211; 120g\/m\u00b2 per kerros<br \/>\n<b>Levitys<\/b> Levitys sivelem\u00e4ll\u00e4 tai telalla. Vesiliukoinen Diotrol Aqua Sun-Ex Finish ONE pintak\u00e4sittelyaine sopii my\u00f6s ruiskutettavaksi ja sit\u00e4 toimitetaan teolliseen k\u00e4ytt\u00f6\u00f6n.&amp;nbsp;<\/p>\n<\/div>\n<\/div>\n<div class=\"elementor-element elementor-element-572785e elementor-widget elementor-widget-heading\" data-id=\"572785e\" data-element_type=\"widget\" data-widget_type=\"heading.default\">\n<div class=\"elementor-widget-container\">\n<h2 class=\"elementor-heading-title elementor-size-default\">Kannattaa tiet\u00e4\u00e4 | Vinkkej\u00e4 ja niksej\u00e4<\/h2>\n<\/div>\n<\/div>\n<div class=\"elementor-element elementor-element-ecfa3ec elementor-widget elementor-widget-text-editor\" data-id=\"ecfa3ec\" data-element_type=\"widget\" data-widget_type=\"text-editor.default\">\n<div class=\"elementor-widget-container\">Diotrol Aqua Sun-Ex on levitett\u00e4v\u00e4 laimentamattomana h\u00f6yl\u00e4tylle ja hiotulle puulle.<\/div>\n<\/div>\n","protected":false},"excerpt":{"rendered":"<p>Puun ligniinin antioksidanttiin perustuva valonsuoja-aine. Diotrol Aqua Sun-Ex est\u00e4\u00e4 havupuiden tummumista auringonvalon vaikutuksesta.<\/p>\n","protected":false},"featured_media":31261,"template":"","meta":{"site-sidebar-layout":"default","site-content-layout":"default","ast-site-content-layout":"default","site-content-style":"default","site-sidebar-style":"default","ast-global-header-display":"","ast-banner-title-visibility":"","ast-main-header-display":"","ast-hfb-above-header-display":"","ast-hfb-below-header-display":"","ast-hfb-mobile-header-display":"","site-post-title":"","ast-breadcrumbs-content":"","ast-featured-img":"","footer-sml-layout":"","theme-transparent-header-meta":"default","adv-header-id-meta":"","stick-header-meta":"default","header-above-stick-meta":"","header-main-stick-meta":"","header-below-stick-meta":"","astra-migrate-meta-layouts":"default","ast-page-background-enabled":"default","ast-page-background-meta":{"desktop":{"background-color":"","background-image":"","background-repeat":"repeat","background-position":"center center","background-size":"auto","background-attachment":"scroll","background-type":"","background-media":"","overlay-type":"","overlay-color":"","overlay-opacity":"","overlay-gradient":""},"tablet":{"background-color":"","background-image":"","background-repeat":"repeat","background-position":"center center","background-size":"auto","background-attachment":"scroll","background-type":"","background-media":"","overlay-type":"","overlay-color":"","overlay-opacity":"","overlay-gradient":""},"mobile":{"background-color":"","background-image":"","background-repeat":"repeat","background-position":"center center","background-size":"auto","background-attachment":"scroll","background-type":"","background-media":"","overlay-type":"","overlay-color":"","overlay-opacity":"","overlay-gradient":""}},"ast-content-background-meta":{"desktop":{"background-color":"var(--ast-global-color-5)","background-image":"","background-repeat":"repeat","background-position":"center center","background-size":"auto","background-attachment":"scroll","background-type":"","background-media":"","overlay-type":"","overlay-color":"","overlay-opacity":"","overlay-gradient":""},"tablet":{"background-color":"var(--ast-global-color-5)","background-image":"","background-repeat":"repeat","background-position":"center center","background-size":"auto","background-attachment":"scroll","background-type":"","background-media":"","overlay-type":"","overlay-color":"","overlay-opacity":"","overlay-gradient":""},"mobile":{"background-color":"var(--ast-global-color-5)","background-image":"","background-repeat":"repeat","background-position":"center center","background-size":"auto","background-attachment":"scroll","background-type":"","background-media":"","overlay-type":"","overlay-color":"","overlay-opacity":"","overlay-gradient":""}}},"product_brand":[],"product_cat":[572,563,567],"product_tag":[],"class_list":{"0":"post-10631","1":"product","2":"type-product","3":"status-publish","4":"has-post-thumbnail","6":"product_cat-aqua-natural-oeljy","7":"product_cat-pinnoite-fi-3","8":"product_cat-uv-suojaus","9":"pa_basis-vesi","10":"pa_produktart-uv-suoja","11":"pa_produktart-vaha","12":"desktop-align-center","13":"tablet-align-center","14":"mobile-align-center","15":"ast-product-gallery-layout-horizontal-slider","16":"ast-product-gallery-with-no-image","17":"ast-magnify-disabled","18":"ast-product-single-variable","19":"ast-product-tabs-layout-horizontal","21":"first","22":"instock","23":"taxable","24":"shipping-taxable","25":"purchasable","26":"product-type-variable"},"_links":{"self":[{"href":"https:\/\/www.diotrol.com\/fi\/wp-json\/wp\/v2\/product\/10631","targetHints":{"allow":["GET"]}}],"collection":[{"href":"https:\/\/www.diotrol.com\/fi\/wp-json\/wp\/v2\/product"}],"about":[{"href":"https:\/\/www.diotrol.com\/fi\/wp-json\/wp\/v2\/types\/product"}],"wp:featuredmedia":[{"embeddable":true,"href":"https:\/\/www.diotrol.com\/fi\/wp-json\/wp\/v2\/media\/31261"}],"wp:attachment":[{"href":"https:\/\/www.diotrol.com\/fi\/wp-json\/wp\/v2\/media?parent=10631"}],"wp:term":[{"taxonomy":"product_brand","embeddable":true,"href":"https:\/\/www.diotrol.com\/fi\/wp-json\/wp\/v2\/product_brand?post=10631"},{"taxonomy":"product_cat","embeddable":true,"href":"https:\/\/www.diotrol.com\/fi\/wp-json\/wp\/v2\/product_cat?post=10631"},{"taxonomy":"product_tag","embeddable":true,"href":"https:\/\/www.diotrol.com\/fi\/wp-json\/wp\/v2\/product_tag?post=10631"}],"curies":[{"name":"wp","href":"https:\/\/api.w.org\/{rel}","templated":true}]}}