{"id":10644,"date":"2023-03-31T08:52:58","date_gmt":"2023-03-31T07:52:58","guid":{"rendered":"https:\/\/www.diotrol.com\/produkt\/diotrol-golden-oil-alba-white\/"},"modified":"2024-05-02T18:34:04","modified_gmt":"2024-05-02T17:34:04","slug":"diotrol-kultaoeljy-alba-valkoinen","status":"publish","type":"product","link":"https:\/\/www.diotrol.com\/fi\/produkt\/diotrol-kultaoeljy-alba-valkoinen\/","title":{"rendered":"Diotrol Golden Oil Alba White"},"content":{"rendered":"<div class=\"elementor-element elementor-element-ba87911 elementor-widget elementor-widget-text-editor\" data-id=\"ba87911\" data-element_type=\"widget\" data-widget_type=\"text-editor.default\">\n<div class=\"elementor-widget-container\">Diotrol Golden Oil Alba White on yleisp\u00e4tev\u00e4, valkoinen kovavaha\u00f6ljy. Se on valmistettu vain luonnon\u00f6ljyist\u00e4 ja erilaisista vahoista. Diotrol Golden Oil Onecoat enth\u00e4lt keine Trocknungsmittel auf Kobaltbasis, keine fl\u00fcchtigen organischen Verbindungen (VOCs) und keine sch\u00e4dlichen Substanzen. Sit\u00e4 voidaan k\u00e4ytt\u00e4\u00e4 ilman haittaa suojaamaan puuta vett\u00e4 ja kotitalouksien kemikaaleja vastaan. Diotrol Golden Oil soveltuu kaikentyyppisiin puu- ja sisustuskohteisiin, kuten parkettiin, huonekaluihin, panelointeihin ja sein\u00e4pinnoitteisiin. Jo yhdell\u00e4 k\u00e4ytt\u00f6kerralla saadaan aikaan silkkisen sile\u00e4 ja kest\u00e4v\u00e4 pinta.<\/div>\n<\/div>\n<div class=\"elementor-element elementor-element-70f1eac elementor-widget elementor-widget-heading\" data-id=\"70f1eac\" data-element_type=\"widget\" data-widget_type=\"heading.default\">\n<div class=\"elementor-widget-container\">\n<h2 class=\"elementor-heading-title elementor-size-default\">Tekniset tiedot<\/h2>\n<\/div>\n<\/div>\n<div class=\"elementor-element elementor-element-1a37e1a elementor-widget elementor-widget-text-editor\" data-id=\"1a37e1a\" data-element_type=\"widget\" data-widget_type=\"text-editor.default\">\n<div class=\"elementor-widget-container\">\n<p><b>Pakkaus<\/b>: 70g, 350g, 700g, 1.4kg, 7kg, 7kg.<\/p>\n<\/div>\n<\/div>\n<div class=\"elementor-element elementor-element-f4a7233 elementor-widget elementor-widget-heading\" data-id=\"f4a7233\" data-element_type=\"widget\" data-widget_type=\"heading.default\">\n<div class=\"elementor-widget-container\">\n<h2 class=\"elementor-heading-title elementor-size-default\">Kannattaa tiet\u00e4\u00e4 | Vinkkej\u00e4 ja niksej\u00e4<\/h2>\n<\/div>\n<\/div>\n<div class=\"elementor-element elementor-element-3cbf49a elementor-widget elementor-widget-text-editor\" data-id=\"3cbf49a\" data-element_type=\"widget\" data-widget_type=\"text-editor.default\">\n<div class=\"elementor-widget-container\">\n<p><b>Pikaopas<\/b><br \/>\n01 Esivalmistelun j\u00e4lkeen.Levit\u00e4 Diotrol Golden Oil Onecoat siveltimell\u00e4, kumilastalla, puuvillakankaalla tai ruiskullatasaisesti. 02 Anna vaikuttaa 10-30 minuuttia puulajista riippuen.<br \/>\n(03) poista ylim\u00e4\u00e4r\u00e4inen \u00f6ljy kumilastalla tai kankaalla ja 04 hiero \u00f6ljy voimakkaasti puuhun. 05 Pinnan on oltava k\u00e4sin<br \/>\nvaikuttavat kuivilta. 06 Pinta on k\u00e4velykuiva 24-36 tunnissa. 07 Kostea pesu on sallittu<br \/>\n5-7 p\u00e4iv\u00e4n j\u00e4lkeen.<\/p>\n<p>&nbsp;<\/p>\n<p><b>Erityisohjeet<\/b><br \/>\nTuotteen kostuttamat rievut ja trasselit jne. voivat sytty\u00e4 itsest\u00e4\u00e4n. Kuivata ne hyvin auki levitettyin\u00e4 avoimessa tilassa tai s\u00e4ilyt\u00e4 ilmatiiviisti suljetussa astiassa ennen h\u00e4vityst\u00e4. Pid\u00e4 kaukana syttymisl\u00e4hteist\u00e4. Lue k\u00e4ytt\u00f6turvallisuustiedote. <\/p>\n<p><a href=\"https:\/\/indd.adobe.com\/view\/21746897-3cae-49e8-af37-538883775f35\" target=\"_blank\" rel=\"nofollow noopener\">Lis\u00e4tietoja ja vertailukuvia on esitteess\u00e4mme.<\/a><\/p>\n<\/div>\n<\/div>\n","protected":false},"excerpt":{"rendered":"<p>Diotrol Golden Oil Alba White on yleisp\u00e4tev\u00e4, valkoinen kovavaha\u00f6ljy. Se on valmistettu vain luonnon\u00f6ljyist\u00e4 ja erilaisista vahoista.<\/p>\n","protected":false},"featured_media":7436,"template":"","meta":{"site-sidebar-layout":"default","site-content-layout":"default","ast-site-content-layout":"default","site-content-style":"default","site-sidebar-style":"default","ast-global-header-display":"","ast-banner-title-visibility":"","ast-main-header-display":"","ast-hfb-above-header-display":"","ast-hfb-below-header-display":"","ast-hfb-mobile-header-display":"","site-post-title":"","ast-breadcrumbs-content":"","ast-featured-img":"","footer-sml-layout":"","theme-transparent-header-meta":"default","adv-header-id-meta":"","stick-header-meta":"default","header-above-stick-meta":"","header-main-stick-meta":"","header-below-stick-meta":"","astra-migrate-meta-layouts":"default","ast-page-background-enabled":"default","ast-page-background-meta":{"desktop":{"background-color":"","background-image":"","background-repeat":"repeat","background-position":"center center","background-size":"auto","background-attachment":"scroll","background-type":"","background-media":"","overlay-type":"","overlay-color":"","overlay-opacity":"","overlay-gradient":""},"tablet":{"background-color":"","background-image":"","background-repeat":"repeat","background-position":"center center","background-size":"auto","background-attachment":"scroll","background-type":"","background-media":"","overlay-type":"","overlay-color":"","overlay-opacity":"","overlay-gradient":""},"mobile":{"background-color":"","background-image":"","background-repeat":"repeat","background-position":"center center","background-size":"auto","background-attachment":"scroll","background-type":"","background-media":"","overlay-type":"","overlay-color":"","overlay-opacity":"","overlay-gradient":""}},"ast-content-background-meta":{"desktop":{"background-color":"var(--ast-global-color-5)","background-image":"","background-repeat":"repeat","background-position":"center center","background-size":"auto","background-attachment":"scroll","background-type":"","background-media":"","overlay-type":"","overlay-color":"","overlay-opacity":"","overlay-gradient":""},"tablet":{"background-color":"var(--ast-global-color-5)","background-image":"","background-repeat":"repeat","background-position":"center center","background-size":"auto","background-attachment":"scroll","background-type":"","background-media":"","overlay-type":"","overlay-color":"","overlay-opacity":"","overlay-gradient":""},"mobile":{"background-color":"var(--ast-global-color-5)","background-image":"","background-repeat":"repeat","background-position":"center center","background-size":"auto","background-attachment":"scroll","background-type":"","background-media":"","overlay-type":"","overlay-color":"","overlay-opacity":"","overlay-gradient":""}}},"product_brand":[],"product_cat":[387,426,563,446,460],"product_tag":[],"class_list":{"0":"post-10644","1":"product","2":"type-product","3":"status-publish","4":"has-post-thumbnail","6":"product_cat-hoitooeljy","7":"product_cat-kultainen-oeljy","8":"product_cat-pinnoite-fi-3","9":"product_cat-pinnoite-fi","10":"product_cat-sisustus","11":"pa_basis-oeljy","12":"desktop-align-center","13":"tablet-align-center","14":"mobile-align-center","15":"ast-product-gallery-layout-horizontal-slider","16":"ast-product-gallery-with-no-image","17":"ast-magnify-disabled","18":"ast-product-single-variable","19":"ast-product-tabs-layout-horizontal","21":"first","22":"instock","23":"taxable","24":"shipping-taxable","25":"purchasable","26":"product-type-variable"},"_links":{"self":[{"href":"https:\/\/www.diotrol.com\/fi\/wp-json\/wp\/v2\/product\/10644","targetHints":{"allow":["GET"]}}],"collection":[{"href":"https:\/\/www.diotrol.com\/fi\/wp-json\/wp\/v2\/product"}],"about":[{"href":"https:\/\/www.diotrol.com\/fi\/wp-json\/wp\/v2\/types\/product"}],"wp:featuredmedia":[{"embeddable":true,"href":"https:\/\/www.diotrol.com\/fi\/wp-json\/wp\/v2\/media\/7436"}],"wp:attachment":[{"href":"https:\/\/www.diotrol.com\/fi\/wp-json\/wp\/v2\/media?parent=10644"}],"wp:term":[{"taxonomy":"product_brand","embeddable":true,"href":"https:\/\/www.diotrol.com\/fi\/wp-json\/wp\/v2\/product_brand?post=10644"},{"taxonomy":"product_cat","embeddable":true,"href":"https:\/\/www.diotrol.com\/fi\/wp-json\/wp\/v2\/product_cat?post=10644"},{"taxonomy":"product_tag","embeddable":true,"href":"https:\/\/www.diotrol.com\/fi\/wp-json\/wp\/v2\/product_tag?post=10644"}],"curies":[{"name":"wp","href":"https:\/\/api.w.org\/{rel}","templated":true}]}}