{"id":10646,"date":"2023-03-30T11:43:24","date_gmt":"2023-03-30T10:43:24","guid":{"rendered":"https:\/\/www.diotrol.com\/produkt\/diotrol-aqua-sun-ex-finish-one\/"},"modified":"2024-09-25T13:11:24","modified_gmt":"2024-09-25T12:11:24","slug":"diotrol-aqua-sun-ex-finish-one","status":"publish","type":"product","link":"https:\/\/www.diotrol.com\/fi\/produkt\/diotrol-aqua-sun-ex-finish-one\/","title":{"rendered":"Diotrol Aqua Sun-Ex Finish ONE"},"content":{"rendered":"<div class=\"elementor-element elementor-element-61d30e1 elementor-widget elementor-widget-heading\" data-id=\"61d30e1\" data-element_type=\"widget\" data-widget_type=\"heading.default\">\n<div class=\"elementor-widget-container\">\n<h2 class=\"elementor-heading-title elementor-size-default\">suojaa sis\u00e4pinnat auringolta, s\u00e4ilytt\u00e4\u00e4 puun luonnollisena ja antaa puun hengitt\u00e4\u00e4<\/h2>\n<\/div>\n<\/div>\n<div class=\"elementor-element elementor-element-7087339 elementor-widget-divider--view-line elementor-widget elementor-widget-divider\" data-id=\"7087339\" data-element_type=\"widget\" data-widget_type=\"divider.default\">\n<div class=\"elementor-widget-container\">\n<div class=\"elementor-divider\"><\/div>\n<\/div>\n<\/div>\n<div class=\"elementor-element elementor-element-4d5202b elementor-widget elementor-widget-heading\" data-id=\"4d5202b\" data-element_type=\"widget\" data-widget_type=\"heading.default\">\n<div class=\"elementor-widget-container\">\n<h2 class=\"elementor-heading-title elementor-size-default\">DIOTROL AQUA SUN-EX FINISH ONE<\/h2>\n<\/div>\n<\/div>\n<div class=\"elementor-element elementor-element-70167e9 elementor-widget elementor-widget-text-editor\" data-id=\"70167e9\" data-element_type=\"widget\" data-widget_type=\"text-editor.default\">\n<div class=\"elementor-widget-container\">#80040 | #80041<\/div>\n<\/div>\n<div class=\"elementor-element elementor-element-4f25ace elementor-widget elementor-widget-text-editor\" data-id=\"4f25ace\" data-element_type=\"widget\" data-widget_type=\"text-editor.default\">\n<div class=\"elementor-widget-container\">Vesiliukoinen Diotrol Aqua Sun-Ex Finish ONE on k\u00e4sittelem\u00e4tt\u00f6m\u00e4lle vaalealle havupuulle sis\u00e4tiloihin kertasivelt\u00e4v\u00e4ksi kehitetty pintak\u00e4sittelyaine. Diotrol Aqua Sun-Ex Finish ONE suojaa puuta auringonvalon aiheuttamilta v\u00e4rimuutoksilta. Sen valonsuojamekanismi yhdess\u00e4 UVs\u00e4teily\u00e4 absorboivan aineen kanssa est\u00e4v\u00e4t puun ainesosien (p\u00e4\u00e4asiassa ligniinin) fotokemiallisen hapettumisen ja sen my\u00f6t\u00e4 alkavan puun kellastumisen ja tummumisen.Diotrol Aqua Sun-Ex Finish ONE s\u00e4ilytt\u00e4\u00e4 puun luonnollisen vaalean v\u00e4ris\u00e4vyn kauemmin alkuper\u00e4isen\u00e4. Diotrol Aqua Sun-Ex Finish ONE kuuluu parhaaseen M1-luokkaan. Rakenteen hengitt\u00e4vyydell\u00e4 tarkoitetaan esimerkiksi massiivipuisen ulkosein\u00e4n kyky\u00e4 sitoa ja luovuttaa sek\u00e4 tasata huonetilan kosteutta.<\/div>\n<\/div>\n<div class=\"elementor-element elementor-element-3f8b9a0 elementor-widget elementor-widget-heading\" data-id=\"3f8b9a0\" data-element_type=\"widget\" data-widget_type=\"heading.default\">\n<div class=\"elementor-widget-container\">\n<h2 class=\"elementor-heading-title elementor-size-default\">Tekniset tiedot<\/h2>\n<\/div>\n<\/div>\n<div class=\"elementor-element elementor-element-e270cb2 elementor-widget elementor-widget-text-editor\" data-id=\"e270cb2\" data-element_type=\"widget\" data-widget_type=\"text-editor.default\">\n<div class=\"elementor-widget-container\">\n<p><b>K\u00e4ytt\u00f6kohteet<\/b>Uudet vaaleat havupuupinnat sis\u00e4tiloissa; hirsi- ja paneelisein\u00e4t ja -katot, CLT-elementit, v\u00e4liovet, listat ja kalusteet.<br \/>\n<b>Astiat<\/b>1L | 5L | 20L<br \/>\n<b>V\u00e4ris\u00e4vyt <\/b>V\u00e4rit\u00f6n \u201dNatura\u201d (#80040) ja valkokuulto \u201dWhitish\u201d (#80041). V\u00e4rikartan mukaan DP-Diotrol Plus ja AW-Antik-Wood sek\u00e4 RAL ja NCS.<br \/>\n<b>Riittoisuus<\/b>80-110 g\/m2 per levityskerta (9-13 neli\u00f6t\u00e4 litralla), puun pinnasta riippuen.<br \/>\n<b>Levitys<\/b> Levitys sivelem\u00e4ll\u00e4 tai telalla. Vesiliukoinen Diotrol Aqua Sun-Ex Finish ONE pintak\u00e4sittelyaine sopii my\u00f6s ruiskutettavaksi ja sit\u00e4 toimitetaan teolliseen k\u00e4ytt\u00f6\u00f6n.&amp;nbsp;<\/p>\n<\/div>\n<\/div>\n<div class=\"elementor-element elementor-element-90e3cc9 elementor-widget elementor-widget-heading\" data-id=\"90e3cc9\" data-element_type=\"widget\" data-widget_type=\"heading.default\">\n<div class=\"elementor-widget-container\">\n<h2 class=\"elementor-heading-title elementor-size-default\">Kannattaa tiet\u00e4\u00e4 | Vinkkej\u00e4 ja niksej\u00e4<\/h2>\n<\/div>\n<\/div>\n<div class=\"elementor-element elementor-element-e6d1052 elementor-widget elementor-widget-text-editor\" data-id=\"e6d1052\" data-element_type=\"widget\" data-widget_type=\"text-editor.default\">\n<div class=\"elementor-widget-container\">Diotrol Aqua Sun-Ex Finish ONE antaa puun hengitt\u00e4\u00e4koska sen suhteellinen vesih\u00f6yryn diffuusiovastus puun pinnalla, ns. Sd-luku, on vain 0,01. Pintak\u00e4sittelyaine Diotrol Aqua Sun-Ex Finish ONE alentaa my\u00f6s huoneilmanformaldehydipitoisuuta, jos t\u00e4llaisia p\u00e4\u00e4st\u00f6j\u00e4 on rakennuksessa mitattu.<\/div>\n<\/div>\n<div><\/div>\n<div>\n<p><a href=\"https:\/\/www.diotrol.com\/wp-content\/uploads\/2023\/04\/Sefo_Text_2021-1.pdf\">Lis\u00e4tietoja ja vertailukuvia on esitteess\u00e4mme.<\/a><\/p>\n<\/div>\n","protected":false},"excerpt":{"rendered":"<div class=\"elementor-element elementor-element-61d30e1 elementor-widget elementor-widget-heading\" data-id=\"61d30e1\" data-element_type=\"widget\" data-widget_type=\"heading.default\">\n<div class=\"elementor-widget-container\"><\/div>\n<\/div>\n<div class=\"elementor-element elementor-element-70167e9 elementor-widget elementor-widget-text-editor\" data-id=\"70167e9\" data-element_type=\"widget\" data-widget_type=\"text-editor.default\">\n<div class=\"elementor-widget-container\"><span style=\"font-size: 16px\">Diotrol Aqua Sun-Ex Finish ONE on maali vaalealle havupuulle, kuten n\u00e4kyville palkeille, sein\u00e4verhouksille tai sisustuskalusteille. <\/span><\/div>\n<\/div>\n","protected":false},"featured_media":31209,"template":"","meta":{"site-sidebar-layout":"default","site-content-layout":"default","ast-site-content-layout":"default","site-content-style":"default","site-sidebar-style":"default","ast-global-header-display":"","ast-banner-title-visibility":"","ast-main-header-display":"","ast-hfb-above-header-display":"","ast-hfb-below-header-display":"","ast-hfb-mobile-header-display":"","site-post-title":"","ast-breadcrumbs-content":"","ast-featured-img":"","footer-sml-layout":"","theme-transparent-header-meta":"default","adv-header-id-meta":"","stick-header-meta":"default","header-above-stick-meta":"","header-main-stick-meta":"","header-below-stick-meta":"","astra-migrate-meta-layouts":"set","ast-page-background-enabled":"default","ast-page-background-meta":{"desktop":{"background-color":"","background-image":"","background-repeat":"repeat","background-position":"center center","background-size":"auto","background-attachment":"scroll","background-type":"","background-media":"","overlay-type":"","overlay-color":"","overlay-opacity":"","overlay-gradient":""},"tablet":{"background-color":"","background-image":"","background-repeat":"repeat","background-position":"center center","background-size":"auto","background-attachment":"scroll","background-type":"","background-media":"","overlay-type":"","overlay-color":"","overlay-opacity":"","overlay-gradient":""},"mobile":{"background-color":"","background-image":"","background-repeat":"repeat","background-position":"center center","background-size":"auto","background-attachment":"scroll","background-type":"","background-media":"","overlay-type":"","overlay-color":"","overlay-opacity":"","overlay-gradient":""}},"ast-content-background-meta":{"desktop":{"background-color":"var(--ast-global-color-5)","background-image":"","background-repeat":"repeat","background-position":"center center","background-size":"auto","background-attachment":"scroll","background-type":"","background-media":"","overlay-type":"","overlay-color":"","overlay-opacity":"","overlay-gradient":""},"tablet":{"background-color":"var(--ast-global-color-5)","background-image":"","background-repeat":"repeat","background-position":"center center","background-size":"auto","background-attachment":"scroll","background-type":"","background-media":"","overlay-type":"","overlay-color":"","overlay-opacity":"","overlay-gradient":""},"mobile":{"background-color":"var(--ast-global-color-5)","background-image":"","background-repeat":"repeat","background-position":"center center","background-size":"auto","background-attachment":"scroll","background-type":"","background-media":"","overlay-type":"","overlay-color":"","overlay-opacity":"","overlay-gradient":""}}},"product_brand":[],"product_cat":[572,563,593,565,454,585,567,618,624,634],"product_tag":[],"class_list":{"0":"post-10646","1":"product","2":"type-product","3":"status-publish","4":"has-post-thumbnail","6":"product_cat-aqua-natural-oeljy","7":"product_cat-pinnoite-fi-3","8":"product_cat-pinnoite-fi-6","9":"product_cat-pinnoite-fi-5","10":"product_cat-pinnoite-fi-2","11":"product_cat-sisaetiloissa","12":"product_cat-uv-suojaus","13":"product_cat-hirsimoekki","14":"product_cat-ikkunat-ovet","15":"product_cat-kunnostus","16":"pa_basis-vesi","17":"pa_produktart-uv-suoja","18":"pa_produktart-vaha","19":"desktop-align-center","20":"tablet-align-center","21":"mobile-align-center","22":"ast-product-gallery-layout-horizontal-slider","23":"ast-product-gallery-with-no-image","24":"ast-magnify-disabled","25":"ast-product-single-variable","26":"ast-product-tabs-layout-horizontal","28":"first","29":"instock","30":"taxable","31":"shipping-taxable","32":"purchasable","33":"product-type-variable"},"_links":{"self":[{"href":"https:\/\/www.diotrol.com\/fi\/wp-json\/wp\/v2\/product\/10646","targetHints":{"allow":["GET"]}}],"collection":[{"href":"https:\/\/www.diotrol.com\/fi\/wp-json\/wp\/v2\/product"}],"about":[{"href":"https:\/\/www.diotrol.com\/fi\/wp-json\/wp\/v2\/types\/product"}],"wp:featuredmedia":[{"embeddable":true,"href":"https:\/\/www.diotrol.com\/fi\/wp-json\/wp\/v2\/media\/31209"}],"wp:attachment":[{"href":"https:\/\/www.diotrol.com\/fi\/wp-json\/wp\/v2\/media?parent=10646"}],"wp:term":[{"taxonomy":"product_brand","embeddable":true,"href":"https:\/\/www.diotrol.com\/fi\/wp-json\/wp\/v2\/product_brand?post=10646"},{"taxonomy":"product_cat","embeddable":true,"href":"https:\/\/www.diotrol.com\/fi\/wp-json\/wp\/v2\/product_cat?post=10646"},{"taxonomy":"product_tag","embeddable":true,"href":"https:\/\/www.diotrol.com\/fi\/wp-json\/wp\/v2\/product_tag?post=10646"}],"curies":[{"name":"wp","href":"https:\/\/api.w.org\/{rel}","templated":true}]}}