{"id":10679,"date":"2023-03-30T06:49:48","date_gmt":"2023-03-30T05:49:48","guid":{"rendered":"https:\/\/www.diotrol.com\/produkt\/diotrol-kovavahaoljy-diodur-diodur\/"},"modified":"2024-03-12T13:16:40","modified_gmt":"2024-03-12T12:16:40","slug":"diotrolikova-vahaoeljy-diodur-2","status":"publish","type":"product","link":"https:\/\/www.diotrol.com\/fi\/produkt\/diotrolikova-vahaoeljy-diodur-2\/","title":{"rendered":"Diotrol Hardwaxoil Diodur \u2013 puunhoitotuote"},"content":{"rendered":"<div class=\"elementor-element elementor-element-e5a9d7b elementor-widget elementor-widget-text-editor\" data-id=\"e5a9d7b\" data-element_type=\"widget\" data-widget_type=\"text-editor.default\">\n<div class=\"elementor-widget-container\">\n<p>Diotrol Hardwaxoil Diodur on liuotinpohjainen puunhoitotuote, joka on valmistettu uusiutuvistaluonnon kasvi\u00f6ljyist\u00e4 yhdistettyn\u00e4 luonnon- ja fossiilisiin vahoihin. Sit\u00e4 voi k\u00e4ytt\u00e4\u00e4 kaikelle puullesis\u00e4ll\u00e4.Diotrol Hardwaxoil Diodur\u2019lla on eritt\u00e4in helppo puhdistaa.<\/p>\n<\/div>\n<\/div>\n<div class=\"elementor-element elementor-element-9533610 elementor-widget elementor-widget-heading\" data-id=\"9533610\" data-element_type=\"widget\" data-widget_type=\"heading.default\">\n<div class=\"elementor-widget-container\">\n<h2 class=\"elementor-heading-title elementor-size-default\">Tekniset tiedot<\/h2>\n<\/div>\n<\/div>\n<div class=\"elementor-element elementor-element-e089fb2 elementor-widget elementor-widget-text-editor\" data-id=\"e089fb2\" data-element_type=\"widget\" data-widget_type=\"text-editor.default\">\n<div class=\"elementor-widget-container\">\n<p><b>K\u00e4ytt\u00f6alue <\/b>Puulattiat, korkkilevyt, OSB-levyt, huonekalut ja muut kotitalouksien puiset esineet, mukaanlukien ne, jotka joutuvat kosketuksiin elintarvikkeiden kanssa. Diotrol Hardwaxoil Diodur soveltuu erinomaisesti puisiin keitti\u00f6v\u00e4lineisiin, kuten astioihin, ruokailuv\u00e4lineisiin tai hedelm\u00e4kulhoihin.<\/p>\n<p><b>Astiat<\/b> 1L| 5L| 18L| 200L<\/p>\n<p><b>V\u00e4ris\u00e4vyt <\/b>V\u00e4rit\u00f6n<\/p>\n<p><b>Kulutus <\/b>80 &#8211; 100g\/m2 per kerros<\/p>\n<p><b>Levitys <\/b>Sivellin, sieni, levitysfleece tai -tyyny.<\/p>\n<\/div>\n<\/div>\n<div class=\"elementor-element elementor-element-ec728f3 elementor-widget elementor-widget-heading\" data-id=\"ec728f3\" data-element_type=\"widget\" data-widget_type=\"heading.default\">\n<div class=\"elementor-widget-container\">\n<h2 class=\"elementor-heading-title elementor-size-default\">Kannattaa tiet\u00e4\u00e4 | Vinkkej\u00e4 ja niksej\u00e4<\/h2>\n<\/div>\n<\/div>\n<div class=\"elementor-element elementor-element-72592cf elementor-widget elementor-widget-text-editor\" data-id=\"72592cf\" data-element_type=\"widget\" data-widget_type=\"text-editor.default\">\n<div class=\"elementor-widget-container\">\n<p>Voimakkaasti rasitetuille pinnoille tuotteeseen voidaan lis\u00e4t\u00e4 #76220 Diotrol Hardener HWO sekoitussuhteessa 4:1. Parkettilattiat tai ty\u00f6tasot saavat n\u00e4in kest\u00e4v\u00e4mm\u00e4n pinnan ja pysyv\u00e4t suojattuina pitk\u00e4\u00e4n. Lis\u00e4ksi Diotrol Hardwaxoil Diodur kuivuminen nopeutuu.<\/p>\n<\/div>\n<\/div>\n","protected":false},"excerpt":{"rendered":"<p>Diotrol Hardwaxoil Diodur on liuotinpohjainen puunhoitotuote, joka on valmistettu uusiutuvistaluonnon kasvi\u00f6ljyist\u00e4 yhdistettyn\u00e4 luonnon- ja fossiilisiin vahoihin.<\/p>\n","protected":false},"featured_media":7472,"template":"","meta":{"site-sidebar-layout":"default","site-content-layout":"default","ast-site-content-layout":"default","site-content-style":"default","site-sidebar-style":"default","ast-global-header-display":"","ast-banner-title-visibility":"","ast-main-header-display":"","ast-hfb-above-header-display":"","ast-hfb-below-header-display":"","ast-hfb-mobile-header-display":"","site-post-title":"","ast-breadcrumbs-content":"","ast-featured-img":"","footer-sml-layout":"","theme-transparent-header-meta":"default","adv-header-id-meta":"","stick-header-meta":"default","header-above-stick-meta":"","header-main-stick-meta":"","header-below-stick-meta":"","astra-migrate-meta-layouts":"default","ast-page-background-enabled":"default","ast-page-background-meta":{"desktop":{"background-color":"","background-image":"","background-repeat":"repeat","background-position":"center center","background-size":"auto","background-attachment":"scroll","background-type":"","background-media":"","overlay-type":"","overlay-color":"","overlay-opacity":"","overlay-gradient":""},"tablet":{"background-color":"","background-image":"","background-repeat":"repeat","background-position":"center center","background-size":"auto","background-attachment":"scroll","background-type":"","background-media":"","overlay-type":"","overlay-color":"","overlay-opacity":"","overlay-gradient":""},"mobile":{"background-color":"","background-image":"","background-repeat":"repeat","background-position":"center center","background-size":"auto","background-attachment":"scroll","background-type":"","background-media":"","overlay-type":"","overlay-color":"","overlay-opacity":"","overlay-gradient":""}},"ast-content-background-meta":{"desktop":{"background-color":"var(--ast-global-color-5)","background-image":"","background-repeat":"repeat","background-position":"center center","background-size":"auto","background-attachment":"scroll","background-type":"","background-media":"","overlay-type":"","overlay-color":"","overlay-opacity":"","overlay-gradient":""},"tablet":{"background-color":"var(--ast-global-color-5)","background-image":"","background-repeat":"repeat","background-position":"center center","background-size":"auto","background-attachment":"scroll","background-type":"","background-media":"","overlay-type":"","overlay-color":"","overlay-opacity":"","overlay-gradient":""},"mobile":{"background-color":"var(--ast-global-color-5)","background-image":"","background-repeat":"repeat","background-position":"center center","background-size":"auto","background-attachment":"scroll","background-type":"","background-media":"","overlay-type":"","overlay-color":"","overlay-opacity":"","overlay-gradient":""}}},"product_brand":[],"product_cat":[598,596,446,563,585],"product_tag":[],"class_list":{"0":"post-10679","1":"product","2":"type-product","3":"status-publish","4":"has-post-thumbnail","6":"product_cat-erikoistuotteet","7":"product_cat-luonnonoeljy","8":"product_cat-pinnoite-fi","9":"product_cat-pinnoite-fi-3","10":"product_cat-sisaetiloissa","11":"pa_basis-liuotin","12":"pa_produktart-vaha","13":"desktop-align-center","14":"tablet-align-center","15":"mobile-align-center","16":"ast-product-gallery-layout-horizontal-slider","17":"ast-magnify-disabled","18":"ast-product-single-variable","19":"ast-product-tabs-layout-horizontal","21":"first","22":"instock","23":"taxable","24":"shipping-taxable","25":"purchasable","26":"product-type-variable"},"_links":{"self":[{"href":"https:\/\/www.diotrol.com\/fi\/wp-json\/wp\/v2\/product\/10679","targetHints":{"allow":["GET"]}}],"collection":[{"href":"https:\/\/www.diotrol.com\/fi\/wp-json\/wp\/v2\/product"}],"about":[{"href":"https:\/\/www.diotrol.com\/fi\/wp-json\/wp\/v2\/types\/product"}],"wp:featuredmedia":[{"embeddable":true,"href":"https:\/\/www.diotrol.com\/fi\/wp-json\/wp\/v2\/media\/7472"}],"wp:attachment":[{"href":"https:\/\/www.diotrol.com\/fi\/wp-json\/wp\/v2\/media?parent=10679"}],"wp:term":[{"taxonomy":"product_brand","embeddable":true,"href":"https:\/\/www.diotrol.com\/fi\/wp-json\/wp\/v2\/product_brand?post=10679"},{"taxonomy":"product_cat","embeddable":true,"href":"https:\/\/www.diotrol.com\/fi\/wp-json\/wp\/v2\/product_cat?post=10679"},{"taxonomy":"product_tag","embeddable":true,"href":"https:\/\/www.diotrol.com\/fi\/wp-json\/wp\/v2\/product_tag?post=10679"}],"curies":[{"name":"wp","href":"https:\/\/api.w.org\/{rel}","templated":true}]}}