{"id":9871,"date":"2023-03-31T09:19:19","date_gmt":"2023-03-31T08:19:19","guid":{"rendered":"https:\/\/www.diotrol.com\/produkt\/diotrol-golden-oil-activator\/"},"modified":"2024-05-02T18:29:34","modified_gmt":"2024-05-02T17:29:34","slug":"diotrol-golden-oil-activator","status":"publish","type":"product","link":"https:\/\/www.diotrol.com\/fi\/produkt\/diotrol-golden-oil-activator\/","title":{"rendered":"Diotrol Golden Oil Activator"},"content":{"rendered":"<div class=\"elementor-element elementor-element-a8452c3 elementor-widget elementor-widget-text-editor\" data-id=\"a8452c3\" data-element_type=\"widget\" data-widget_type=\"text-editor.default\">\n<div class=\"elementor-widget-container\">\n<p>Diotrol Golden Oil Activator kiihdytt\u00e4\u00e4 \u00f6ljyvahan Golden Oil Onecoat ja Diotrol Golden Oil Alba White kuivumista. Golden Oil Activator avulla saadaan aikaan my\u00f6s parempi suoja \u00f6ljyvahalle Golden Oil Onecoat kotitalouden kemikaaleja vastaan. Suositellaan erityisesti vaakatasossa oleville ja voimakkaasti rasitetuille puupinnoille. Se ei sis\u00e4ll\u00e4 haihtuvia orgaanisia aineita (VOC).<\/p>\n<\/div>\n<\/div>\n<div class=\"elementor-element elementor-element-b664c3f elementor-widget elementor-widget-heading\" data-id=\"b664c3f\" data-element_type=\"widget\" data-widget_type=\"heading.default\">\n<div class=\"elementor-widget-container\">\n<h2 class=\"elementor-heading-title elementor-size-default\">Tekniset tiedot<\/h2>\n<\/div>\n<\/div>\n<div class=\"elementor-element elementor-element-d57ddd9 elementor-widget elementor-widget-text-editor\" data-id=\"d57ddd9\" data-element_type=\"widget\" data-widget_type=\"text-editor.default\">\n<div class=\"elementor-widget-container\">\n<p><b>Astiakoko<\/b> 150ml, 300ml, 1.5L<\/p>\n<p>&nbsp;<\/p>\n<\/div>\n<\/div>\n<div class=\"elementor-element elementor-element-59c5f47 elementor-widget elementor-widget-heading\" data-id=\"59c5f47\" data-element_type=\"widget\" data-widget_type=\"heading.default\">\n<div class=\"elementor-widget-container\">\n<h2 class=\"elementor-heading-title elementor-size-default\">Kannattaa tiet\u00e4\u00e4 | Vinkkej\u00e4 ja niksej\u00e4<\/h2>\n<\/div>\n<\/div>\n<div class=\"elementor-element elementor-element-57bf1db elementor-widget elementor-widget-text-editor\" data-id=\"57bf1db\" data-element_type=\"widget\" data-widget_type=\"text-editor.default\">\n<div class=\"elementor-widget-container\">\n<p><b>Pikaopas<\/b><\/p>\n<p>Lis\u00e4\u00e4 kiihdytint\u00e4 30 tilavuus-% \u00f6ljyvahaan. (Eli lis\u00e4\u00e4 300 ml kiihdytint\u00e4 litraan, joko v\u00e4rit\u00f6nt\u00e4 Golden Oil Oneoat \u00f6ljyvahaa, tai valkoista Onecoat Alba White \u00f6ljyvahaa) ja sekoita tehokkaasti 1-2 minuuttia. Kahta komponenttia on sekoitettava voimakkaasti 1-2 minuutin ajan ja k\u00e4sitelt\u00e4v\u00e4 4-6 tunnin kuluessa. Kiihdytin reagoi kosteuden kanssa. S\u00e4ilyt\u00e4 kuivassa tilassa. Aktivaattorilla on rajoitettu s\u00e4ilyvyysaika, suljettu noin. S\u00e4ilyvyysaika 9 kuukautta<\/p>\n<p><a href=\"https:\/\/indd.adobe.com\/view\/21746897-3cae-49e8-af37-538883775f35\" target=\"_blank\" rel=\"nofollow noopener\">Lis\u00e4tietoja ja vertailukuvia on esitteess\u00e4mme.<\/a><\/p>\n<\/div>\n<\/div>\n","protected":false},"excerpt":{"rendered":"<p>Diotrol Golden Oil Activator kiihdytt\u00e4\u00e4 \u00f6ljyvahan Golden Oil Onecoat ja Diotrol Golden Oil Alba White kuivumista.<\/p>\n","protected":false},"featured_media":9341,"template":"","meta":{"site-sidebar-layout":"default","site-content-layout":"default","ast-site-content-layout":"default","site-content-style":"default","site-sidebar-style":"default","ast-global-header-display":"","ast-banner-title-visibility":"","ast-main-header-display":"","ast-hfb-above-header-display":"","ast-hfb-below-header-display":"","ast-hfb-mobile-header-display":"","site-post-title":"","ast-breadcrumbs-content":"","ast-featured-img":"","footer-sml-layout":"","theme-transparent-header-meta":"default","adv-header-id-meta":"","stick-header-meta":"default","header-above-stick-meta":"","header-main-stick-meta":"","header-below-stick-meta":"","astra-migrate-meta-layouts":"default","ast-page-background-enabled":"default","ast-page-background-meta":{"desktop":{"background-color":"","background-image":"","background-repeat":"repeat","background-position":"center center","background-size":"auto","background-attachment":"scroll","background-type":"","background-media":"","overlay-type":"","overlay-color":"","overlay-opacity":"","overlay-gradient":""},"tablet":{"background-color":"","background-image":"","background-repeat":"repeat","background-position":"center center","background-size":"auto","background-attachment":"scroll","background-type":"","background-media":"","overlay-type":"","overlay-color":"","overlay-opacity":"","overlay-gradient":""},"mobile":{"background-color":"","background-image":"","background-repeat":"repeat","background-position":"center center","background-size":"auto","background-attachment":"scroll","background-type":"","background-media":"","overlay-type":"","overlay-color":"","overlay-opacity":"","overlay-gradient":""}},"ast-content-background-meta":{"desktop":{"background-color":"var(--ast-global-color-5)","background-image":"","background-repeat":"repeat","background-position":"center center","background-size":"auto","background-attachment":"scroll","background-type":"","background-media":"","overlay-type":"","overlay-color":"","overlay-opacity":"","overlay-gradient":""},"tablet":{"background-color":"var(--ast-global-color-5)","background-image":"","background-repeat":"repeat","background-position":"center center","background-size":"auto","background-attachment":"scroll","background-type":"","background-media":"","overlay-type":"","overlay-color":"","overlay-opacity":"","overlay-gradient":""},"mobile":{"background-color":"var(--ast-global-color-5)","background-image":"","background-repeat":"repeat","background-position":"center center","background-size":"auto","background-attachment":"scroll","background-type":"","background-media":"","overlay-type":"","overlay-color":"","overlay-opacity":"","overlay-gradient":""}}},"product_brand":[],"product_cat":[436,426,564,446,563,585,574,575,580,420],"product_tag":[],"class_list":{"0":"post-9871","1":"product","2":"type-product","3":"status-publish","4":"has-post-thumbnail","6":"product_cat-extra","7":"product_cat-kultainen-oeljy","8":"product_cat-pinnoite-fi-4","9":"product_cat-pinnoite-fi","10":"product_cat-pinnoite-fi-3","11":"product_cat-sisaetiloissa","12":"product_cat-tarvikkeet","13":"product_cat-tarvikkeet-fi","14":"product_cat-tarvikkeet-fi-6","15":"product_cat-ulkoalue","16":"pa_basis-oeljy","17":"desktop-align-center","18":"tablet-align-center","19":"mobile-align-center","20":"ast-product-gallery-layout-horizontal-slider","21":"ast-magnify-disabled","22":"ast-product-single-variable","23":"ast-product-tabs-layout-horizontal","25":"first","26":"instock","27":"taxable","28":"shipping-taxable","29":"purchasable","30":"product-type-variable"},"_links":{"self":[{"href":"https:\/\/www.diotrol.com\/fi\/wp-json\/wp\/v2\/product\/9871","targetHints":{"allow":["GET"]}}],"collection":[{"href":"https:\/\/www.diotrol.com\/fi\/wp-json\/wp\/v2\/product"}],"about":[{"href":"https:\/\/www.diotrol.com\/fi\/wp-json\/wp\/v2\/types\/product"}],"wp:featuredmedia":[{"embeddable":true,"href":"https:\/\/www.diotrol.com\/fi\/wp-json\/wp\/v2\/media\/9341"}],"wp:attachment":[{"href":"https:\/\/www.diotrol.com\/fi\/wp-json\/wp\/v2\/media?parent=9871"}],"wp:term":[{"taxonomy":"product_brand","embeddable":true,"href":"https:\/\/www.diotrol.com\/fi\/wp-json\/wp\/v2\/product_brand?post=9871"},{"taxonomy":"product_cat","embeddable":true,"href":"https:\/\/www.diotrol.com\/fi\/wp-json\/wp\/v2\/product_cat?post=9871"},{"taxonomy":"product_tag","embeddable":true,"href":"https:\/\/www.diotrol.com\/fi\/wp-json\/wp\/v2\/product_tag?post=9871"}],"curies":[{"name":"wp","href":"https:\/\/api.w.org\/{rel}","templated":true}]}}