{"id":29988,"date":"2024-02-19T14:43:12","date_gmt":"2024-02-19T12:43:12","guid":{"rendered":"https:\/\/www.diotrol.com\/produkt\/diotrol-holzleim-d3-diotrol-colle-a-bois-d3\/"},"modified":"2024-06-13T09:36:10","modified_gmt":"2024-06-13T08:36:10","slug":"diotrol-holzleim-d3-diotrol-colle-a-bois-d3","status":"publish","type":"product","link":"https:\/\/www.diotrol.com\/fr\/produkt\/diotrol-holzleim-d3-diotrol-colle-a-bois-d3\/","title":{"rendered":"Diotrol Holzleim D3 \u2013 Diotrol Colle \u00e0 bois D3"},"content":{"rendered":"<h2 class=\"elementor-heading-title elementor-size-default\">Diotrol Colle \u00e0 bois D3<\/h2>\n<p>Diotrol Colle \u00e0 bois D3 est une colle \u00e0 froid mono-composante pr\u00eate \u00e0 l&#8217;emploi et universelle. Gr\u00e2ce \u00e0 son excellente r\u00e9sistance et \u00e0 sa force de liaison \u00e9lev\u00e9e, elle convient \u00e0 toutes les applications \u00e0 l&rsquo;int\u00e9rieur et \u00e0 l&rsquo;ext\u00e9rieur. Elle est particuli\u00e8rement adapt\u00e9e aux fen\u00eatres, portes d&rsquo;entr\u00e9e, meubles et \u00e9l\u00e9ments de construction, ainsi qu&rsquo;aux pi\u00e8ces humides (p. ex. cuisine, salle de bains) et aux parquets. Pour l&rsquo;utilisation avec des colleuses, nous recommandons notre r\u00e9glage sp\u00e9cial <a href=\"\/produkt\/holzleim-d3-m10\/\">\u00ab\u00a0M10\u00a0\u00bb<\/a>. Diotrol Colle \u00e0 bois D3 est g\u00e9n\u00e9ralement sans d\u00e9coloration et ne contient ni formald\u00e9hyde ni solvants.<\/p>\n<p>Diotrol Colle \u00e0 bois D3 a \u00e9t\u00e9 test\u00e9e par l\u2019Institute ift Rosenheim et r\u00e9pond \u00e0 la classe de sollicitation D3 (DIN EN 204\/205), \u00e0 la norme DIN EN 14257 (WATT `91) &gt;&gt;8,0 N\/mm\u00b2 \u00e0 80\u00b0C, ainsi qu\u2019\u00e0 la directive sur le collage des assemblages d\u2019angle de fen\u00eatres en bois. Diotrol Colle \u00e0 bois D3 atteint en outre d&rsquo;excellentes valeurs en ce qui concerne l&rsquo;\u00e9tanch\u00e9it\u00e9 des joints et la r\u00e9sistance du collage, m\u00eame apr\u00e8s une exposition aux intemp\u00e9ries, et r\u00e9pond donc \u00e9galement aux exigences sp\u00e9cifiques des profil\u00e9s lamell\u00e9s pour les fen\u00eatres en bois. Le produit ne n\u00e9cessite pas l&rsquo;ajout d&rsquo;un durcisseur et s\u00e9duit par sa rapidit\u00e9 de prise.<\/p>\n<div class=\"elementor-element elementor-element-985e603 elementor-widget elementor-widget-heading\" data-id=\"985e603\" data-element_type=\"widget\" data-widget_type=\"heading.default\">\n<div class=\"elementor-widget-container\">\n<h2 class=\"elementor-heading-title elementor-size-default\">Donn\u00e9es techniques<\/h2>\n<\/div>\n<\/div>\n<p><strong>Domaine d\u2018application:<\/strong> Int\u00e9rieur et ext\u00e9rieur. Toutes les essences de bois (dur, tendre et exotique), les panneaux de particules et stratifi\u00e9s, ainsi que les bois de placage et de chants (sauf PVC). Par exemple, pose de parquet et de stratifi\u00e9 (collage rainure\/languette), fen\u00eatres, portes, escaliers, parquets et meubles (\u00e9galement en milieu humide). Contrecollage de surfaces de mat\u00e9riaux en bois avec des films (de finition), collage de surfaces de HPL, CPL.<\/p>\n<p><strong>Couleur:<\/strong> Blanc, transparent apr\u00e8s s\u00e9chage<\/p>\n<p><strong>Conditionnement:<\/strong> 500ml, 750ml, 6kg, 12kg, 29kg emballages en plastique. (Emballages plus petits disponibles sur demande)<\/p>\n<p><strong>Stockage:<\/strong> Se conserve au moins 12 mois dans son emballage d&rsquo;origine bien ferm\u00e9 (plastique). Stocker au frais (15-25\u00b0C) et au sec. R\u00e9sistant au gel jusqu&rsquo;\u00e0 -20\u00b0C, <strong>prot\u00e9ger contre le gel permanent.<\/strong> Ne pas mettre en contact avec du fer.<\/p>\n<p><strong>Qualit\u00e9 du support<\/strong> Le bois doit \u00eatre propre, exempt de graisse, de r\u00e9sine et de cire. La temp\u00e9rature id\u00e9ale de mise en oeuvre se situe entre 15 et 20\u00b0C. Id\u00e9alement, l&rsquo;humidit\u00e9 du bois ne doit pas d\u00e9passer 8 \u00e0 12%. En ext\u00e9rieur : 13%+\/-2% (avec une humidit\u00e9 relative de 60 &#8211; 70%).<\/p>\n<p><strong>Application:<\/strong> Le temps d&rsquo;ouverture est d&rsquo;environ 5 \u00e0 8 minutes, selon la temp\u00e9rature ambiante.  Avec le r\u00e9glage de la machine (M10), le temps d&rsquo;ouverture est prolong\u00e9 \u00e0 15 minutes.<br \/>\nLa temp\u00e9rature id\u00e9ale de mise en oeuvre se situe entre 15 et 20\u00b0C. Si la colle est en surfusion ou a subi le gel, laissez-la d\u00e9geler lentement dans une pi\u00e8ce \u00e0 temp\u00e9rature normale et remuez-la bien avant de l&rsquo;utiliser.<br \/>\nLa Colle \u00e0 bois Diotrol D3 peut \u00eatre utilis\u00e9e \u00e0 froid, \u00e0 chaud ou \u00e0 haute fr\u00e9quence. Convient pour l&rsquo;application manuelle ou m\u00e9canique.<\/p>\n<p><strong>Outils:<\/strong> Application au pinceau, \u00e0 la spatule, au rouleau ou \u00e0 la machine d&rsquo;application de colle.<br \/>\nNous recommandons l&rsquo;utilisation d&rsquo;acier V4A ou de plastique indiff\u00e9rent (p.ex. PP, polyamide ou t\u00e9flon) pour les pi\u00e8ces en contact avec la colle.  \u00c9viter tout contact avec des m\u00e9taux (fer, laiton, zinc, cuivre, aluminium, etc.).<br \/>\nApr\u00e8s utilisation, nettoyer les machines et les appareils \u00e0 l&rsquo;eau froide ou chaude en utilisant un produit de nettoyage concentr\u00e9 disponible dans le commerce.<\/p>\n<p><strong>Consommation:<\/strong> 120 \u2013 150 g\/m\u00b2 par application. Peut varier en fonction de la nature et du pouvoir absorbant du support et de la m\u00e9thode d&rsquo;application.<\/p>\n","protected":false},"excerpt":{"rendered":"<p>Diotrol Colle \u00e0 bois D3 Diotrol Colle \u00e0 bois D3 est une colle \u00e0 froid mono-composante pr\u00eate \u00e0 l&#8217;emploi et universelle. Gr\u00e2ce \u00e0 son excellente r\u00e9sistance et \u00e0 sa force de liaison \u00e9lev\u00e9e, elle convient \u00e0 toutes les applications \u00e0 l&rsquo;int\u00e9rieur et \u00e0 l&rsquo;ext\u00e9rieur. Elle est particuli\u00e8rement adapt\u00e9e aux fen\u00eatres, portes d&rsquo;entr\u00e9e, meubles et \u00e9l\u00e9ments [&hellip;]<\/p>\n","protected":false},"featured_media":30195,"template":"","meta":{"site-sidebar-layout":"default","site-content-layout":"","ast-site-content-layout":"default","site-content-style":"default","site-sidebar-style":"default","ast-global-header-display":"","ast-banner-title-visibility":"","ast-main-header-display":"","ast-hfb-above-header-display":"","ast-hfb-below-header-display":"","ast-hfb-mobile-header-display":"","site-post-title":"","ast-breadcrumbs-content":"","ast-featured-img":"","footer-sml-layout":"","theme-transparent-header-meta":"default","adv-header-id-meta":"","stick-header-meta":"default","header-above-stick-meta":"","header-main-stick-meta":"","header-below-stick-meta":"","astra-migrate-meta-layouts":"default","ast-page-background-enabled":"default","ast-page-background-meta":{"desktop":{"background-color":"","background-image":"","background-repeat":"repeat","background-position":"center center","background-size":"auto","background-attachment":"scroll","background-type":"","background-media":"","overlay-type":"","overlay-color":"","overlay-opacity":"","overlay-gradient":""},"tablet":{"background-color":"","background-image":"","background-repeat":"repeat","background-position":"center center","background-size":"auto","background-attachment":"scroll","background-type":"","background-media":"","overlay-type":"","overlay-color":"","overlay-opacity":"","overlay-gradient":""},"mobile":{"background-color":"","background-image":"","background-repeat":"repeat","background-position":"center center","background-size":"auto","background-attachment":"scroll","background-type":"","background-media":"","overlay-type":"","overlay-color":"","overlay-opacity":"","overlay-gradient":""}},"ast-content-background-meta":{"desktop":{"background-color":"var(--ast-global-color-5)","background-image":"","background-repeat":"repeat","background-position":"center center","background-size":"auto","background-attachment":"scroll","background-type":"","background-media":"","overlay-type":"","overlay-color":"","overlay-opacity":"","overlay-gradient":""},"tablet":{"background-color":"var(--ast-global-color-5)","background-image":"","background-repeat":"repeat","background-position":"center center","background-size":"auto","background-attachment":"scroll","background-type":"","background-media":"","overlay-type":"","overlay-color":"","overlay-opacity":"","overlay-gradient":""},"mobile":{"background-color":"var(--ast-global-color-5)","background-image":"","background-repeat":"repeat","background-position":"center center","background-size":"auto","background-attachment":"scroll","background-type":"","background-media":"","overlay-type":"","overlay-color":"","overlay-opacity":"","overlay-gradient":""}}},"product_brand":[],"product_cat":[491,492,493,485,494,489,495,1305,378,498,544,619,547,555,556],"product_tag":[],"class_list":{"0":"post-29988","1":"product","2":"type-product","3":"status-publish","4":"has-post-thumbnail","6":"product_cat-accessoires-fr-2","7":"product_cat-accessoires-fr-3","8":"product_cat-accessoires-fr-4","9":"product_cat-accessoires","10":"product_cat-accessoires-fr-5","11":"product_cat-accessoires-fr","12":"product_cat-accessoires-fr-6","13":"product_cat-colle-a-bois","14":"product_cat-exterieur","15":"product_cat-interieur-fr","16":"product_cat-fenetres-et-portes","17":"product_cat-maison-en-bois-massif","18":"product_cat-parquet-meubles","19":"product_cat-renovation-fr","20":"product_cat-terrasse-fr","21":"pa_basis-eau","22":"pa_produktart-colle-a-bois","23":"desktop-align-center","24":"tablet-align-center","25":"mobile-align-center","26":"ast-product-gallery-layout-horizontal-slider","27":"ast-product-gallery-with-no-image","28":"ast-magnify-disabled","29":"ast-product-single-variable","30":"ast-product-tabs-layout-horizontal","32":"first","33":"instock","34":"taxable","35":"shipping-taxable","36":"purchasable","37":"product-type-variable"},"_links":{"self":[{"href":"https:\/\/www.diotrol.com\/fr\/wp-json\/wp\/v2\/product\/29988","targetHints":{"allow":["GET"]}}],"collection":[{"href":"https:\/\/www.diotrol.com\/fr\/wp-json\/wp\/v2\/product"}],"about":[{"href":"https:\/\/www.diotrol.com\/fr\/wp-json\/wp\/v2\/types\/product"}],"wp:featuredmedia":[{"embeddable":true,"href":"https:\/\/www.diotrol.com\/fr\/wp-json\/wp\/v2\/media\/30195"}],"wp:attachment":[{"href":"https:\/\/www.diotrol.com\/fr\/wp-json\/wp\/v2\/media?parent=29988"}],"wp:term":[{"taxonomy":"product_brand","embeddable":true,"href":"https:\/\/www.diotrol.com\/fr\/wp-json\/wp\/v2\/product_brand?post=29988"},{"taxonomy":"product_cat","embeddable":true,"href":"https:\/\/www.diotrol.com\/fr\/wp-json\/wp\/v2\/product_cat?post=29988"},{"taxonomy":"product_tag","embeddable":true,"href":"https:\/\/www.diotrol.com\/fr\/wp-json\/wp\/v2\/product_tag?post=29988"}],"curies":[{"name":"wp","href":"https:\/\/api.w.org\/{rel}","templated":true}]}}