{"id":43046,"date":"2025-09-30T10:59:05","date_gmt":"2025-09-30T08:59:05","guid":{"rendered":"https:\/\/www.diotrol.com\/produkt\/diotrol-dio-shield-wood-etc\/"},"modified":"2025-09-30T10:59:05","modified_gmt":"2025-09-30T08:59:05","slug":"diotrol-dio-shield-wood-etc","status":"publish","type":"product","link":"https:\/\/www.diotrol.com\/fr\/produkt\/diotrol-dio-shield-wood-etc\/","title":{"rendered":"Diotrol Dio-Shield Wood ETC"},"content":{"rendered":"<p class=\"p1\">Rev\u00eatement transparent 2K \u00ab easy-to-clean \u00bb pour l&rsquo;int\u00e9rieur \u2013 Diotrol Dio-Shield Wood ETC. Avec Dio-Shield Wood ETC, vous prot\u00e9gez durablement et efficacement vos surfaces en bois haut de gamme \u00e0 l&rsquo;int\u00e9rieur, tout en conservant leur \u00e9l\u00e9gance et leur durabilit\u00e9. Ce vernis innovant et transparent \u00e0 deux composants prot\u00e8ge le bois contre les salissures, les graffitis ou autres agressions quotidiennes et lui conf\u00e8re un aspect soign\u00e9, jour apr\u00e8s jour. Gr\u00e2ce \u00e0 sa surface robuste et facile \u00e0 nettoyer, tout reste propre et soign\u00e9 durablement. Vos pi\u00e8ces conservent ainsi non seulement leur beaut\u00e9, mais aussi leur valeur.    <\/p>\n<h6>Donn\u00e9es techniques<\/h6>\n<p><strong>Domaine d&rsquo;application <\/strong>Int\u00e9rieur: Bois \u00e0 dimension stable (et \u00e0 dimension partiellement stable) \u00e0 l&rsquo;int\u00e9rieur, expos\u00e9es \u00e0 un risque accru de salissure (en particulier les \u00e9coles, les b\u00e2timents publics, les b\u00e2timents r\u00e9sidentiels et commerciaux).<br \/>Utiliser uniquement comme couche de finition sur Diotrol Dio-Shield Wood UV. <br \/>Ext\u00e9rieur: Ne convient pas pour l&rsquo;ext\u00e9rieur<br \/>\n<strong>Conditionnement<\/strong> Emballages, durcisseur compris: 900ml | 5L<br \/>\n<strong>Teintes<\/strong> Incolore<br \/>\n<strong>Consommation <\/strong>1. Rev\u00eatment: 110 \u2013 130ml\/m<span class=\"s1\">2 | <\/span>2. Rev\u00eatement: 60 \u2013 70ml\/m<span class=\"s1\">2. <\/span>D<br \/>La consommation peut varier en fonction de la vari\u00e9t\u00e9 du bois, du type de traitement et de l\u2018absorption du <br \/>support.<br \/>\n<strong>Application<\/strong> Pinceau, rouleau, pistolet<\/p>\n<h6>Bon \u00e0 savoir | Conseils et astuces<\/h6>\n<p class=\"p1\"><strong>Utiliser uniquement comme couche de finition sur Diotrol Dio-Shield Wood UV.<\/strong><\/p>\n","protected":false},"excerpt":{"rendered":"<p>Rev\u00eatement transparent 2K \u00ab easy-to-clean \u00bb pour l&rsquo;int\u00e9rieur \u2013 Diotrol Dio-Shield Wood ETC. Avec Dio-Shield Wood ETC, vous prot\u00e9gez durablement et efficacement vos surfaces en bois haut de gamme \u00e0 l&rsquo;int\u00e9rieur, tout en conservant leur \u00e9l\u00e9gance et leur durabilit\u00e9. Ce vernis innovant et transparent \u00e0 deux composants prot\u00e8ge le bois contre les salissures, les graffitis [&hellip;]<\/p>\n","protected":false},"featured_media":42655,"template":"","meta":{"site-sidebar-layout":"default","site-content-layout":"","ast-site-content-layout":"default","site-content-style":"default","site-sidebar-style":"default","ast-global-header-display":"","ast-banner-title-visibility":"","ast-main-header-display":"","ast-hfb-above-header-display":"","ast-hfb-below-header-display":"","ast-hfb-mobile-header-display":"","site-post-title":"","ast-breadcrumbs-content":"","ast-featured-img":"","footer-sml-layout":"","theme-transparent-header-meta":"default","adv-header-id-meta":"","stick-header-meta":"default","header-above-stick-meta":"","header-main-stick-meta":"","header-below-stick-meta":"","astra-migrate-meta-layouts":"default","ast-page-background-enabled":"default","ast-page-background-meta":{"desktop":{"background-color":"","background-image":"","background-repeat":"repeat","background-position":"center center","background-size":"auto","background-attachment":"scroll","background-type":"","background-media":"","overlay-type":"","overlay-color":"","overlay-opacity":"","overlay-gradient":""},"tablet":{"background-color":"","background-image":"","background-repeat":"repeat","background-position":"center center","background-size":"auto","background-attachment":"scroll","background-type":"","background-media":"","overlay-type":"","overlay-color":"","overlay-opacity":"","overlay-gradient":""},"mobile":{"background-color":"","background-image":"","background-repeat":"repeat","background-position":"center center","background-size":"auto","background-attachment":"scroll","background-type":"","background-media":"","overlay-type":"","overlay-color":"","overlay-opacity":"","overlay-gradient":""}},"ast-content-background-meta":{"desktop":{"background-color":"var(--ast-global-color-5)","background-image":"","background-repeat":"repeat","background-position":"center center","background-size":"auto","background-attachment":"scroll","background-type":"","background-media":"","overlay-type":"","overlay-color":"","overlay-opacity":"","overlay-gradient":""},"tablet":{"background-color":"var(--ast-global-color-5)","background-image":"","background-repeat":"repeat","background-position":"center center","background-size":"auto","background-attachment":"scroll","background-type":"","background-media":"","overlay-type":"","overlay-color":"","overlay-opacity":"","overlay-gradient":""},"mobile":{"background-color":"var(--ast-global-color-5)","background-image":"","background-repeat":"repeat","background-position":"center center","background-size":"auto","background-attachment":"scroll","background-type":"","background-media":"","overlay-type":"","overlay-color":"","overlay-opacity":"","overlay-gradient":""}}},"product_brand":[],"product_cat":[2031,498,490,2032],"product_tag":[2005,2033],"class_list":{"0":"post-43046","1":"product","2":"type-product","3":"status-publish","4":"has-post-thumbnail","6":"product_cat-anti-graffiti","7":"product_cat-interieur-fr","8":"product_cat-revetement-fr-3","9":"product_cat-systeme-dio-shield","10":"product_tag-diotrol-fr","11":"product_tag-primaire-de-protection-contre-la-lumiere","12":"pa_basis-eau","13":"desktop-align-center","14":"tablet-align-center","15":"mobile-align-center","16":"ast-product-gallery-layout-horizontal-slider","17":"ast-magnify-disabled","18":"ast-product-single-variable","19":"ast-product-tabs-layout-horizontal","21":"first","22":"instock","23":"taxable","24":"shipping-taxable","25":"product-type-variable"},"_links":{"self":[{"href":"https:\/\/www.diotrol.com\/fr\/wp-json\/wp\/v2\/product\/43046","targetHints":{"allow":["GET"]}}],"collection":[{"href":"https:\/\/www.diotrol.com\/fr\/wp-json\/wp\/v2\/product"}],"about":[{"href":"https:\/\/www.diotrol.com\/fr\/wp-json\/wp\/v2\/types\/product"}],"wp:featuredmedia":[{"embeddable":true,"href":"https:\/\/www.diotrol.com\/fr\/wp-json\/wp\/v2\/media\/42655"}],"wp:attachment":[{"href":"https:\/\/www.diotrol.com\/fr\/wp-json\/wp\/v2\/media?parent=43046"}],"wp:term":[{"taxonomy":"product_brand","embeddable":true,"href":"https:\/\/www.diotrol.com\/fr\/wp-json\/wp\/v2\/product_brand?post=43046"},{"taxonomy":"product_cat","embeddable":true,"href":"https:\/\/www.diotrol.com\/fr\/wp-json\/wp\/v2\/product_cat?post=43046"},{"taxonomy":"product_tag","embeddable":true,"href":"https:\/\/www.diotrol.com\/fr\/wp-json\/wp\/v2\/product_tag?post=43046"}],"curies":[{"name":"wp","href":"https:\/\/api.w.org\/{rel}","templated":true}]}}