{"id":43050,"date":"2025-09-30T10:12:01","date_gmt":"2025-09-30T08:12:01","guid":{"rendered":"https:\/\/www.diotrol.com\/produkt\/diotrol-dio-shield-wood-uv\/"},"modified":"2025-09-30T10:12:01","modified_gmt":"2025-09-30T08:12:01","slug":"diotrol-dio-shield-wood-uv","status":"publish","type":"product","link":"https:\/\/www.diotrol.com\/fr\/produkt\/diotrol-dio-shield-wood-uv\/","title":{"rendered":"Diotrol Dio-Shield Wood UV"},"content":{"rendered":"<p>Diotrol Dio-Shield Wood UV est un primaire de protection UV premium moderne, \u00e0 base aqueuse, destin\u00e9 aux bois r\u00e9sineux \u2013 d\u00e9velopp\u00e9 pour r\u00e9pondre aux exigences les plus \u00e9lev\u00e9es, tant dans la production industrielle que dans l\u2019application artisanale. Il prot\u00e8ge efficacement le bois fra\u00eechement travaill\u00e9 contre le jaunissement et pr\u00e9serve durablement sa couleur naturelle.<br \/>Dot\u00e9 d\u2019une technologie avanc\u00e9e d\u2019absorbeurs UV, Diotrol Dio-Shield Wood UV emp\u00eache le foncement ind\u00e9sirable du bois sans alt\u00e9rer sa structure ni son aspect. Le veinage reste visible \u2013 le bois conserve son caract\u00e8re vivant et son esth\u00e9tique naturelle.<br \/>Sa formulation innovante se distingue par un s\u00e9chage rapide, une mise en \u0153uvre simple et pratiquement inodore, ainsi qu\u2019une surface r\u00e9sistante au blocage, \u00e9vitant l\u2019adh\u00e9rence des \u00e9l\u00e9ments empil\u00e9s.<br \/>Exempt de produits chimiques de protection du bois, Diotrol Dio-Shield Wood UV \u00e9tablit de nouvelles r\u00e9f\u00e9rences en mati\u00e8re de durabilit\u00e9 et de s\u00e9curit\u00e9 \u2013 id\u00e9al pour l\u2019am\u00e9nagement int\u00e9rieur en bois r\u00e9sineux.     <\/p>\n<h6>Donn\u00e9es techniques<\/h6>\n<p><strong>Domaine d\u2019application :<\/strong> int\u00e9rieur \u2013 lambris et profil\u00e9s, panneaux, fen\u00eatres int\u00e9rieures, am\u00e9nagement int\u00e9rieur g\u00e9n\u00e9ral sur bois r\u00e9sineux.<br \/>\n<strong>Conditionnement<\/strong> 1L | 5L | 20L<br \/>\n<strong>Teintes<\/strong> incolores<br \/>\n<strong>Consommation : <\/strong>80\u2013100 g\/m\u00b2 par couche sur bois d\u2019\u00e9pic\u00e9a neuf rabot\u00e9 et ponc\u00e9.<br \/>\n<strong>Application<\/strong> Pinceau, rouleau, pistolet<\/p>\n<h6>Bon \u00e0 savoir | Conseils et astuces<\/h6>\n<p>Pour une protection durable et \u00e0 long terme contre les salissures, nous recommandons l\u2019application d\u2019une couche de protection avec Diotrol Dio-Shield Wood ETC \u2013 le bouclier de protection invisible pour les surfaces en bois fortement sollicit\u00e9es.<\/p>\n","protected":false},"excerpt":{"rendered":"<p>Diotrol Dio-Shield Wood UV est un primaire de protection UV premium moderne, \u00e0 base aqueuse, destin\u00e9 aux bois r\u00e9sineux \u2013 d\u00e9velopp\u00e9 pour r\u00e9pondre aux exigences les plus \u00e9lev\u00e9es, tant dans la production industrielle que dans l\u2019application artisanale. Il prot\u00e8ge efficacement le bois fra\u00eechement travaill\u00e9 contre le jaunissement et pr\u00e9serve durablement sa couleur naturelle.Dot\u00e9 d\u2019une technologie [&hellip;]<\/p>\n","protected":false},"featured_media":42661,"template":"","meta":{"site-sidebar-layout":"default","site-content-layout":"","ast-site-content-layout":"default","site-content-style":"default","site-sidebar-style":"default","ast-global-header-display":"","ast-banner-title-visibility":"","ast-main-header-display":"","ast-hfb-above-header-display":"","ast-hfb-below-header-display":"","ast-hfb-mobile-header-display":"","site-post-title":"","ast-breadcrumbs-content":"","ast-featured-img":"","footer-sml-layout":"","theme-transparent-header-meta":"default","adv-header-id-meta":"","stick-header-meta":"default","header-above-stick-meta":"","header-main-stick-meta":"","header-below-stick-meta":"","astra-migrate-meta-layouts":"default","ast-page-background-enabled":"default","ast-page-background-meta":{"desktop":{"background-color":"","background-image":"","background-repeat":"repeat","background-position":"center center","background-size":"auto","background-attachment":"scroll","background-type":"","background-media":"","overlay-type":"","overlay-color":"","overlay-opacity":"","overlay-gradient":""},"tablet":{"background-color":"","background-image":"","background-repeat":"repeat","background-position":"center center","background-size":"auto","background-attachment":"scroll","background-type":"","background-media":"","overlay-type":"","overlay-color":"","overlay-opacity":"","overlay-gradient":""},"mobile":{"background-color":"","background-image":"","background-repeat":"repeat","background-position":"center center","background-size":"auto","background-attachment":"scroll","background-type":"","background-media":"","overlay-type":"","overlay-color":"","overlay-opacity":"","overlay-gradient":""}},"ast-content-background-meta":{"desktop":{"background-color":"var(--ast-global-color-5)","background-image":"","background-repeat":"repeat","background-position":"center center","background-size":"auto","background-attachment":"scroll","background-type":"","background-media":"","overlay-type":"","overlay-color":"","overlay-opacity":"","overlay-gradient":""},"tablet":{"background-color":"var(--ast-global-color-5)","background-image":"","background-repeat":"repeat","background-position":"center center","background-size":"auto","background-attachment":"scroll","background-type":"","background-media":"","overlay-type":"","overlay-color":"","overlay-opacity":"","overlay-gradient":""},"mobile":{"background-color":"var(--ast-global-color-5)","background-image":"","background-repeat":"repeat","background-position":"center center","background-size":"auto","background-attachment":"scroll","background-type":"","background-media":"","overlay-type":"","overlay-color":"","overlay-opacity":"","overlay-gradient":""}}},"product_brand":[],"product_cat":[2031,498,490,2032],"product_tag":[2005,2033],"class_list":{"0":"post-43050","1":"product","2":"type-product","3":"status-publish","4":"has-post-thumbnail","6":"product_cat-anti-graffiti","7":"product_cat-interieur-fr","8":"product_cat-revetement-fr-3","9":"product_cat-systeme-dio-shield","10":"product_tag-diotrol-fr","11":"product_tag-primaire-de-protection-contre-la-lumiere","12":"pa_basis-eau","13":"desktop-align-center","14":"tablet-align-center","15":"mobile-align-center","16":"ast-product-gallery-layout-horizontal-slider","17":"ast-product-gallery-with-no-image","18":"ast-magnify-disabled","19":"ast-product-single-variable","20":"ast-product-tabs-layout-horizontal","22":"first","23":"instock","24":"taxable","25":"shipping-taxable","26":"product-type-variable"},"_links":{"self":[{"href":"https:\/\/www.diotrol.com\/fr\/wp-json\/wp\/v2\/product\/43050","targetHints":{"allow":["GET"]}}],"collection":[{"href":"https:\/\/www.diotrol.com\/fr\/wp-json\/wp\/v2\/product"}],"about":[{"href":"https:\/\/www.diotrol.com\/fr\/wp-json\/wp\/v2\/types\/product"}],"wp:featuredmedia":[{"embeddable":true,"href":"https:\/\/www.diotrol.com\/fr\/wp-json\/wp\/v2\/media\/42661"}],"wp:attachment":[{"href":"https:\/\/www.diotrol.com\/fr\/wp-json\/wp\/v2\/media?parent=43050"}],"wp:term":[{"taxonomy":"product_brand","embeddable":true,"href":"https:\/\/www.diotrol.com\/fr\/wp-json\/wp\/v2\/product_brand?post=43050"},{"taxonomy":"product_cat","embeddable":true,"href":"https:\/\/www.diotrol.com\/fr\/wp-json\/wp\/v2\/product_cat?post=43050"},{"taxonomy":"product_tag","embeddable":true,"href":"https:\/\/www.diotrol.com\/fr\/wp-json\/wp\/v2\/product_tag?post=43050"}],"curies":[{"name":"wp","href":"https:\/\/api.w.org\/{rel}","templated":true}]}}