{"id":43508,"date":"2023-09-29T14:59:22","date_gmt":"2023-09-29T12:59:22","guid":{"rendered":"https:\/\/www.diotrol.com\/produkt\/diotrol-edelwax-uv-mat\/"},"modified":"2023-09-29T14:59:22","modified_gmt":"2023-09-29T12:59:22","slug":"diotrol-edelwax-uv-mat","status":"publish","type":"product","link":"https:\/\/www.diotrol.com\/fr\/produkt\/diotrol-edelwax-uv-mat\/","title":{"rendered":"Diotrol Edelwax UV, mat"},"content":{"rendered":"<p class=\"p1\">Diotrol Edelwax UV mat incolore est une cire sp\u00e9ciale pour fa\u00e7ades \u00e0 base d&rsquo;un m\u00e9lange homog\u00e8ne d&rsquo;huiles naturelles issues de mati\u00e8res premi\u00e8res renouvelables et de cires dures d&rsquo;\u00e9thyl\u00e8ne. La teneur \u00e9lev\u00e9e en huiles et en cire permet \u00e0 l&rsquo;eau de pluie de perler et prot\u00e8ge ainsi longtemps la fa\u00e7ade contre l&rsquo;infiltration d&rsquo;humidit\u00e9 et les dommages au bois qui en r\u00e9sultent. Un absorbeur d&rsquo;UV int\u00e9gr\u00e9 emp\u00eache la d\u00e9gradation pr\u00e9matur\u00e9e de la substance du bois due \u00e0 une forte exposition aux UV. Diotrol Edelwax UV mat est particuli\u00e8rement adapt\u00e9 \u00e0 une utilisation en altitude et dans les zones humides.   <\/p>\n<p class=\"p1\">Diotrol Edelwax UV mat incolore ne peut \u00eatre utilis\u00e9 que comme couche de finition sur des lasures color\u00e9es (Diotrol Natur\u00f6l-Lasur ou Diotrol Edelwax UV) !<\/p>\n<div class=\"elementor-element elementor-element-7311170 elementor-widget elementor-widget-heading\" data-id=\"7311170\" data-element_type=\"widget\" data-widget_type=\"heading.default\">\n<div class=\"elementor-widget-container\">\n<h2 class=\"elementor-heading-title elementor-size-default\">Donn\u00e9es techniques<\/h2>\n<\/div>\n<\/div>\n<div class=\"elementor-element elementor-element-1b1208c elementor-widget elementor-widget-text-editor\" data-id=\"1b1208c\" data-element_type=\"widget\" data-widget_type=\"text-editor.default\">\n<div class=\"elementor-widget-container\">\n<p>Application Fa\u00e7ades, colombages, sous-toitures, volets, etc.<\/p>\n<p><b>Conditionnements <\/b>1L| 5L | 18L<br \/>\n<b>Teintes <\/b>Incolore, possibilit\u00e9 de coloration selon les collections DP &#8211; Diotrol Plus et AW &#8211; Antikwood<br \/>\n<b>Consommation <\/b>80 &#8211; 100g\/m\u00b2 par couche<br \/>\n<b>Application <\/b>Pinceau, rouleau, pistolet (v\u00eatements de protection recommand\u00e9s)<\/p>\n<\/div>\n<\/div>\n<div class=\"elementor-element elementor-element-2fb4788 elementor-widget elementor-widget-heading\" data-id=\"2fb4788\" data-element_type=\"widget\" data-widget_type=\"heading.default\">\n<div class=\"elementor-widget-container\">\n<h2 class=\"elementor-heading-title elementor-size-default\">Bon \u00e0 savoir | Conseils et astuces<\/h2>\n<\/div>\n<\/div>\n<div class=\"elementor-element elementor-element-fa4e1b9 elementor-widget elementor-widget-text-editor\" data-id=\"fa4e1b9\" data-element_type=\"widget\" data-widget_type=\"text-editor.default\">\n<div class=\"elementor-widget-container\">\n<p>Diotrol Edelwax UV, mat incolore est utilis\u00e9 comme couche de finition pour une meilleure protection des fa\u00e7ades.<\/p>\n<h2>Dangers possibles<\/h2>\n<p><strong>Classification de la substance ou du m\u00e9lange<\/strong><br \/>\nR\u00e8glement (CE) n\u00b0 1272\/2008<br \/>\nLe m\u00e9lange n&rsquo;est pas class\u00e9 comme dangereux au sens du r\u00e8glement (CE) n\u00b0 1272\/2008.<br \/>\n<strong>\u00c9l\u00e9ments d&rsquo;\u00e9tiquetage<\/strong><br \/>\nR\u00e8glement (CE) no. 1272\/2008<br \/>\nEUH208 Contient (3-(3-(2H-benzotriazol-2-yl)-5-1(1,1-dim\u00e9thyl\u00e9thyl)-4-hydroxyph\u00e9nyl)-1-oxopropyl)-hydroxypoly (oxo1,2-\u00e9thanediyl), (3-(3-(2H-benzotriazol-2-yl) -5-(1,1-dim\u00e9thyl\u00e9thyl)-4-hydroxyph\u00e9nyl) -1-oxopropoxy)-, bis (1,2,2,6,6-pentam\u00e9thyl-4-pip\u00e9ridinyl)s\u00e9bacate. Peut provoquer des r\u00e9actions allergiques.<br \/>\n<strong>\u00c9tiquetage particulier de certains m\u00e9langes<\/strong><br \/>\nAucune information n&rsquo;est disponible.<\/p>\n<\/div>\n<\/div>\n","protected":false},"excerpt":{"rendered":"<p class=\"p1\">Diotrol Edelwax UV mat incolore est une cire sp\u00e9ciale pour fa\u00e7ades \u00e0 base d&rsquo;un m\u00e9lange homog\u00e8ne d&rsquo;huiles naturelles issues de mati\u00e8res premi\u00e8res renouvelables et de cires dures d&rsquo;\u00e9thyl\u00e8ne. La teneur \u00e9lev\u00e9e en huiles et en cire permet \u00e0 l&rsquo;eau de pluie de perler et prot\u00e8ge ainsi longtemps la fa\u00e7ade contre l&rsquo;infiltration d&rsquo;humidit\u00e9 et les dommages au bois qui en r\u00e9sultent. Un absorbeur d&rsquo;UV int\u00e9gr\u00e9 emp\u00eache la d\u00e9gradation pr\u00e9matur\u00e9e de la substance du bois due \u00e0 une forte exposition aux UV. Diotrol Edelwax UV mat est particuli\u00e8rement adapt\u00e9 \u00e0 une utilisation en altitude et dans les zones humides.   <\/p>\n<p class=\"p1\">Diotrol Edelwax UV mat incolore ne peut \u00eatre utilis\u00e9 que comme couche de finition sur des lasures color\u00e9es (Diotrol Natur\u00f6l-Lasur ou Diotrol Edelwax UV) !<\/p>\n","protected":false},"featured_media":39243,"template":"","meta":{"site-sidebar-layout":"default","site-content-layout":"","ast-site-content-layout":"default","site-content-style":"default","site-sidebar-style":"default","ast-global-header-display":"","ast-banner-title-visibility":"","ast-main-header-display":"","ast-hfb-above-header-display":"","ast-hfb-below-header-display":"","ast-hfb-mobile-header-display":"","site-post-title":"","ast-breadcrumbs-content":"","ast-featured-img":"","footer-sml-layout":"","theme-transparent-header-meta":"default","adv-header-id-meta":"","stick-header-meta":"default","header-above-stick-meta":"","header-main-stick-meta":"","header-below-stick-meta":"","astra-migrate-meta-layouts":"default","ast-page-background-enabled":"default","ast-page-background-meta":{"desktop":{"background-color":"","background-image":"","background-repeat":"repeat","background-position":"center center","background-size":"auto","background-attachment":"scroll","background-type":"","background-media":"","overlay-type":"","overlay-color":"","overlay-opacity":"","overlay-gradient":""},"tablet":{"background-color":"","background-image":"","background-repeat":"repeat","background-position":"center center","background-size":"auto","background-attachment":"scroll","background-type":"","background-media":"","overlay-type":"","overlay-color":"","overlay-opacity":"","overlay-gradient":""},"mobile":{"background-color":"","background-image":"","background-repeat":"repeat","background-position":"center center","background-size":"auto","background-attachment":"scroll","background-type":"","background-media":"","overlay-type":"","overlay-color":"","overlay-opacity":"","overlay-gradient":""}},"ast-content-background-meta":{"desktop":{"background-color":"var(--ast-global-color-5)","background-image":"","background-repeat":"repeat","background-position":"center center","background-size":"auto","background-attachment":"scroll","background-type":"","background-media":"","overlay-type":"","overlay-color":"","overlay-opacity":"","overlay-gradient":""},"tablet":{"background-color":"var(--ast-global-color-5)","background-image":"","background-repeat":"repeat","background-position":"center center","background-size":"auto","background-attachment":"scroll","background-type":"","background-media":"","overlay-type":"","overlay-color":"","overlay-opacity":"","overlay-gradient":""},"mobile":{"background-color":"var(--ast-global-color-5)","background-image":"","background-repeat":"repeat","background-position":"center center","background-size":"auto","background-attachment":"scroll","background-type":"","background-media":"","overlay-type":"","overlay-color":"","overlay-opacity":"","overlay-gradient":""}}},"product_brand":[],"product_cat":[378,506,497,499,496,619,555],"product_tag":[2005,2057,2058,2059],"class_list":{"0":"post-43508","1":"product","2":"type-product","3":"status-publish","4":"has-post-thumbnail","6":"product_cat-exterieur","7":"product_cat-lasures-peintures-fr","8":"product_cat-revetement-fr-5","9":"product_cat-revetement-fr-6","10":"product_cat-exterieur-revetement-fr","11":"product_cat-maison-en-bois-massif","12":"product_cat-renovation-fr","13":"product_tag-diotrol-fr","14":"product_tag-edelwax","15":"product_tag-mat","16":"product_tag-topcoat","17":"desktop-align-center","18":"tablet-align-center","19":"mobile-align-center","20":"ast-product-gallery-layout-horizontal-slider","21":"ast-product-gallery-with-no-image","22":"ast-magnify-disabled","23":"ast-product-tabs-layout-horizontal","25":"first","26":"instock","27":"taxable","28":"shipping-taxable","29":"product-type-simple"},"_links":{"self":[{"href":"https:\/\/www.diotrol.com\/fr\/wp-json\/wp\/v2\/product\/43508","targetHints":{"allow":["GET"]}}],"collection":[{"href":"https:\/\/www.diotrol.com\/fr\/wp-json\/wp\/v2\/product"}],"about":[{"href":"https:\/\/www.diotrol.com\/fr\/wp-json\/wp\/v2\/types\/product"}],"wp:featuredmedia":[{"embeddable":true,"href":"https:\/\/www.diotrol.com\/fr\/wp-json\/wp\/v2\/media\/39243"}],"wp:attachment":[{"href":"https:\/\/www.diotrol.com\/fr\/wp-json\/wp\/v2\/media?parent=43508"}],"wp:term":[{"taxonomy":"product_brand","embeddable":true,"href":"https:\/\/www.diotrol.com\/fr\/wp-json\/wp\/v2\/product_brand?post=43508"},{"taxonomy":"product_cat","embeddable":true,"href":"https:\/\/www.diotrol.com\/fr\/wp-json\/wp\/v2\/product_cat?post=43508"},{"taxonomy":"product_tag","embeddable":true,"href":"https:\/\/www.diotrol.com\/fr\/wp-json\/wp\/v2\/product_tag?post=43508"}],"curies":[{"name":"wp","href":"https:\/\/api.w.org\/{rel}","templated":true}]}}