{"id":9881,"date":"2023-04-05T11:51:25","date_gmt":"2023-04-05T10:51:25","guid":{"rendered":"https:\/\/www.diotrol.com\/produkt\/diotrol-aqua-windowcare\/"},"modified":"2023-04-05T11:51:25","modified_gmt":"2023-04-05T11:51:25","slug":"diotrol-aqua-windowcare","status":"publish","type":"product","link":"https:\/\/www.diotrol.com\/fr\/produkt\/diotrol-aqua-windowcare\/","title":{"rendered":"Diotrol Aqua Windowcare"},"content":{"rendered":"<div class=\"elementor-element elementor-element-a3895b7 elementor-widget elementor-widget-text-editor\" data-id=\"a3895b7\" data-element_type=\"widget\" data-widget_type=\"text-editor.default\">\n<div class=\"elementor-widget-container\">\n<p>Diotrol Aqua Windowcare est un produit aqueux de rafra\u00eechissement et d&rsquo;entretien pour les fen\u00eatres. La surface peinte des battants et des cadres de fen\u00eatres conserve son aspect frais et sain gr\u00e2ce \u00e0 une couche annuelle de Diotrol Aqua Windowcare. Cela garantit une plus longue conservation de la valeur et les surfaces us\u00e9es par les intemp\u00e9ries obtiennent un l\u00e9ger \u00e9clat satin\u00e9.<\/p>\n<\/div>\n<\/div>\n<div class=\"elementor-element elementor-element-229335c elementor-widget elementor-widget-heading\" data-id=\"229335c\" data-element_type=\"widget\" data-widget_type=\"heading.default\">\n<div class=\"elementor-widget-container\">\n<h2 class=\"elementor-heading-title elementor-size-default\">Donn\u00e9es techniques<\/h2>\n<\/div>\n<\/div>\n<div class=\"elementor-element elementor-element-06ee470 elementor-widget elementor-widget-text-editor\" data-id=\"06ee470\" data-element_type=\"widget\" data-widget_type=\"text-editor.default\">\n<div class=\"elementor-widget-container\">\n<p><b>Domaine d&rsquo;application<\/b>: cadres et battants de fen\u00eatres<\/p>\n<p><b>Conditionnement<\/b> 250ml (plus grands conditionnements sur demande)<\/p>\n<p><b>Teintes<\/b> Incolore<\/p>\n<p><b>consommation<\/b> d\u00e9pendant de la quantit\u00e9 appliqu\u00e9e<\/p>\n<p><b>Application<\/b> avec un chiffon doux ou un pinceau doux<\/p>\n<\/div>\n<\/div>\n<div class=\"elementor-element elementor-element-cecd1fd elementor-widget elementor-widget-heading\" data-id=\"cecd1fd\" data-element_type=\"widget\" data-widget_type=\"heading.default\">\n<div class=\"elementor-widget-container\">\n<h2 class=\"elementor-heading-title elementor-size-default\">Bon \u00e0 savoir | Conseils et astuces<\/h2>\n<\/div>\n<\/div>\n<div class=\"elementor-element elementor-element-5703373 elementor-widget elementor-widget-text-editor\" data-id=\"5703373\" data-element_type=\"widget\" data-widget_type=\"text-editor.default\">\n<div class=\"elementor-widget-container\">\n<p>\u00c9viter les p\u00e9riodes de mauvais temps, n&rsquo;utiliser que dans des conditions s\u00e8ches.<\/p>\n<\/div>\n<\/div>\n","protected":false},"excerpt":{"rendered":"<p>Diotrol Aqua Windowcare est un produit aqueux de rafra\u00eechissement et d&rsquo;entretien pour les fen\u00eatres. La surface peinte des battants et des cadres de fen\u00eatres conserve son aspect frais et sain gr\u00e2ce \u00e0 une couche annuelle de Diotrol Aqua Windowcare. Cela garantit une plus longue conservation de la valeur et les surfaces us\u00e9es par les intemp\u00e9ries [&hellip;]<\/p>\n","protected":false},"featured_media":7333,"template":"","meta":{"site-sidebar-layout":"default","site-content-layout":"default","ast-site-content-layout":"default","site-content-style":"default","site-sidebar-style":"default","ast-global-header-display":"","ast-banner-title-visibility":"","ast-main-header-display":"","ast-hfb-above-header-display":"","ast-hfb-below-header-display":"","ast-hfb-mobile-header-display":"","site-post-title":"","ast-breadcrumbs-content":"","ast-featured-img":"","footer-sml-layout":"","theme-transparent-header-meta":"default","adv-header-id-meta":"","stick-header-meta":"default","header-above-stick-meta":"","header-main-stick-meta":"","header-below-stick-meta":"","astra-migrate-meta-layouts":"default","ast-page-background-enabled":"default","ast-page-background-meta":{"desktop":{"background-color":"","background-image":"","background-repeat":"repeat","background-position":"center center","background-size":"auto","background-attachment":"scroll","background-type":"","background-media":"","overlay-type":"","overlay-color":"","overlay-opacity":"","overlay-gradient":""},"tablet":{"background-color":"","background-image":"","background-repeat":"repeat","background-position":"center center","background-size":"auto","background-attachment":"scroll","background-type":"","background-media":"","overlay-type":"","overlay-color":"","overlay-opacity":"","overlay-gradient":""},"mobile":{"background-color":"","background-image":"","background-repeat":"repeat","background-position":"center center","background-size":"auto","background-attachment":"scroll","background-type":"","background-media":"","overlay-type":"","overlay-color":"","overlay-opacity":"","overlay-gradient":""}},"ast-content-background-meta":{"desktop":{"background-color":"var(--ast-global-color-5)","background-image":"","background-repeat":"repeat","background-position":"center center","background-size":"auto","background-attachment":"scroll","background-type":"","background-media":"","overlay-type":"","overlay-color":"","overlay-opacity":"","overlay-gradient":""},"tablet":{"background-color":"var(--ast-global-color-5)","background-image":"","background-repeat":"repeat","background-position":"center center","background-size":"auto","background-attachment":"scroll","background-type":"","background-media":"","overlay-type":"","overlay-color":"","overlay-opacity":"","overlay-gradient":""},"mobile":{"background-color":"var(--ast-global-color-5)","background-image":"","background-repeat":"repeat","background-position":"center center","background-size":"auto","background-attachment":"scroll","background-type":"","background-media":"","overlay-type":"","overlay-color":"","overlay-opacity":"","overlay-gradient":""}}},"product_brand":[],"product_cat":[378,395,484,498,403,361,360,478,479,548],"product_tag":[],"class_list":{"0":"post-9881","1":"product","2":"type-product","3":"status-publish","4":"has-post-thumbnail","6":"product_cat-exterieur","7":"product_cat-huile-dentretien","8":"product_cat-huile-naturelle-aqua","9":"product_cat-interieur-fr","10":"product_cat-nettoyage-fr-5","11":"product_cat-nettoyage","12":"product_cat-produits-supplementaires-aqua","13":"product_cat-soins-fr-3","14":"product_cat-soins-fr-4","15":"product_cat-entretien-et-nettoyage","16":"pa_basis-eau","17":"pa_beschichtung-incolore-transparent","18":"pa_farbton-kollektion-incolore","19":"pa_produktart-nettoyage","20":"desktop-align-center","21":"tablet-align-center","22":"mobile-align-center","23":"ast-product-gallery-layout-horizontal-slider","24":"ast-product-gallery-with-no-image","25":"ast-magnify-disabled","26":"ast-product-single-variable","27":"ast-product-tabs-layout-horizontal","29":"first","30":"instock","31":"taxable","32":"shipping-taxable","33":"purchasable","34":"product-type-variable"},"_links":{"self":[{"href":"https:\/\/www.diotrol.com\/fr\/wp-json\/wp\/v2\/product\/9881","targetHints":{"allow":["GET"]}}],"collection":[{"href":"https:\/\/www.diotrol.com\/fr\/wp-json\/wp\/v2\/product"}],"about":[{"href":"https:\/\/www.diotrol.com\/fr\/wp-json\/wp\/v2\/types\/product"}],"wp:featuredmedia":[{"embeddable":true,"href":"https:\/\/www.diotrol.com\/fr\/wp-json\/wp\/v2\/media\/7333"}],"wp:attachment":[{"href":"https:\/\/www.diotrol.com\/fr\/wp-json\/wp\/v2\/media?parent=9881"}],"wp:term":[{"taxonomy":"product_brand","embeddable":true,"href":"https:\/\/www.diotrol.com\/fr\/wp-json\/wp\/v2\/product_brand?post=9881"},{"taxonomy":"product_cat","embeddable":true,"href":"https:\/\/www.diotrol.com\/fr\/wp-json\/wp\/v2\/product_cat?post=9881"},{"taxonomy":"product_tag","embeddable":true,"href":"https:\/\/www.diotrol.com\/fr\/wp-json\/wp\/v2\/product_tag?post=9881"}],"curies":[{"name":"wp","href":"https:\/\/api.w.org\/{rel}","templated":true}]}}