{"id":9907,"date":"2023-03-30T11:51:54","date_gmt":"2023-03-30T10:51:54","guid":{"rendered":"https:\/\/www.diotrol.com\/produkt\/diotrol-aqua-dio-jet\/"},"modified":"2024-03-12T16:06:12","modified_gmt":"2024-03-12T15:06:12","slug":"diotrol-aqua-dio-jet","status":"publish","type":"product","link":"https:\/\/www.diotrol.com\/fr\/produkt\/diotrol-aqua-dio-jet\/","title":{"rendered":"Diotrol Aqua Dio-Jet"},"content":{"rendered":"<div class=\"elementor-element elementor-element-ca71e79 elementor-widget elementor-widget-text-editor\" data-id=\"ca71e79\" data-element_type=\"widget\" data-widget_type=\"text-editor.default\">\n<div class=\"elementor-widget-container\">\n<p>Diotrol Aqua Dio-Jet est une lasure de protection de haute qualit\u00e9 contre la lumi\u00e8re, id\u00e9al \u00e0 l\u2019application industrielle et manuelle sur les r\u00e9sineux, pour une protection pr\u00e9ventive contre le jaunissement. Diotrol Aqua Dio-Jet se caract\u00e9rise par sa bonne r\u00e9sistance g\u00e9n\u00e9rale et emp\u00eache efficacement le brunissement du bois sans alt\u00e9rer son aspect naturel. <\/p>\n<\/div>\n<\/div>\n<div class=\"elementor-element elementor-element-6d115bc elementor-widget elementor-widget-heading\" data-id=\"6d115bc\" data-element_type=\"widget\" data-widget_type=\"heading.default\">\n<div class=\"elementor-widget-container\">\n<h2 class=\"elementor-heading-title elementor-size-default\">Donn\u00e9es techniques<\/h2>\n<\/div>\n<\/div>\n<div class=\"elementor-element elementor-element-14f2556 elementor-widget elementor-widget-text-editor\" data-id=\"14f2556\" data-element_type=\"widget\" data-widget_type=\"text-editor.default\">\n<div class=\"elementor-widget-container\">\n<p><b>Domaine d\u2019application<\/b> R\u00e9sineux \u00e0 l&rsquo;int\u00e9rieur (planches profil\u00e9es, panneaux, fen\u00eatres \u00e0 l&rsquo;int\u00e9rieur, am\u00e9nagement int\u00e9rieur g\u00e9n\u00e9ral) Peut \u00e9galement \u00eatre utilis\u00e9 dans des zones ext\u00e9rieures prot\u00e9g\u00e9es avec l\u2019addition d\u2019un conservateur de film suppl\u00e9mentaire<\/p>\n<p><b>Conditionnement<\/b> 1L, 5L, 20L, 120L Fass<\/p>\n<p><strong>Teintes<\/strong> Incolore Blanchiment: \u00e0 1% Blanc , 2% Blanc, \u00e0 4% Blanc, \u00e0 6% Blanc Teint\u00e9 selon RAL ou NCS<\/p>\n<p><b>Conditionnement<\/b> 80 &#8211; 100 g\/m\u00b2 par couche<\/p>\n<p><b>Traitemen<\/b>Pinceau, rouleau, pistolet (protection recommand\u00e9s)<\/p>\n<\/div>\n<\/div>\n<div class=\"elementor-element elementor-element-e88da72 elementor-widget elementor-widget-heading\" data-id=\"e88da72\" data-element_type=\"widget\" data-widget_type=\"heading.default\">\n<div class=\"elementor-widget-container\">\n<h2 class=\"elementor-heading-title elementor-size-default\">Bon \u00e0 savoir | Conseils et astuces<\/h2>\n<\/div>\n<\/div>\n<div class=\"elementor-element elementor-element-5a88474 elementor-widget elementor-widget-text-editor\" data-id=\"5a88474\" data-element_type=\"widget\" data-widget_type=\"text-editor.default\">\n<div class=\"elementor-widget-container\">\n<p>S\u00e9chage rapide, pas de pon\u00e7age interm\u00e9diaire n\u00e9cessaire. Diotrol Aqua Dio-Jet est con\u00e7u pour les rev\u00eatements industriels.<\/p>\n<p><a href=\"https:\/\/indd.adobe.com\/view\/e228bf5a-8058-47c7-8ed5-b769b29da17c\" rel=\"nofollow noopener\" target=\"_blank\">Vous trouverez de plus amples informations et des images de r\u00e9f\u00e9rence dans notre brochure.<\/a><\/p>\n<\/div>\n<\/div>\n","protected":false},"excerpt":{"rendered":"<p>Diotrol Aqua Dio-Jet est un glacis de protection contre la lumi\u00e8re de haute qualit\u00e9 pour le rev\u00eatement industriel et manuel de bois de conif\u00e8res avec une protection pr\u00e9ventive contre le jaunissement.<\/p>\n","protected":false},"featured_media":31244,"template":"","meta":{"site-sidebar-layout":"default","site-content-layout":"default","ast-site-content-layout":"default","site-content-style":"default","site-sidebar-style":"default","ast-global-header-display":"","ast-banner-title-visibility":"","ast-main-header-display":"","ast-hfb-above-header-display":"","ast-hfb-below-header-display":"","ast-hfb-mobile-header-display":"","site-post-title":"","ast-breadcrumbs-content":"","ast-featured-img":"","footer-sml-layout":"","theme-transparent-header-meta":"default","adv-header-id-meta":"","stick-header-meta":"default","header-above-stick-meta":"","header-main-stick-meta":"","header-below-stick-meta":"","astra-migrate-meta-layouts":"default","ast-page-background-enabled":"default","ast-page-background-meta":{"desktop":{"background-color":"","background-image":"","background-repeat":"repeat","background-position":"center center","background-size":"auto","background-attachment":"scroll","background-type":"","background-media":"","overlay-type":"","overlay-color":"","overlay-opacity":"","overlay-gradient":""},"tablet":{"background-color":"","background-image":"","background-repeat":"repeat","background-position":"center center","background-size":"auto","background-attachment":"scroll","background-type":"","background-media":"","overlay-type":"","overlay-color":"","overlay-opacity":"","overlay-gradient":""},"mobile":{"background-color":"","background-image":"","background-repeat":"repeat","background-position":"center center","background-size":"auto","background-attachment":"scroll","background-type":"","background-media":"","overlay-type":"","overlay-color":"","overlay-opacity":"","overlay-gradient":""}},"ast-content-background-meta":{"desktop":{"background-color":"var(--ast-global-color-5)","background-image":"","background-repeat":"repeat","background-position":"center center","background-size":"auto","background-attachment":"scroll","background-type":"","background-media":"","overlay-type":"","overlay-color":"","overlay-opacity":"","overlay-gradient":""},"tablet":{"background-color":"var(--ast-global-color-5)","background-image":"","background-repeat":"repeat","background-position":"center center","background-size":"auto","background-attachment":"scroll","background-type":"","background-media":"","overlay-type":"","overlay-color":"","overlay-opacity":"","overlay-gradient":""},"mobile":{"background-color":"var(--ast-global-color-5)","background-image":"","background-repeat":"repeat","background-position":"center center","background-size":"auto","background-attachment":"scroll","background-type":"","background-media":"","overlay-type":"","overlay-color":"","overlay-opacity":"","overlay-gradient":""}}},"product_brand":[],"product_cat":[484,498,486,488,490,497,499,619,555],"product_tag":[],"class_list":{"0":"post-9907","1":"product","2":"type-product","3":"status-publish","4":"has-post-thumbnail","6":"product_cat-huile-naturelle-aqua","7":"product_cat-interieur-fr","8":"product_cat-lasures-peintures","9":"product_cat-protection-contre-les-uv","10":"product_cat-revetement-fr-3","11":"product_cat-revetement-fr-5","12":"product_cat-revetement-fr-6","13":"product_cat-maison-en-bois-massif","14":"product_cat-renovation-fr","15":"pa_basis-eau","16":"pa_produktart-protection-uv","17":"desktop-align-center","18":"tablet-align-center","19":"mobile-align-center","20":"ast-product-gallery-layout-horizontal-slider","21":"ast-product-gallery-with-no-image","22":"ast-magnify-disabled","23":"ast-product-tabs-layout-horizontal","25":"first","26":"instock","27":"taxable","28":"shipping-taxable","29":"product-type-simple"},"_links":{"self":[{"href":"https:\/\/www.diotrol.com\/fr\/wp-json\/wp\/v2\/product\/9907","targetHints":{"allow":["GET"]}}],"collection":[{"href":"https:\/\/www.diotrol.com\/fr\/wp-json\/wp\/v2\/product"}],"about":[{"href":"https:\/\/www.diotrol.com\/fr\/wp-json\/wp\/v2\/types\/product"}],"wp:featuredmedia":[{"embeddable":true,"href":"https:\/\/www.diotrol.com\/fr\/wp-json\/wp\/v2\/media\/31244"}],"wp:attachment":[{"href":"https:\/\/www.diotrol.com\/fr\/wp-json\/wp\/v2\/media?parent=9907"}],"wp:term":[{"taxonomy":"product_brand","embeddable":true,"href":"https:\/\/www.diotrol.com\/fr\/wp-json\/wp\/v2\/product_brand?post=9907"},{"taxonomy":"product_cat","embeddable":true,"href":"https:\/\/www.diotrol.com\/fr\/wp-json\/wp\/v2\/product_cat?post=9907"},{"taxonomy":"product_tag","embeddable":true,"href":"https:\/\/www.diotrol.com\/fr\/wp-json\/wp\/v2\/product_tag?post=9907"}],"curies":[{"name":"wp","href":"https:\/\/api.w.org\/{rel}","templated":true}]}}