{"id":9911,"date":"2023-03-30T11:49:06","date_gmt":"2023-03-30T10:49:06","guid":{"rendered":"https:\/\/www.diotrol.com\/produkt\/diotrol-aquatrol-blanc-lambris-blanc-polaire\/"},"modified":"2024-04-25T13:29:41","modified_gmt":"2024-04-25T12:29:41","slug":"diotrol-aquatrol-taeferweiss-polarweiss","status":"publish","type":"product","link":"https:\/\/www.diotrol.com\/fr\/produkt\/diotrol-aquatrol-taeferweiss-polarweiss\/","title":{"rendered":"Diotrol Aquatrol"},"content":{"rendered":"<div class=\"elementor-element elementor-element-6dc4697 elementor-widget elementor-widget-text-editor\" data-id=\"6dc4697\" data-element_type=\"widget\" data-widget_type=\"text-editor.default\">\n<div class=\"elementor-widget-container\">\n<p>Diotrol Aquatrol est une peinture isolante \u00e0 base d&rsquo;eau pour tous les types de boiseries comme les lambris, les rev\u00eatements de plafond et bien d&rsquo;autres. Les huiles naturelles issues de mati\u00e8res premi\u00e8res renouvelables contenues dans Diotrol Aquatrol conf\u00e8rent \u00e0 la peinture une surface soyeuse et facile d&rsquo;entretien. Un m\u00e9canisme sp\u00e9cial emp\u00eache les substances contenues dans le bois, comme par exemple les tanins (substances tanniques), qui d\u00e9colorent la peinture, de passer \u00e0 travers. Si elle est appliqu\u00e9e dans les r\u00e8gles de l&rsquo;art, elle ne risque donc pas de jaunir et la peinture reste durablement blanche. Le blocage durable du jaunissement n&rsquo;est assur\u00e9 que si, en raison de d\u00e9fauts de construction, il n&rsquo;y a plus d&rsquo;humidification ult\u00e9rieure du bois.<\/p>\n<\/div>\n<\/div>\n<div class=\"elementor-element elementor-element-b965af0 elementor-widget elementor-widget-heading\" data-id=\"b965af0\" data-element_type=\"widget\" data-widget_type=\"heading.default\">\n<div class=\"elementor-widget-container\">\n<h2 class=\"elementor-heading-title elementor-size-default\">Donn\u00e9es techniques<\/h2>\n<\/div>\n<\/div>\n<div class=\"elementor-element elementor-element-a8a4daf elementor-widget elementor-widget-text-editor\" data-id=\"a8a4daf\" data-element_type=\"widget\" data-widget_type=\"text-editor.default\">\n<div class=\"elementor-widget-container\">\n<p><b>Application<\/b> En int\u00e9rieur, sur les plafonds profil\u00e9s et \u00e0 lattes, ainsi que sur les murs en bois non trait\u00e9, surtout clair, comme par exemple le pin ou l&rsquo;\u00e9pic\u00e9a. Donne une surface blanche naturelle.<\/p>\n<p><b>Conditionnement<\/b> 1L | 5L | 10L<\/p>\n<p><strong>Teintes<\/strong> Blanc pour lambris (semi-opaque) et Blanc polaire (opaque)<\/p>\n<p><b>Consommation<\/b> 100 g\/m\u00b2 par couche sur bois d\u2019\u00e9pic\u00e9a rabot\u00e9, ponc\u00e9 Peut varier selon la nature et la capacit\u00e9 d\u2019absorption du support. <\/p>\n<p><b>Application<\/b> Pinceau, rouleau, pistolet<\/p>\n<\/div>\n<\/div>\n<div class=\"elementor-element elementor-element-6e6f20f elementor-widget elementor-widget-heading\" data-id=\"6e6f20f\" data-element_type=\"widget\" data-widget_type=\"heading.default\">\n<div class=\"elementor-widget-container\">\n<h2 class=\"elementor-heading-title elementor-size-default\">Bon \u00e0 savoir | Conseils et astuces<\/h2>\n<\/div>\n<\/div>\n<div class=\"elementor-element elementor-element-cfb1481 elementor-widget elementor-widget-text-editor\" data-id=\"cfb1481\" data-element_type=\"widget\" data-widget_type=\"text-editor.default\">\n<div class=\"elementor-widget-container\">\n<p>Diotrol Aquatrol est \u00e9galement id\u00e9al pour les travaux de r\u00e9novation sur des lambris d\u00e9j\u00e0 jaunis.<\/p>\n<\/div>\n<\/div>\n","protected":false},"excerpt":{"rendered":"<p>Diotrol Aquatrol est une peinture isolante \u00e0 base d&rsquo;eau pour tous les types de boiseries comme les lambris, les rev\u00eatements de plafond et bien d&rsquo;autres.<\/p>\n","protected":false},"featured_media":31238,"template":"","meta":{"site-sidebar-layout":"default","site-content-layout":"default","ast-site-content-layout":"default","site-content-style":"default","site-sidebar-style":"default","ast-global-header-display":"","ast-banner-title-visibility":"","ast-main-header-display":"","ast-hfb-above-header-display":"","ast-hfb-below-header-display":"","ast-hfb-mobile-header-display":"","site-post-title":"","ast-breadcrumbs-content":"","ast-featured-img":"","footer-sml-layout":"","theme-transparent-header-meta":"default","adv-header-id-meta":"","stick-header-meta":"default","header-above-stick-meta":"","header-main-stick-meta":"","header-below-stick-meta":"","astra-migrate-meta-layouts":"default","ast-page-background-enabled":"default","ast-page-background-meta":{"desktop":{"background-color":"","background-image":"","background-repeat":"repeat","background-position":"center center","background-size":"auto","background-attachment":"scroll","background-type":"","background-media":"","overlay-type":"","overlay-color":"","overlay-opacity":"","overlay-gradient":""},"tablet":{"background-color":"","background-image":"","background-repeat":"repeat","background-position":"center center","background-size":"auto","background-attachment":"scroll","background-type":"","background-media":"","overlay-type":"","overlay-color":"","overlay-opacity":"","overlay-gradient":""},"mobile":{"background-color":"","background-image":"","background-repeat":"repeat","background-position":"center center","background-size":"auto","background-attachment":"scroll","background-type":"","background-media":"","overlay-type":"","overlay-color":"","overlay-opacity":"","overlay-gradient":""}},"ast-content-background-meta":{"desktop":{"background-color":"var(--ast-global-color-5)","background-image":"","background-repeat":"repeat","background-position":"center center","background-size":"auto","background-attachment":"scroll","background-type":"","background-media":"","overlay-type":"","overlay-color":"","overlay-opacity":"","overlay-gradient":""},"tablet":{"background-color":"var(--ast-global-color-5)","background-image":"","background-repeat":"repeat","background-position":"center center","background-size":"auto","background-attachment":"scroll","background-type":"","background-media":"","overlay-type":"","overlay-color":"","overlay-opacity":"","overlay-gradient":""},"mobile":{"background-color":"var(--ast-global-color-5)","background-image":"","background-repeat":"repeat","background-position":"center center","background-size":"auto","background-attachment":"scroll","background-type":"","background-media":"","overlay-type":"","overlay-color":"","overlay-opacity":"","overlay-gradient":""}}},"product_brand":[],"product_cat":[484,498,488,490],"product_tag":[],"class_list":{"0":"post-9911","1":"product","2":"type-product","3":"status-publish","4":"has-post-thumbnail","6":"product_cat-huile-naturelle-aqua","7":"product_cat-interieur-fr","8":"product_cat-protection-contre-les-uv","9":"product_cat-revetement-fr-3","10":"pa_basis-eau","11":"pa_beschichtung-deckend-fr","12":"pa_beschichtung-lasurant","13":"pa_farbton-kollektion-weiss-fr","14":"pa_produktart-protection-uv","15":"desktop-align-center","16":"tablet-align-center","17":"mobile-align-center","18":"ast-product-gallery-layout-horizontal-slider","19":"ast-product-gallery-with-no-image","20":"ast-magnify-disabled","21":"ast-product-single-variable","22":"ast-product-tabs-layout-horizontal","24":"first","25":"instock","26":"taxable","27":"shipping-taxable","28":"purchasable","29":"product-type-variable"},"_links":{"self":[{"href":"https:\/\/www.diotrol.com\/fr\/wp-json\/wp\/v2\/product\/9911","targetHints":{"allow":["GET"]}}],"collection":[{"href":"https:\/\/www.diotrol.com\/fr\/wp-json\/wp\/v2\/product"}],"about":[{"href":"https:\/\/www.diotrol.com\/fr\/wp-json\/wp\/v2\/types\/product"}],"wp:featuredmedia":[{"embeddable":true,"href":"https:\/\/www.diotrol.com\/fr\/wp-json\/wp\/v2\/media\/31238"}],"wp:attachment":[{"href":"https:\/\/www.diotrol.com\/fr\/wp-json\/wp\/v2\/media?parent=9911"}],"wp:term":[{"taxonomy":"product_brand","embeddable":true,"href":"https:\/\/www.diotrol.com\/fr\/wp-json\/wp\/v2\/product_brand?post=9911"},{"taxonomy":"product_cat","embeddable":true,"href":"https:\/\/www.diotrol.com\/fr\/wp-json\/wp\/v2\/product_cat?post=9911"},{"taxonomy":"product_tag","embeddable":true,"href":"https:\/\/www.diotrol.com\/fr\/wp-json\/wp\/v2\/product_tag?post=9911"}],"curies":[{"name":"wp","href":"https:\/\/api.w.org\/{rel}","templated":true}]}}