{"id":9912,"date":"2023-03-31T08:42:44","date_gmt":"2023-03-31T07:42:44","guid":{"rendered":"https:\/\/www.diotrol.com\/produkt\/diotrol-pu-aquasiegel\/"},"modified":"2023-03-31T08:42:44","modified_gmt":"2023-03-31T08:42:44","slug":"diotrol-pu-aquasiegel","status":"publish","type":"product","link":"https:\/\/www.diotrol.com\/fr\/produkt\/diotrol-pu-aquasiegel\/","title":{"rendered":"Diotrol PU Aquasiegel"},"content":{"rendered":"<div class=\"elementor-element elementor-element-7b7279c elementor-widget elementor-widget-text-editor\" data-id=\"7b7279c\" data-element_type=\"widget\" data-widget_type=\"text-editor.default\">\n<div class=\"elementor-widget-container\">\n<p>Diotrol PU Aquasiegel est un vernis \u00e0 sceller haute performance, diluable \u00e0 l&rsquo;eau et \u00e0 faible odeur, contenant 100% de r\u00e9sine polyur\u00e9thane. Il en r\u00e9sulte des vitrifications tr\u00e8s tenaces, \u00e9lastiques, r\u00e9sistantes \u00e0 l&rsquo;usure et sans jaunissement sur les parquets et autres surfaces en bois tr\u00e8s sollicit\u00e9es \u00e0 l&rsquo;int\u00e9rieur. La r\u00e9sistance \u00e0 l&rsquo;eau, \u00e0 l&rsquo;alcool et aux produits chimiques m\u00e9nagers est excellente.<\/p>\n<\/div>\n<\/div>\n<div class=\"elementor-element elementor-element-2de2b33 elementor-widget elementor-widget-heading\" data-id=\"2de2b33\" data-element_type=\"widget\" data-widget_type=\"heading.default\">\n<div class=\"elementor-widget-container\">\n<h2 class=\"elementor-heading-title elementor-size-default\">Donn\u00e9es techniques<\/h2>\n<\/div>\n<\/div>\n<div class=\"elementor-element elementor-element-77697c2 elementor-widget elementor-widget-text-editor\" data-id=\"77697c2\" data-element_type=\"widget\" data-widget_type=\"text-editor.default\">\n<div class=\"elementor-widget-container\">\n<p><b>Domaine d&rsquo;application<\/b> Vitrification pour parquets<\/p>\n<p><b>Conditionnement<\/b> 1L | 5L | 20L<\/p>\n<p><b>Teintes<\/b> Incolore<\/p>\n<p><b>Consommation<\/b> 80-100g\/m2 par couche<\/p>\n<p><b>Traitement <\/b>Pinceau<\/p>\n<\/div>\n<\/div>\n<div class=\"elementor-element elementor-element-d2db351 elementor-widget elementor-widget-heading\" data-id=\"d2db351\" data-element_type=\"widget\" data-widget_type=\"heading.default\">\n<div class=\"elementor-widget-container\">\n<h2 class=\"elementor-heading-title elementor-size-default\">Bon \u00e0 savoir | Conseils et astuces<\/h2>\n<\/div>\n<\/div>\n<div class=\"elementor-element elementor-element-8b83f25 elementor-widget elementor-widget-text-editor\" data-id=\"8b83f25\" data-element_type=\"widget\" data-widget_type=\"text-editor.default\">\n<div class=\"elementor-widget-container\">\n<p>Diotrol PU Aquasiegel convient parfaitement pour l&rsquo;application sur les parquets, les escaliers en bois et tous les articles en bois \u00e0 l&rsquo;int\u00e9rieur qui sont soumis \u00e0 une forte sollicitation.<\/p>\n<\/div>\n<\/div>\n","protected":false},"excerpt":{"rendered":"<p>Diotrol PU Aquasiegel est un vernis \u00e0 sceller haute performance, diluable \u00e0 l&rsquo;eau et \u00e0 faible odeur, contenant 100% de r\u00e9sine polyur\u00e9thane.<\/p>\n","protected":false},"featured_media":7325,"template":"","meta":{"site-sidebar-layout":"default","site-content-layout":"default","ast-site-content-layout":"default","site-content-style":"default","site-sidebar-style":"default","ast-global-header-display":"","ast-banner-title-visibility":"","ast-main-header-display":"","ast-hfb-above-header-display":"","ast-hfb-below-header-display":"","ast-hfb-mobile-header-display":"","site-post-title":"","ast-breadcrumbs-content":"","ast-featured-img":"","footer-sml-layout":"","theme-transparent-header-meta":"default","adv-header-id-meta":"","stick-header-meta":"default","header-above-stick-meta":"","header-main-stick-meta":"","header-below-stick-meta":"","astra-migrate-meta-layouts":"default","ast-page-background-enabled":"default","ast-page-background-meta":{"desktop":{"background-color":"","background-image":"","background-repeat":"repeat","background-position":"center center","background-size":"auto","background-attachment":"scroll","background-type":"","background-media":"","overlay-type":"","overlay-color":"","overlay-opacity":"","overlay-gradient":""},"tablet":{"background-color":"","background-image":"","background-repeat":"repeat","background-position":"center center","background-size":"auto","background-attachment":"scroll","background-type":"","background-media":"","overlay-type":"","overlay-color":"","overlay-opacity":"","overlay-gradient":""},"mobile":{"background-color":"","background-image":"","background-repeat":"repeat","background-position":"center center","background-size":"auto","background-attachment":"scroll","background-type":"","background-media":"","overlay-type":"","overlay-color":"","overlay-opacity":"","overlay-gradient":""}},"ast-content-background-meta":{"desktop":{"background-color":"var(--ast-global-color-5)","background-image":"","background-repeat":"repeat","background-position":"center center","background-size":"auto","background-attachment":"scroll","background-type":"","background-media":"","overlay-type":"","overlay-color":"","overlay-opacity":"","overlay-gradient":""},"tablet":{"background-color":"var(--ast-global-color-5)","background-image":"","background-repeat":"repeat","background-position":"center center","background-size":"auto","background-attachment":"scroll","background-type":"","background-media":"","overlay-type":"","overlay-color":"","overlay-opacity":"","overlay-gradient":""},"mobile":{"background-color":"var(--ast-global-color-5)","background-image":"","background-repeat":"repeat","background-position":"center center","background-size":"auto","background-attachment":"scroll","background-type":"","background-media":"","overlay-type":"","overlay-color":"","overlay-opacity":"","overlay-gradient":""}}},"product_brand":[],"product_cat":[484,360,490,456],"product_tag":[],"class_list":{"0":"post-9912","1":"product","2":"type-product","3":"status-publish","4":"has-post-thumbnail","6":"product_cat-huile-naturelle-aqua","7":"product_cat-produits-supplementaires-aqua","8":"product_cat-revetement-fr-3","9":"product_cat-revetement-fr","10":"pa_basis-eau","11":"pa_beschichtung-incolore-transparent","12":"pa_farbton-kollektion-incolore","13":"pa_produktart-revetement","14":"desktop-align-center","15":"tablet-align-center","16":"mobile-align-center","17":"ast-product-gallery-layout-horizontal-slider","18":"ast-product-gallery-with-no-image","19":"ast-magnify-disabled","20":"ast-product-single-variable","21":"ast-product-tabs-layout-horizontal","23":"first","24":"instock","25":"taxable","26":"shipping-taxable","27":"purchasable","28":"product-type-variable"},"_links":{"self":[{"href":"https:\/\/www.diotrol.com\/fr\/wp-json\/wp\/v2\/product\/9912","targetHints":{"allow":["GET"]}}],"collection":[{"href":"https:\/\/www.diotrol.com\/fr\/wp-json\/wp\/v2\/product"}],"about":[{"href":"https:\/\/www.diotrol.com\/fr\/wp-json\/wp\/v2\/types\/product"}],"wp:featuredmedia":[{"embeddable":true,"href":"https:\/\/www.diotrol.com\/fr\/wp-json\/wp\/v2\/media\/7325"}],"wp:attachment":[{"href":"https:\/\/www.diotrol.com\/fr\/wp-json\/wp\/v2\/media?parent=9912"}],"wp:term":[{"taxonomy":"product_brand","embeddable":true,"href":"https:\/\/www.diotrol.com\/fr\/wp-json\/wp\/v2\/product_brand?post=9912"},{"taxonomy":"product_cat","embeddable":true,"href":"https:\/\/www.diotrol.com\/fr\/wp-json\/wp\/v2\/product_cat?post=9912"},{"taxonomy":"product_tag","embeddable":true,"href":"https:\/\/www.diotrol.com\/fr\/wp-json\/wp\/v2\/product_tag?post=9912"}],"curies":[{"name":"wp","href":"https:\/\/api.w.org\/{rel}","templated":true}]}}