{"id":9921,"date":"2023-03-30T11:40:39","date_gmt":"2023-03-30T10:40:39","guid":{"rendered":"https:\/\/www.diotrol.com\/produkt\/diotrol-aqua-sun-ex\/"},"modified":"2024-09-25T13:05:57","modified_gmt":"2024-09-25T12:05:57","slug":"diotrol-aqua-sun-ex","status":"publish","type":"product","link":"https:\/\/www.diotrol.com\/fr\/produkt\/diotrol-aqua-sun-ex\/","title":{"rendered":"Diotrol Aqua Sun-Ex"},"content":{"rendered":"<div class=\"elementor-element elementor-element-11a57c2 elementor-widget elementor-widget-text-editor\" data-id=\"11a57c2\" data-element_type=\"widget\" data-widget_type=\"text-editor.default\">\n<div class=\"elementor-widget-container\">Photoprotecteur \u00e0 base d&rsquo;un antioxydant de la lignine du bois. Diotrol Aqua Sun-Ex emp\u00eache le noircissement des bois de conif\u00e8res sous l&rsquo;influence de la lumi\u00e8re du soleil. Applicable \u00e0 l&rsquo;int\u00e9rieur pour le traitement des mat\u00e9riaux en bois bruts. Pour am\u00e9liorer la r\u00e9sistance \u00e0 l&rsquo;abrasion et la facilit\u00e9 de nettoyage, nous recommandons d&rsquo;appliquer sur les murs une couche ult\u00e9rieure de lasure \u00e0 l&rsquo;huile naturelle Diotrol Aqua. Diotrol Sun-Ex est une solution aqueuse.<\/div>\n<\/div>\n<div class=\"elementor-element elementor-element-7c195db elementor-widget elementor-widget-heading\" data-id=\"7c195db\" data-element_type=\"widget\" data-widget_type=\"heading.default\">\n<div class=\"elementor-widget-container\">\n<h2 class=\"elementor-heading-title elementor-size-default\">Donn\u00e9es techniques<\/h2>\n<\/div>\n<\/div>\n<div class=\"elementor-element elementor-element-dcd4096 elementor-widget elementor-widget-text-editor\" data-id=\"dcd4096\" data-element_type=\"widget\" data-widget_type=\"text-editor.default\">\n<div class=\"elementor-widget-container\">\n<p><b>Application <\/b>Sur tous les \u00e9l\u00e9ments de construction en bois de conif\u00e8res bruts et clairs \u00e0 l&rsquo;int\u00e9rieur<br \/>\n<b>Conditionnement <\/b>1L | 5L | 25L<br \/>\n<b>Teintes<\/b> Incolore<br \/>\n<b>Consommation <\/b>100 &#8211; 120g\/m\u00b2 par couche<br \/>\n<b>Application <\/b>Pinceau, rouleau, trempage, inondation, pistolet<\/p>\n<\/div>\n<\/div>\n<div class=\"elementor-element elementor-element-572785e elementor-widget elementor-widget-heading\" data-id=\"572785e\" data-element_type=\"widget\" data-widget_type=\"heading.default\">\n<div class=\"elementor-widget-container\">\n<h2 class=\"elementor-heading-title elementor-size-default\">Bon \u00e0 savoir | Conseils et astuces<\/h2>\n<\/div>\n<\/div>\n<div class=\"elementor-element elementor-element-ecfa3ec elementor-widget elementor-widget-text-editor\" data-id=\"ecfa3ec\" data-element_type=\"widget\" data-widget_type=\"text-editor.default\">\n<div class=\"elementor-widget-container\">Diotrol Aqua Sun-Ex doit \u00eatre appliqu\u00e9 non dilu\u00e9 sur le bois rabot\u00e9 et ponc\u00e9.<\/div>\n<div><\/div>\n<\/div>\n<div><a href=\"\/Users\/shhu\/Downloads\/81050_AquaPremiumWaxSun-Ex_Flyer_DE.pdf\">Vous trouverez de plus amples informations et des images de r\u00e9f\u00e9rence dans notre brochure.<\/a><\/div>\n","protected":false},"excerpt":{"rendered":"<p>Photoprotecteur \u00e0 base d&rsquo;un antioxydant de la lignine du bois. Diotrol Aqua Sun-Ex emp\u00eache le noircissement des bois de conif\u00e8res sous l&rsquo;influence de la lumi\u00e8re du soleil.<\/p>\n","protected":false},"featured_media":31262,"template":"","meta":{"site-sidebar-layout":"default","site-content-layout":"default","ast-site-content-layout":"default","site-content-style":"default","site-sidebar-style":"default","ast-global-header-display":"","ast-banner-title-visibility":"","ast-main-header-display":"","ast-hfb-above-header-display":"","ast-hfb-below-header-display":"","ast-hfb-mobile-header-display":"","site-post-title":"","ast-breadcrumbs-content":"","ast-featured-img":"","footer-sml-layout":"","theme-transparent-header-meta":"default","adv-header-id-meta":"","stick-header-meta":"default","header-above-stick-meta":"","header-main-stick-meta":"","header-below-stick-meta":"","astra-migrate-meta-layouts":"set","ast-page-background-enabled":"default","ast-page-background-meta":{"desktop":{"background-color":"","background-image":"","background-repeat":"repeat","background-position":"center center","background-size":"auto","background-attachment":"scroll","background-type":"","background-media":"","overlay-type":"","overlay-color":"","overlay-opacity":"","overlay-gradient":""},"tablet":{"background-color":"","background-image":"","background-repeat":"repeat","background-position":"center center","background-size":"auto","background-attachment":"scroll","background-type":"","background-media":"","overlay-type":"","overlay-color":"","overlay-opacity":"","overlay-gradient":""},"mobile":{"background-color":"","background-image":"","background-repeat":"repeat","background-position":"center center","background-size":"auto","background-attachment":"scroll","background-type":"","background-media":"","overlay-type":"","overlay-color":"","overlay-opacity":"","overlay-gradient":""}},"ast-content-background-meta":{"desktop":{"background-color":"var(--ast-global-color-5)","background-image":"","background-repeat":"repeat","background-position":"center center","background-size":"auto","background-attachment":"scroll","background-type":"","background-media":"","overlay-type":"","overlay-color":"","overlay-opacity":"","overlay-gradient":""},"tablet":{"background-color":"var(--ast-global-color-5)","background-image":"","background-repeat":"repeat","background-position":"center center","background-size":"auto","background-attachment":"scroll","background-type":"","background-media":"","overlay-type":"","overlay-color":"","overlay-opacity":"","overlay-gradient":""},"mobile":{"background-color":"var(--ast-global-color-5)","background-image":"","background-repeat":"repeat","background-position":"center center","background-size":"auto","background-attachment":"scroll","background-type":"","background-media":"","overlay-type":"","overlay-color":"","overlay-opacity":"","overlay-gradient":""}}},"product_brand":[],"product_cat":[484,488,490],"product_tag":[],"class_list":{"0":"post-9921","1":"product","2":"type-product","3":"status-publish","4":"has-post-thumbnail","6":"product_cat-huile-naturelle-aqua","7":"product_cat-protection-contre-les-uv","8":"product_cat-revetement-fr-3","9":"pa_basis-eau","10":"pa_beschichtung-incolore-transparent","11":"pa_farbton-kollektion-incolore","12":"pa_produktart-cire","13":"pa_produktart-protection-uv","14":"desktop-align-center","15":"tablet-align-center","16":"mobile-align-center","17":"ast-product-gallery-layout-horizontal-slider","18":"ast-product-gallery-with-no-image","19":"ast-magnify-disabled","20":"ast-product-single-variable","21":"ast-product-tabs-layout-horizontal","23":"first","24":"instock","25":"taxable","26":"shipping-taxable","27":"purchasable","28":"product-type-variable"},"_links":{"self":[{"href":"https:\/\/www.diotrol.com\/fr\/wp-json\/wp\/v2\/product\/9921","targetHints":{"allow":["GET"]}}],"collection":[{"href":"https:\/\/www.diotrol.com\/fr\/wp-json\/wp\/v2\/product"}],"about":[{"href":"https:\/\/www.diotrol.com\/fr\/wp-json\/wp\/v2\/types\/product"}],"wp:featuredmedia":[{"embeddable":true,"href":"https:\/\/www.diotrol.com\/fr\/wp-json\/wp\/v2\/media\/31262"}],"wp:attachment":[{"href":"https:\/\/www.diotrol.com\/fr\/wp-json\/wp\/v2\/media?parent=9921"}],"wp:term":[{"taxonomy":"product_brand","embeddable":true,"href":"https:\/\/www.diotrol.com\/fr\/wp-json\/wp\/v2\/product_brand?post=9921"},{"taxonomy":"product_cat","embeddable":true,"href":"https:\/\/www.diotrol.com\/fr\/wp-json\/wp\/v2\/product_cat?post=9921"},{"taxonomy":"product_tag","embeddable":true,"href":"https:\/\/www.diotrol.com\/fr\/wp-json\/wp\/v2\/product_tag?post=9921"}],"curies":[{"name":"wp","href":"https:\/\/api.w.org\/{rel}","templated":true}]}}