{"id":9939,"date":"2023-03-30T06:51:04","date_gmt":"2023-03-30T05:51:04","guid":{"rendered":"https:\/\/www.diotrol.com\/produkt\/durcisseur-diotrol-hwo\/"},"modified":"2023-03-30T06:51:04","modified_gmt":"2023-03-30T06:51:04","slug":"diotrol-haerter-hwo","status":"publish","type":"product","link":"https:\/\/www.diotrol.com\/fr\/produkt\/diotrol-haerter-hwo\/","title":{"rendered":"Durcisseur Diotrol HWO"},"content":{"rendered":"<div class=\"elementor-element elementor-element-6b7b0c5 elementor-widget elementor-widget-text-editor\" data-id=\"6b7b0c5\" data-element_type=\"widget\" data-widget_type=\"text-editor.default\">\n<div class=\"elementor-widget-container\">\n<p>Le durcisseur Diotrol HWO est un additif durcisseur et acc\u00e9l\u00e9rateur de s\u00e9chage pour #76200 Diotrol huile-cire dure Diodur. Il r\u00e9duit le temps de s\u00e9chage et rend la surface plus r\u00e9sistante aux influences chimiques et physiques.<\/p>\n<\/div>\n<\/div>\n<div class=\"elementor-element elementor-element-c682f4b elementor-widget elementor-widget-heading\" data-id=\"c682f4b\" data-element_type=\"widget\" data-widget_type=\"heading.default\">\n<div class=\"elementor-widget-container\">\n<h2 class=\"elementor-heading-title elementor-size-default\">Donn\u00e9es techniques<\/h2>\n<\/div>\n<\/div>\n<div class=\"elementor-element elementor-element-0d43794 elementor-widget elementor-widget-text-editor\" data-id=\"0d43794\" data-element_type=\"widget\" data-widget_type=\"text-editor.default\">\n<div class=\"elementor-widget-container\">\n<p><b>Application <\/b>Uniquement comme additif \u00e0 l&rsquo;huile-cire dure Diodur de Diotrol<\/p>\n<p><b>Conditionnement <\/b>200ml | 1L sur demande<\/p>\n<p>Teintes Incolore<\/p>\n<p><b>Consommation <\/b>200 ml de durcisseur HWO pour 800 ml d&rsquo;huile-cire dure Diodur (rapport de m\u00e9lange 4:1)<\/p>\n<p><b>Traitement <\/b>Bien m\u00e9langer les deux composants<\/p>\n<\/div>\n<\/div>\n<div class=\"elementor-element elementor-element-5920732 elementor-widget elementor-widget-heading\" data-id=\"5920732\" data-element_type=\"widget\" data-widget_type=\"heading.default\">\n<div class=\"elementor-widget-container\">\n<h2 class=\"elementor-heading-title elementor-size-default\">Bon \u00e0 savoir | Conseils et astuces<\/h2>\n<\/div>\n<\/div>\n<div class=\"elementor-element elementor-element-011ab2a elementor-widget elementor-widget-text-editor\" data-id=\"011ab2a\" data-element_type=\"widget\" data-widget_type=\"text-editor.default\">\n<div class=\"elementor-widget-container\">\n<p>Le durcisseur Diotrol HWO 200ml est vendu en kit en combinaison avec l&rsquo;huile-cire dure Diotrol 800ml.<\/p>\n<\/div>\n<\/div>\n","protected":false},"excerpt":{"rendered":"<p>Le durcisseur Diotrol HWO est un additif durcisseur et acc\u00e9l\u00e9rateur de s\u00e9chage pour #76200 Diotrol huile-cire dure Diodur. Il r\u00e9duit le temps de s\u00e9chage et rend la surface plus r\u00e9sistante aux influences chimiques et physiques.<\/p>\n","protected":false},"featured_media":30352,"template":"","meta":{"site-sidebar-layout":"default","site-content-layout":"default","ast-site-content-layout":"default","site-content-style":"default","site-sidebar-style":"default","ast-global-header-display":"","ast-banner-title-visibility":"","ast-main-header-display":"","ast-hfb-above-header-display":"","ast-hfb-below-header-display":"","ast-hfb-mobile-header-display":"","site-post-title":"","ast-breadcrumbs-content":"","ast-featured-img":"","footer-sml-layout":"","theme-transparent-header-meta":"default","adv-header-id-meta":"","stick-header-meta":"default","header-above-stick-meta":"","header-main-stick-meta":"","header-below-stick-meta":"","astra-migrate-meta-layouts":"default","ast-page-background-enabled":"default","ast-page-background-meta":{"desktop":{"background-color":"","background-image":"","background-repeat":"repeat","background-position":"center center","background-size":"auto","background-attachment":"scroll","background-type":"","background-media":"","overlay-type":"","overlay-color":"","overlay-opacity":"","overlay-gradient":""},"tablet":{"background-color":"","background-image":"","background-repeat":"repeat","background-position":"center center","background-size":"auto","background-attachment":"scroll","background-type":"","background-media":"","overlay-type":"","overlay-color":"","overlay-opacity":"","overlay-gradient":""},"mobile":{"background-color":"","background-image":"","background-repeat":"repeat","background-position":"center center","background-size":"auto","background-attachment":"scroll","background-type":"","background-media":"","overlay-type":"","overlay-color":"","overlay-opacity":"","overlay-gradient":""}},"ast-content-background-meta":{"desktop":{"background-color":"var(--ast-global-color-5)","background-image":"","background-repeat":"repeat","background-position":"center center","background-size":"auto","background-attachment":"scroll","background-type":"","background-media":"","overlay-type":"","overlay-color":"","overlay-opacity":"","overlay-gradient":""},"tablet":{"background-color":"var(--ast-global-color-5)","background-image":"","background-repeat":"repeat","background-position":"center center","background-size":"auto","background-attachment":"scroll","background-type":"","background-media":"","overlay-type":"","overlay-color":"","overlay-opacity":"","overlay-gradient":""},"mobile":{"background-color":"var(--ast-global-color-5)","background-image":"","background-repeat":"repeat","background-position":"center center","background-size":"auto","background-attachment":"scroll","background-type":"","background-media":"","overlay-type":"","overlay-color":"","overlay-opacity":"","overlay-gradient":""}}},"product_brand":[],"product_cat":[489,491,493,504],"product_tag":[],"class_list":{"0":"post-9939","1":"product","2":"type-product","3":"status-publish","4":"has-post-thumbnail","6":"product_cat-accessoires-fr","7":"product_cat-accessoires-fr-2","8":"product_cat-accessoires-fr-4","9":"product_cat-produits-supplementaires","10":"pa_basis-solvants","11":"pa_beschichtung-incolore-transparent","12":"pa_produktart-cire","13":"desktop-align-center","14":"tablet-align-center","15":"mobile-align-center","16":"ast-product-gallery-layout-horizontal-slider","17":"ast-product-gallery-with-no-image","18":"ast-magnify-disabled","19":"ast-product-single-variable","20":"ast-product-tabs-layout-horizontal","22":"first","23":"instock","24":"taxable","25":"shipping-taxable","26":"purchasable","27":"product-type-variable"},"_links":{"self":[{"href":"https:\/\/www.diotrol.com\/fr\/wp-json\/wp\/v2\/product\/9939","targetHints":{"allow":["GET"]}}],"collection":[{"href":"https:\/\/www.diotrol.com\/fr\/wp-json\/wp\/v2\/product"}],"about":[{"href":"https:\/\/www.diotrol.com\/fr\/wp-json\/wp\/v2\/types\/product"}],"wp:featuredmedia":[{"embeddable":true,"href":"https:\/\/www.diotrol.com\/fr\/wp-json\/wp\/v2\/media\/30352"}],"wp:attachment":[{"href":"https:\/\/www.diotrol.com\/fr\/wp-json\/wp\/v2\/media?parent=9939"}],"wp:term":[{"taxonomy":"product_brand","embeddable":true,"href":"https:\/\/www.diotrol.com\/fr\/wp-json\/wp\/v2\/product_brand?post=9939"},{"taxonomy":"product_cat","embeddable":true,"href":"https:\/\/www.diotrol.com\/fr\/wp-json\/wp\/v2\/product_cat?post=9939"},{"taxonomy":"product_tag","embeddable":true,"href":"https:\/\/www.diotrol.com\/fr\/wp-json\/wp\/v2\/product_tag?post=9939"}],"curies":[{"name":"wp","href":"https:\/\/api.w.org\/{rel}","templated":true}]}}