{"id":9663,"date":"2023-03-31T07:07:30","date_gmt":"2023-03-31T05:07:30","guid":{"rendered":"https:\/\/www.diotrol.com\/impronta\/"},"modified":"2024-02-27T20:23:43","modified_gmt":"2024-02-27T19:23:43","slug":"impronta","status":"publish","type":"page","link":"https:\/\/www.diotrol.com\/it\/impronta\/","title":{"rendered":"Impronta"},"content":{"rendered":"\t\t<div data-elementor-type=\"wp-page\" data-elementor-id=\"9663\" class=\"elementor elementor-9663 elementor-6044\" data-elementor-post-type=\"page\">\n\t\t\t\t<div class=\"elementor-element elementor-element-a51a7bf e-flex e-con-boxed e-con e-parent\" data-id=\"a51a7bf\" data-element_type=\"container\" data-e-type=\"container\" data-settings=\"{&quot;background_background&quot;:&quot;classic&quot;}\">\n\t\t\t\t\t<div class=\"e-con-inner\">\n\t\t\t\t<div class=\"elementor-element elementor-element-7fd3cfd5 elementor-widget elementor-widget-heading\" data-id=\"7fd3cfd5\" data-element_type=\"widget\" data-e-type=\"widget\" data-widget_type=\"heading.default\">\n\t\t\t\t<div class=\"elementor-widget-container\">\n\t\t\t\t\t<h1 class=\"elementor-heading-title elementor-size-default\">Impronta<\/h1>\t\t\t\t<\/div>\n\t\t\t\t<\/div>\n\t\t\t\t\t<\/div>\n\t\t\t\t<\/div>\n\t\t<div class=\"elementor-element elementor-element-e6127c5 e-flex e-con-boxed e-con e-parent\" data-id=\"e6127c5\" data-element_type=\"container\" data-e-type=\"container\" data-settings=\"{&quot;background_background&quot;:&quot;classic&quot;}\">\n\t\t\t\t\t<div class=\"e-con-inner\">\n\t\t\t\t<div class=\"elementor-element elementor-element-bac40d0 elementor-widget elementor-widget-text-editor\" data-id=\"bac40d0\" data-element_type=\"widget\" data-e-type=\"widget\" data-widget_type=\"text-editor.default\">\n\t\t\t\t<div class=\"elementor-widget-container\">\n\t\t\t\t\t\t\t\t\t<p><strong style=\"font-style: inherit; text-align: var(--text-align); background-color: var( --e-global-color-astglobalcolor5 ); color: var(--ast-global-color-2);\">Indirizzo di contatto<\/strong><br><\/p><p>Diotrol AG<br>Bodenackerstrasse 64<br>4657 Dulliken<br>Svizzera<\/p>\n<p>Telefono: +41 62 285 30 70<br>E-Mail: info@diotrol.com<\/p>\n<p><strong>Rappresentanti autorizzati<\/strong><br>Markus Hauert<br>AMMINISTRATORE DELEGATO<\/p>\n<p><strong>Iscrizione al registro delle imprese<\/strong><br>Nome della societ\u00e0 registrata: Diotrol AG<br>Firmennummer: CH-100.3.018.920-1<br>Ufficio del registro delle imprese: Klus-Balsthal<\/p>\n<p><strong>Numero di partita IVA<\/strong><br>CHE-107.159.180 IVA<\/p>\n<p><strong>Dichiarazione di non responsabilit\u00e0<\/strong><br>L&#8217;autore non si assume alcuna responsabilit\u00e0 in merito alla correttezza, all&#8217;accuratezza, all&#8217;attualit\u00e0, all&#8217;affidabilit\u00e0 e alla completezza delle informazioni.<\/p>\n<p>Le richieste di risarcimento per danni causati dall&#8217;uso delle informazioni fornite, comprese quelle incomplete o errate, saranno pertanto respinte. Sono esclusi i casi di mancato utilizzo delle informazioni pubblicate, di uso improprio della connessione o di guasti tecnici.<\/p>\n<p>Tutte le offerte non sono vincolanti. L&#8217;autore si riserva espressamente il diritto di modificare, integrare o cancellare parti delle pagine o l&#8217;intero sito web senza preavviso, o di interrompere temporaneamente o definitivamente la pubblicazione.<\/p>\n<p><strong>Responsabilit\u00e0 per i link<\/strong><br>I riferimenti e i link a siti web di terzi non rientrano nella nostra sfera di responsabilit\u00e0. Si declina ogni responsabilit\u00e0 per tali siti web. L&#8217;accesso e l&#8217;utilizzo di tali siti web \u00e8 a rischio dell&#8217;utente.<\/p>\n<p><strong>Copyright<\/strong><\/p>\n<p>I diritti d&#8217;autore e tutti gli altri diritti sui contenuti, le immagini, le foto o altri file del sito web appartengono esclusivamente a Diotrol AG o ai titolari ufficiali dei diritti. Per la riproduzione di qualsiasi elemento \u00e8 necessario ottenere preventivamente il consenso scritto dei titolari dei diritti d&#8217;autore.<\/p>\t\t\t\t\t\t\t\t<\/div>\n\t\t\t\t<\/div>\n\t\t\t\t\t<\/div>\n\t\t\t\t<\/div>\n\t\t\t\t<\/div>\n\t\t","protected":false},"excerpt":{"rendered":"<p>Impronta Indirizzo di contatto Diotrol AGBodenackerstrasse 644657 DullikenSvizzera Telefono: +41 62 285 30 70E-Mail: info@diotrol.com Rappresentanti autorizzatiMarkus HauertAMMINISTRATORE DELEGATO Iscrizione al registro delle impreseNome della societ\u00e0 registrata: Diotrol AGFirmennummer: CH-100.3.018.920-1Ufficio del registro delle imprese: Klus-Balsthal Numero di partita IVACHE-107.159.180 IVA Dichiarazione di non responsabilit\u00e0L&#8217;autore non si assume alcuna responsabilit\u00e0 in merito alla correttezza, all&#8217;accuratezza, all&#8217;attualit\u00e0, [&hellip;]<\/p>\n","protected":false},"author":1,"featured_media":0,"parent":0,"menu_order":0,"comment_status":"closed","ping_status":"closed","template":"","meta":{"site-sidebar-layout":"no-sidebar","site-content-layout":"page-builder","ast-site-content-layout":"default","site-content-style":"default","site-sidebar-style":"default","ast-global-header-display":"","ast-banner-title-visibility":"","ast-main-header-display":"","ast-hfb-above-header-display":"","ast-hfb-below-header-display":"","ast-hfb-mobile-header-display":"","site-post-title":"disabled","ast-breadcrumbs-content":"","ast-featured-img":"disabled","footer-sml-layout":"","theme-transparent-header-meta":"disabled","adv-header-id-meta":"","stick-header-meta":"","header-above-stick-meta":"","header-main-stick-meta":"","header-below-stick-meta":"","astra-migrate-meta-layouts":"default","ast-page-background-enabled":"default","ast-page-background-meta":{"desktop":{"background-color":"","background-image":"","background-repeat":"repeat","background-position":"center center","background-size":"auto","background-attachment":"scroll","background-type":"","background-media":"","overlay-type":"","overlay-color":"","overlay-opacity":"","overlay-gradient":""},"tablet":{"background-color":"","background-image":"","background-repeat":"repeat","background-position":"center center","background-size":"auto","background-attachment":"scroll","background-type":"","background-media":"","overlay-type":"","overlay-color":"","overlay-opacity":"","overlay-gradient":""},"mobile":{"background-color":"","background-image":"","background-repeat":"repeat","background-position":"center center","background-size":"auto","background-attachment":"scroll","background-type":"","background-media":"","overlay-type":"","overlay-color":"","overlay-opacity":"","overlay-gradient":""}},"ast-content-background-meta":{"desktop":{"background-color":"var(--ast-global-color-5)","background-image":"","background-repeat":"repeat","background-position":"center center","background-size":"auto","background-attachment":"scroll","background-type":"","background-media":"","overlay-type":"","overlay-color":"","overlay-opacity":"","overlay-gradient":""},"tablet":{"background-color":"var(--ast-global-color-5)","background-image":"","background-repeat":"repeat","background-position":"center center","background-size":"auto","background-attachment":"scroll","background-type":"","background-media":"","overlay-type":"","overlay-color":"","overlay-opacity":"","overlay-gradient":""},"mobile":{"background-color":"var(--ast-global-color-5)","background-image":"","background-repeat":"repeat","background-position":"center center","background-size":"auto","background-attachment":"scroll","background-type":"","background-media":"","overlay-type":"","overlay-color":"","overlay-opacity":"","overlay-gradient":""}},"footnotes":""},"class_list":["post-9663","page","type-page","status-publish","hentry"],"_links":{"self":[{"href":"https:\/\/www.diotrol.com\/it\/wp-json\/wp\/v2\/pages\/9663","targetHints":{"allow":["GET"]}}],"collection":[{"href":"https:\/\/www.diotrol.com\/it\/wp-json\/wp\/v2\/pages"}],"about":[{"href":"https:\/\/www.diotrol.com\/it\/wp-json\/wp\/v2\/types\/page"}],"author":[{"embeddable":true,"href":"https:\/\/www.diotrol.com\/it\/wp-json\/wp\/v2\/users\/1"}],"replies":[{"embeddable":true,"href":"https:\/\/www.diotrol.com\/it\/wp-json\/wp\/v2\/comments?post=9663"}],"version-history":[{"count":0,"href":"https:\/\/www.diotrol.com\/it\/wp-json\/wp\/v2\/pages\/9663\/revisions"}],"wp:attachment":[{"href":"https:\/\/www.diotrol.com\/it\/wp-json\/wp\/v2\/media?parent=9663"}],"curies":[{"name":"wp","href":"https:\/\/api.w.org\/{rel}","templated":true}]}}